{"id":7743,"date":"2026-04-08T16:19:10","date_gmt":"2026-04-08T16:19:10","guid":{"rendered":"https:\/\/wp.schwertzugvogel.org\/wordpress\/?page_id=7743"},"modified":"2026-04-08T16:39:30","modified_gmt":"2026-04-08T16:39:30","slug":"2026-termine-vorstand","status":"publish","type":"page","link":"https:\/\/wp.schwertzugvogel.org\/wordpress\/?page_id=7743","title":{"rendered":"2026 Termine Vorstand"},"content":{"rendered":"<div data-colibri-id=\"7743-c1\" class=\"style-2077 style-local-7743-c1 position-relative\">\n  <!---->\n  <div data-colibri-component=\"section\" data-colibri-id=\"7743-c2\" id=\"custom\" class=\"h-section h-section-global-spacing d-flex align-items-lg-center align-items-md-center align-items-center style-2078 style-local-7743-c2 position-relative\">\n    <!---->\n    <!---->\n    <div class=\"h-section-grid-container h-section-boxed-container\">\n      <!---->\n      <div data-colibri-id=\"7743-c26\" class=\"h-row-container gutters-row-lg-2 gutters-row-md-2 gutters-row-0 gutters-row-v-lg-2 gutters-row-v-md-2 gutters-row-v-2 style-2087 style-local-7743-c26 position-relative\">\n        <!---->\n        <div class=\"h-row justify-content-lg-center justify-content-md-center justify-content-center align-items-lg-stretch align-items-md-stretch align-items-stretch gutters-col-lg-2 gutters-col-md-2 gutters-col-0 gutters-col-v-lg-2 gutters-col-v-md-2 gutters-col-v-2\">\n          <!---->\n          <div class=\"h-column h-column-container d-flex h-col-lg-auto h-col-md-auto h-col-auto style-2088-outer style-local-7743-c27-outer\">\n            <div data-colibri-id=\"7743-c27\" class=\"d-flex h-flex-basis h-column__inner h-px-lg-2 h-px-md-2 h-px-2 v-inner-lg-2 v-inner-md-2 v-inner-2 style-2088 style-local-7743-c27 position-relative\">\n              <!---->\n              <!---->\n              <div class=\"w-100 h-y-container h-column__content h-column__v-align flex-basis-100 align-self-lg-start align-self-md-start align-self-start\">\n                <!---->\n                <div data-colibri-id=\"7743-c29\" class=\"h-text h-text-component style-2081 style-local-7743-c29 position-relative h-element\">\n                  <!---->\n                  <!---->\n                  <div class=\"\">\n                    <p><strong>Leinen los: Start in die Regattasaison!<\/strong><\/p>\n                    <p>Endlich ist es so weit: Der Winterschlaf ist vorbei, die Boote sind ausgelagert und&nbsp;frisch poliert und die Segel stehen auch schon bereit. Einige Vereine haben ihr Ansegeln bereits hinter sich und die neue Regattasaison steht\n                      in den Startl\u00f6chern.<\/p>\n                    <p>Die kommende Saison verspricht wieder packende Duelle auf dem Wasser, tolle Reviere, sch\u00f6nes Segeln und super Leute. Nach den Wettfahrten lassen wir die Tage gemeinsam am Steg oder im Clubhaus bei einem k\u00fchlen Getr\u00e4nk und guten Essen\n                      Revue passieren und genie\u00dfen eine sch\u00f6ne gemeinsame Zeit miteinander.<\/p>\n                    <p>Was erwartet uns in den kommenden Wochen?<\/p>\n                    <p>18\/19. April Hattinger Segeltage am Kemnader See<\/p>\n                    <p>25\/26. April Spargel Cup + LM NRW am Elfrather See<\/p>\n                    <p>1-3. Mai Mairegatta (Doppelregatta) am Toeppersee. Letzte Regatta vor den German Open<\/p>\n                    <p>14-17. Mai German Open am Steinhuder mit Vorregatta Silbener Schwertzugvogel<\/p>\n                    <p>16\/17. Mai Hansa Cup am Aasee in M\u00fcnster<\/p>\n                    <p>16\/17. Mai Zugspitzpokal am Staffelsee<\/p>\n                    <p>Alle Informationen zu den Regatten (Meldeportal, Ausschreibung, Segelanweisung) k\u00f6nnen unter manage2sail.com abgerufen werden.<\/p>\n                    <p>Die Vereine habe mit Ihren Vorbereitungen begonnen und freuen sich auf unser kommen. Also bitte Alle flei\u00dfig melden.<\/p>\n                    <p>Wir freuen uns darauf euch bei den Regatten zu sehen.<\/p>\n                    <p>Euer Vorstand<\/p>\n                    <p>\n                      <br>\n                    <\/p>\n                    <p>\n                      <br>\n                    <\/p>\n                  <\/div>\n                <\/div>\n              <\/div>\n            <\/div>\n          <\/div>\n        <\/div>\n      <\/div>\n      <div data-colibri-id=\"7743-c6\" class=\"h-row-container gutters-row-lg-2 gutters-row-md-2 gutters-row-0 gutters-row-v-lg-2 gutters-row-v-md-2 gutters-row-v-2 style-2082 style-local-7743-c6 position-relative\">\n        <!---->\n        <div class=\"h-row justify-content-lg-center justify-content-md-center justify-content-center align-items-lg-stretch align-items-md-stretch align-items-stretch gutters-col-lg-2 gutters-col-md-2 gutters-col-0 gutters-col-v-lg-2 gutters-col-v-md-2 gutters-col-v-2\">\n          <!---->\n          <div class=\"h-column h-column-container d-flex h-col-lg-auto h-col-md-auto h-col-auto style-2083-outer style-local-7743-c7-outer\">\n            <div data-colibri-id=\"7743-c7\" class=\"d-flex h-flex-basis h-column__inner h-px-lg-2 h-px-md-2 h-px-2 v-inner-lg-2 v-inner-md-2 v-inner-2 style-2083 style-local-7743-c7 position-relative\">\n              <!---->\n              <!---->\n              <div class=\"w-100 h-y-container h-column__content h-column__v-align flex-basis-100 align-self-lg-start align-self-md-start align-self-start\">\n                <!---->\n                <div data-colibri-id=\"7743-c8\" class=\"d-block style-2084 style-local-7743-c8 position-relative h-element\">\n                  <!---->\n                  <div class=\"h-image__frame-container-outer\">\n                    <a href=\"https:\/\/www.manage2sail.com\/de-DE\/event\/hattingersegeltage2026?tab=documents&amp;classId=35f7df19-c32a-45da-8168-38afea00f210#!\/onb?tab=documents&amp;classId=35f7df19-c32a-45da-8168-38afea00f210\" h-use-smooth-scroll=\"true\" class=\"image-link\">\n                      <div class=\"h-image__frame-container\">\n                        <!---->\n                        <!---->\n                        <img loading=\"lazy\" decoding=\"async\" width=\"566\" height=\"497\" src=\"https:\/\/wp.schwertzugvogel.org\/wordpress\/wp-content\/uploads\/2026\/03\/cropped-Hattinger-Segeltage-1.png\" class=\"wp-image-7710 style-2084-image style-local-7743-c8-image\" alt=\"\" srcset=\"https:\/\/wp.schwertzugvogel.org\/wordpress\/wp-content\/uploads\/2026\/03\/cropped-Hattinger-Segeltage-1.png 566w, https:\/\/wp.schwertzugvogel.org\/wordpress\/wp-content\/uploads\/2026\/03\/cropped-Hattinger-Segeltage-1-300x263.png 300w\" sizes=\"auto, (max-width: 566px) 100vw, 566px\" \/>\n                        <div class=\"h-image__frame h-hide-lg h-hide-md h-hide-sm style-2084-frameImage style-local-7743-c8-frameImage\"><\/div>\n                      <\/div>\n                    <\/a>\n                  <\/div>\n                <\/div>\n              <\/div>\n            <\/div>\n          <\/div>\n          <div class=\"h-column h-column-container d-flex h-col-lg-auto h-col-md-auto h-col-auto style-2085-outer style-local-7743-c9-outer\">\n            <div data-colibri-id=\"7743-c9\" class=\"d-flex h-flex-basis h-column__inner h-px-lg-2 h-px-md-2 h-px-2 v-inner-lg-2 v-inner-md-2 v-inner-2 style-2085 style-local-7743-c9 position-relative\">\n              <!---->\n              <!---->\n              <div class=\"w-100 h-y-container h-column__content h-column__v-align flex-basis-100 align-self-lg-start align-self-md-start align-self-start\">\n                <!---->\n                <div data-colibri-id=\"7743-c10\" class=\"h-text h-text-component style-2086 style-local-7743-c10 position-relative h-element\">\n                  <!---->\n                  <!---->\n                  <div class=\"\">\n                    <p>\n                      <br>\n                    <\/p>\n                    <p><span style=\"font-weight: 600;\">Neu im Kalender:&nbsp;18. und 19. April 2026,&nbsp;<\/span>\n                      <a href=\"https:\/\/www.manage2sail.com\/de-DE\/event\/hattingersegeltage2026?tab=documents&amp;classId=35f7df19-c32a-45da-8168-38afea00f210#!\/onb?tab=documents&amp;classId=35f7df19-c32a-45da-8168-38afea00f210\"\n                        target=\"_blank\" style=\"font-weight: 600; font-family: &quot;Open Sans&quot;; font-size: 1em; color: rgb(0, 102, 204);\" class=\"customize-unpreviewable\">Hattinger Segeltage<\/a><span style=\"font-weight: 600;\">&nbsp;auf dem Kemnader See, Kieler und Schwerter<\/span><\/p>\n                    <p>\n                      <br>\n                    <\/p>\n                  <\/div>\n                <\/div>\n              <\/div>\n            <\/div>\n          <\/div>\n        <\/div>\n      <\/div>\n      <div data-colibri-id=\"7743-c11\" class=\"h-row-container gutters-row-lg-2 gutters-row-md-2 gutters-row-0 gutters-row-v-lg-2 gutters-row-v-md-2 gutters-row-v-2 style-2082 style-local-7743-c11 position-relative\">\n        <!---->\n        <div class=\"h-row justify-content-lg-center justify-content-md-center justify-content-center align-items-lg-stretch align-items-md-stretch align-items-stretch gutters-col-lg-2 gutters-col-md-2 gutters-col-0 gutters-col-v-lg-2 gutters-col-v-md-2 gutters-col-v-2\">\n          <!---->\n          <div class=\"h-column h-column-container d-flex h-col-lg-auto h-col-md-auto h-col-auto style-2083-outer style-local-7743-c12-outer\">\n            <div data-colibri-id=\"7743-c12\" class=\"d-flex h-flex-basis h-column__inner h-px-lg-2 h-px-md-2 h-px-2 v-inner-lg-2 v-inner-md-2 v-inner-2 style-2083 style-local-7743-c12 position-relative\">\n              <!---->\n              <!---->\n              <div class=\"w-100 h-y-container h-column__content h-column__v-align flex-basis-100 align-self-lg-start align-self-md-start align-self-start\">\n                <!---->\n                <div data-colibri-id=\"7743-c13\" class=\"d-block style-2084 style-local-7743-c13 position-relative h-element\">\n                  <!---->\n                  <div class=\"h-image__frame-container-outer\">\n                    <a href=\"https:\/\/www.manage2sail.com\/de-DE\/event\/6ef60794-d7a1-45b8-878e-c2f356b0d208\/#!\" h-use-smooth-scroll=\"true\" class=\"image-link\">\n                      <div class=\"h-image__frame-container\">\n                        <!---->\n                        <!---->\n                        <img loading=\"lazy\" decoding=\"async\" width=\"120\" height=\"120\" src=\"https:\/\/wp.schwertzugvogel.org\/wordpress\/wp-content\/uploads\/2024\/03\/cropped-cropped-cropped-cropped-cropped-cropped-cropped-cropped-cropped-cropped-cropped-cropped-cropped-cropped-cropped-cropped-cropped-cropped-cropped-cropped-logo-1-1-2-1.png\"\n                          class=\"wp-image-7719 style-2084-image style-local-7743-c13-image\" alt=\"\" \/>\n                        <div class=\"h-image__frame h-hide-lg h-hide-md h-hide-sm style-2084-frameImage style-local-7743-c13-frameImage\"><\/div>\n                      <\/div>\n                    <\/a>\n                  <\/div>\n                <\/div>\n              <\/div>\n            <\/div>\n          <\/div>\n          <div class=\"h-column h-column-container d-flex h-col-lg-auto h-col-md-auto h-col-auto style-2085-outer style-local-7743-c14-outer\">\n            <div data-colibri-id=\"7743-c14\" class=\"d-flex h-flex-basis h-column__inner h-px-lg-2 h-px-md-2 h-px-2 v-inner-lg-2 v-inner-md-2 v-inner-2 style-2085 style-local-7743-c14 position-relative\">\n              <!---->\n              <!---->\n              <div class=\"w-100 h-y-container h-column__content h-column__v-align flex-basis-100 align-self-lg-start align-self-md-start align-self-start\">\n                <!---->\n                <div data-colibri-id=\"7743-c15\" class=\"h-text h-text-component style-2086 style-local-7743-c15 position-relative h-element\">\n                  <!---->\n                  <!---->\n                  <div class=\"\">\n                    <p>\n                      <br>\n                    <\/p>\n                    <p><span style=\"font-weight: 600;\">25. und 26. April 2026, Spargel Cup und <\/span>\n                      <a href=\"https:\/\/www.manage2sail.com\/de-DE\/event\/6ef60794-d7a1-45b8-878e-c2f356b0d208\/#!\" target=\"_blank\" style=\"font-weight: 600;\" class=\"customize-unpreviewable\"\n                        draggable=\"false\">Landesmeisterschaft NRW<\/a><span style=\"font-weight: 600;\">, Elfrather See<\/span><\/p>\n                    <p>\n                      <br>\n                    <\/p>\n                    <p>\n                      <br>\n                    <\/p>\n                  <\/div>\n                <\/div>\n              <\/div>\n            <\/div>\n          <\/div>\n        <\/div>\n      <\/div>\n      <div data-colibri-id=\"7743-c16\" class=\"h-row-container gutters-row-lg-2 gutters-row-md-2 gutters-row-0 gutters-row-v-lg-2 gutters-row-v-md-2 gutters-row-v-2 style-2082 style-local-7743-c16 position-relative\">\n        <!---->\n        <div class=\"h-row justify-content-lg-center justify-content-md-center justify-content-center align-items-lg-stretch align-items-md-stretch align-items-stretch gutters-col-lg-2 gutters-col-md-2 gutters-col-0 gutters-col-v-lg-2 gutters-col-v-md-2 gutters-col-v-2\">\n          <!---->\n          <div class=\"h-column h-column-container d-flex h-col-lg-auto h-col-md-auto h-col-auto style-2083-outer style-local-7743-c17-outer\">\n            <div data-colibri-id=\"7743-c17\" class=\"d-flex h-flex-basis h-column__inner h-px-lg-2 h-px-md-2 h-px-2 v-inner-lg-2 v-inner-md-2 v-inner-2 style-2083 style-local-7743-c17 position-relative\">\n              <!---->\n              <!---->\n              <div class=\"w-100 h-y-container h-column__content h-column__v-align flex-basis-100 align-self-lg-start align-self-md-start align-self-start\">\n                <!---->\n                <div data-colibri-id=\"7743-c18\" class=\"d-block style-2084 style-local-7743-c18 position-relative h-element\">\n                  <!---->\n                  <div class=\"h-image__frame-container-outer\">\n                    <a href=\"https:\/\/www.manage2sail.com\/de-DE\/event\/hattingersegeltage2026?tab=documents&amp;classId=35f7df19-c32a-45da-8168-38afea00f210#!\/onb?tab=documents&amp;classId=35f7df19-c32a-45da-8168-38afea00f210\" h-use-smooth-scroll=\"true\" class=\"image-link\">\n                      <div class=\"h-image__frame-container\">\n                        <!---->\n                        <!---->\n                        <img loading=\"lazy\" decoding=\"async\" width=\"109\" height=\"109\" src=\"https:\/\/wp.schwertzugvogel.org\/wordpress\/wp-content\/uploads\/2024\/04\/cropped-WRK-Logo-1.png\" class=\"wp-image-7734 style-2084-image style-local-7743-c18-image\" alt=\"\" \/>\n                        <div class=\"h-image__frame h-hide-lg h-hide-md h-hide-sm style-2084-frameImage style-local-7743-c18-frameImage\"><\/div>\n                      <\/div>\n                    <\/a>\n                  <\/div>\n                <\/div>\n              <\/div>\n            <\/div>\n          <\/div>\n          <div class=\"h-column h-column-container d-flex h-col-lg-auto h-col-md-auto h-col-auto style-2085-outer style-local-7743-c19-outer\">\n            <div data-colibri-id=\"7743-c19\" class=\"d-flex h-flex-basis h-column__inner h-px-lg-2 h-px-md-2 h-px-2 v-inner-lg-2 v-inner-md-2 v-inner-2 style-2085 style-local-7743-c19 position-relative\">\n              <!---->\n              <!---->\n              <div class=\"w-100 h-y-container h-column__content h-column__v-align flex-basis-100 align-self-lg-start align-self-md-start align-self-start\">\n                <!---->\n                <div data-colibri-id=\"7743-c20\" class=\"h-text h-text-component style-2086 style-local-7743-c20 position-relative h-element\">\n                  <!---->\n                  <!---->\n                  <div class=\"\">\n                    <p><span style=\"font-weight: 600;\">01. &#8211; 03. Mai 2026, Mairegatta, T\u00f6ppersee, WRK<\/span><\/p>\n                    <p><span style=\"font-weight: 600;\">Bitte beachten: Es sind 2 Regatten geplant!<\/span><\/p>\n                    <ol>\n                      <li>\n                        <a href=\"https:\/\/www.manage2sail.com\/de-DE\/event\/0227b314-42b7-4020-97a0-90f6cb0033e2\/#!\" target=\"_blank\" style=\"font-weight: 600;\" class=\"customize-unpreviewable\">Vorregatta<\/a><span style=\"font-weight: 600;\">, 01. und 02. Mai 2026 (bis 14:00 Uhr)<\/span><\/li>\n                      <li>\n                        <a href=\"https:\/\/www.manage2sail.com\/de-DE\/event\/cf136cd6-4f1a-4956-995b-f9f662515ed7\/#!\" style=\"font-weight: 600;\" target=\"_blank\">Mai Regatta<\/a><span style=\"font-weight: 600;\">,&nbsp;<\/span><span style=\"font-weight: 600; color: rgb(0, 0, 0); font-family: &quot;Open Sans&quot;; font-size: 16px;\">&nbsp;02. (ab 14:00 Uhr) und 03. Mai 2026<\/span><\/li>\n                    <\/ol>\n                    <p>\n                      <br>\n                    <\/p>\n                    <p>\n                      <br>\n                    <\/p>\n                  <\/div>\n                <\/div>\n              <\/div>\n            <\/div>\n          <\/div>\n        <\/div>\n      <\/div>\n      <div data-colibri-id=\"7743-c21\" class=\"h-row-container gutters-row-lg-2 gutters-row-md-2 gutters-row-0 gutters-row-v-lg-2 gutters-row-v-md-2 gutters-row-v-2 style-2082 style-local-7743-c21 position-relative\">\n        <!---->\n        <div class=\"h-row justify-content-lg-center justify-content-md-center justify-content-center align-items-lg-stretch align-items-md-stretch align-items-stretch gutters-col-lg-2 gutters-col-md-2 gutters-col-0 gutters-col-v-lg-2 gutters-col-v-md-2 gutters-col-v-2\">\n          <!---->\n          <div class=\"h-column h-column-container d-flex h-col-lg-auto h-col-md-auto h-col-auto style-2083-outer style-local-7743-c22-outer\">\n            <div data-colibri-id=\"7743-c22\" class=\"d-flex h-flex-basis h-column__inner h-px-lg-2 h-px-md-2 h-px-2 v-inner-lg-2 v-inner-md-2 v-inner-2 style-2083 style-local-7743-c22 position-relative\">\n              <!---->\n              <!---->\n              <div class=\"w-100 h-y-container h-column__content h-column__v-align flex-basis-100 align-self-lg-start align-self-md-start align-self-start\">\n                <!---->\n                <div data-colibri-id=\"7743-c23\" class=\"d-block style-2084 style-local-7743-c23 position-relative h-element\">\n                  <!---->\n                  <div class=\"h-image__frame-container-outer\">\n                    <a href=\"https:\/\/www.manage2sail.com\/de-DE\/event\/9aca5c85-2908-4c7a-a6c1-5f0e71597d2a\/#!\" h-use-smooth-scroll=\"true\" class=\"image-link\">\n                      <div class=\"h-image__frame-container\">\n                        <!---->\n                        <!---->\n                        <img loading=\"lazy\" decoding=\"async\" width=\"331\" height=\"273\" src=\"https:\/\/wp.schwertzugvogel.org\/wordpress\/wp-content\/uploads\/2026\/03\/cropped-cropped-Logo-2026-GO-Silb-SZV-LM-Sth-Teller-OK-Sth-Teller-Europe-klein.jpg\" class=\"wp-image-7711 style-2084-image style-local-7743-c23-image\" alt=\"\" srcset=\"https:\/\/wp.schwertzugvogel.org\/wordpress\/wp-content\/uploads\/2026\/03\/cropped-cropped-Logo-2026-GO-Silb-SZV-LM-Sth-Teller-OK-Sth-Teller-Europe-klein.jpg 331w, https:\/\/wp.schwertzugvogel.org\/wordpress\/wp-content\/uploads\/2026\/03\/cropped-cropped-Logo-2026-GO-Silb-SZV-LM-Sth-Teller-OK-Sth-Teller-Europe-klein-300x247.jpg 300w\" sizes=\"auto, (max-width: 331px) 100vw, 331px\" \/>\n                        <div class=\"h-image__frame h-hide-lg h-hide-md h-hide-sm style-2084-frameImage style-local-7743-c23-frameImage\"><\/div>\n                      <\/div>\n                    <\/a>\n                  <\/div>\n                <\/div>\n              <\/div>\n            <\/div>\n          <\/div>\n          <div class=\"h-column h-column-container d-flex h-col-lg-auto h-col-md-auto h-col-auto style-2085-outer style-local-7743-c24-outer\">\n            <div data-colibri-id=\"7743-c24\" class=\"d-flex h-flex-basis h-column__inner h-px-lg-2 h-px-md-2 h-px-2 v-inner-lg-2 v-inner-md-2 v-inner-2 style-2085 style-local-7743-c24 position-relative\">\n              <!---->\n              <!---->\n              <div class=\"w-100 h-y-container h-column__content h-column__v-align flex-basis-100 align-self-lg-start align-self-md-start align-self-start\">\n                <!---->\n                <div data-colibri-id=\"7743-c25\" class=\"h-text h-text-component style-2086 style-local-7743-c25 position-relative h-element\">\n                  <!---->\n                  <!---->\n                  <div class=\"\">\n                    <p>\n                      <br>\n                    <\/p>\n                    <p><span style=\"font-weight: 600;\">Ein H\u00f6hepunkt ist nat\u00fcrlich die German Open auf dem Steinhuder Meer. Wie im letzten Jahr, finden der &#8222;Silberne Schwertzugvogel&#8220; und die &#8222;German Open&#8220; am langen Himmelfahrt&#8217;s Wochenende (14. &#8211; 17. Mai 2026) statt. Die Vorbereitungen laufen auf Hochtouren. Weitere Details folgen. Hier geht&#8217;s zur&nbsp;<\/span>\n                      <a\n                        href=\"https:\/\/www.manage2sail.com\/de-DE\/event\/9aca5c85-2908-4c7a-a6c1-5f0e71597d2a\/#!\" style=\"font-weight: 600; font-family: &quot;Open Sans&quot;; font-size: 1em; color: rgb(0, 102, 204);\" class=\"customize-unpreviewable\" draggable=\"false\">Meldung<\/a><span style=\"font-weight: 600;\">.<\/span><\/p>\n                    <p>\n                      <br>\n                    <\/p>\n                  <\/div>\n                <\/div>\n              <\/div>\n            <\/div>\n          <\/div>\n        <\/div>\n      <\/div>\n    <\/div>\n  <\/div>\n<\/div>","protected":false},"excerpt":{"rendered":"<p>Leinen los: Start in die Regattasaison! Endlich ist es so weit: Der Winterschlaf ist vorbei, die Boote sind ausgelagert und&nbsp;frisch poliert und die Segel stehen auch schon bereit. Einige Vereine [&hellip;]<\/p>\n","protected":false},"author":1,"featured_media":0,"parent":0,"menu_order":0,"comment_status":"closed","ping_status":"closed","template":"page-templates\/full-width-page.php","meta":{"footnotes":""},"class_list":["post-7743","page","type-page","status-publish","hentry"],"_links":{"self":[{"href":"https:\/\/wp.schwertzugvogel.org\/wordpress\/index.php?rest_route=\/wp\/v2\/pages\/7743","targetHints":{"allow":["GET"]}}],"collection":[{"href":"https:\/\/wp.schwertzugvogel.org\/wordpress\/index.php?rest_route=\/wp\/v2\/pages"}],"about":[{"href":"https:\/\/wp.schwertzugvogel.org\/wordpress\/index.php?rest_route=\/wp\/v2\/types\/page"}],"author":[{"embeddable":true,"href":"https:\/\/wp.schwertzugvogel.org\/wordpress\/index.php?rest_route=\/wp\/v2\/users\/1"}],"replies":[{"embeddable":true,"href":"https:\/\/wp.schwertzugvogel.org\/wordpress\/index.php?rest_route=%2Fwp%2Fv2%2Fcomments&post=7743"}],"version-history":[{"count":4,"href":"https:\/\/wp.schwertzugvogel.org\/wordpress\/index.php?rest_route=\/wp\/v2\/pages\/7743\/revisions"}],"predecessor-version":[{"id":7768,"href":"https:\/\/wp.schwertzugvogel.org\/wordpress\/index.php?rest_route=\/wp\/v2\/pages\/7743\/revisions\/7768"}],"wp:attachment":[{"href":"https:\/\/wp.schwertzugvogel.org\/wordpress\/index.php?rest_route=%2Fwp%2Fv2%2Fmedia&parent=7743"}],"curies":[{"name":"wp","href":"https:\/\/api.w.org\/{rel}","templated":true}]}}