{"id":74,"date":"2024-03-19T21:55:00","date_gmt":"2024-03-19T21:55:00","guid":{"rendered":"https:\/\/wp.schwertzugvogel.org\/wordpress\/?page_id=74"},"modified":"2024-04-18T19:12:41","modified_gmt":"2024-04-18T19:12:41","slug":"impressum","status":"publish","type":"page","link":"https:\/\/wp.schwertzugvogel.org\/wordpress\/?page_id=74","title":{"rendered":"Impressum"},"content":{"rendered":"<div data-colibri-id=\"74-c1\" class=\"style-684 style-local-74-c1 position-relative\">\n  <!---->\n  <div data-colibri-component=\"section\" data-colibri-id=\"74-c2\" id=\"initial-content\" class=\"h-section h-section-global-spacing d-flex align-items-lg-center align-items-md-center align-items-center style-685 style-local-74-c2 position-relative\">\n    <!---->\n    <!---->\n    <div class=\"h-section-grid-container h-section-boxed-container\">\n      <!---->\n      <div data-colibri-id=\"74-c3\" class=\"h-row-container gutters-row-lg-2 gutters-row-md-2 gutters-row-0 gutters-row-v-lg-2 gutters-row-v-md-2 gutters-row-v-2 style-1107 style-local-74-c3 position-relative\">\n        <!---->\n        <div class=\"h-row justify-content-lg-center justify-content-md-center justify-content-center align-items-lg-stretch align-items-md-stretch align-items-stretch gutters-col-lg-2 gutters-col-md-2 gutters-col-0 gutters-col-v-lg-2 gutters-col-v-md-2 gutters-col-v-2\">\n          <!---->\n          <div class=\"h-column h-column-container d-flex h-col-lg-auto h-col-md-auto h-col-auto style-1109-outer style-local-74-c4-outer\">\n            <div data-colibri-id=\"74-c4\" class=\"d-flex h-flex-basis h-column__inner h-px-lg-2 h-px-md-2 h-px-2 v-inner-lg-2 v-inner-md-2 v-inner-2 style-1109 style-local-74-c4 position-relative\">\n              <!---->\n              <!---->\n              <div class=\"w-100 h-y-container h-column__content h-column__v-align flex-basis-100 align-self-lg-start align-self-md-start align-self-start\">\n                <!---->\n                <div data-colibri-id=\"74-c5\" class=\"h-text h-text-component style-1110 style-local-74-c5 position-relative h-element\">\n                  <!---->\n                  <!---->\n                  <div class=\"\">\n                    <p><strong style=\"font-weight: 700;\">Herausgeber<\/strong><\/p>\n                    <p>Schwertzugvogel-Vereinigung e.V.<\/p>\n                    <p>Vorsitzender: Benjamin Auerbach<\/p>\n                    <p>Verantwortlich: Schwertzugvogel-Vereinigung e.v.<\/p>\n                    <p>Email: erster@schwertzugvogel.org<\/p>\n                    <p>\n                      <br>\n                    <\/p>\n                    <p>Registereintrag:<\/p>\n                    <p>Eintragung im Vereinsregister.<\/p>\n                    <p>Registergericht: Amtsgericht Hamburg<\/p>\n                    <p>Registernummer: 9756<\/p>\n                    <p>\n                      <br>\n                    <\/p>\n                    <p><strong style=\"font-weight: 700;\">Haftungsausschluss<\/strong><\/p>\n                    <p>Die Informationen auf diesen Websites werden in unregelm\u00e4\u00dfigen Abst\u00e4nden \u00fcberpr\u00fcft und aktualisiert. Trotzdem kann keine Garantie daf\u00fcr \u00fcbernommen werden, dass alle Angaben jederzeit vollst\u00e4ndig, richtig und stets aktuell wiedergegeben\n                      werden. Das trifft insbesondere auf s\u00e4mtliche Verbindungen (&#8222;Links&#8220;) zu anderen, vor allem externen\/fremden Websites zu, auf welche direkt oder indirekt verwiesen wird. Alle Angaben k\u00f6nnen ohne vorherige Ank\u00fcndigung erg\u00e4nzt, entfernt\n                      oder ge\u00e4ndert werden. Alle auf dieser Website genannten Produktnamen, Produktbezeichnungen und Logos, die eingetragene Marken\/Warenzeichen darstellen bleiben Eigentum der jeweiligen Rechteinhaber. Ebenso werden Copyrights und sonstige\n                      Rechte auch ohne n\u00e4here Hinweise anerkannt. Im Zweifelsfall bitten wir um Nachricht, damit wir die Angelegenheit schnell kl\u00e4ren und eventuelle, unbeabsichtigte M\u00e4ngel abstellen k\u00f6nnen.<\/p>\n                    <p><strong style=\"font-weight: 700;\">Urheberrechtshinweis<\/strong><\/p>\n                    <p>Alle Inhalte und Strukturen dieser Website sind urheber- und leistungsschutzrechtlich gesch\u00fctzt. Die Ver\u00f6ffentlichung im World Wide Web oder in sonstigen Diensten des Internet bedeutet noch keine Einverst\u00e4ndniserkl\u00e4rung f\u00fcr eine anderweitige\n                      Nutzung durch Dritte.<\/p>\n                    <p>Wir erlauben und begr\u00fc\u00dfen ausdr\u00fccklich das Zitieren unserer Dokumente sowie das Setzen von Links auf unsere Website, solange kenntlich gemacht wird, dass es sich um Inhalte der Website der Schwertzugvogel Klassenvereinigung e.V. handelt\n                      und diese Inhalte nicht in Verbindung mit Inhalten Dritter gebracht werden, die den Interessen der Schwertzugvogel Klassenvereinigung widersprechen.<\/p>\n                    <p><strong style=\"font-weight: 700;\">Gewerbliche Schutzrechte<\/strong><\/p>\n                    <p>Alle innerhalb dieser Website genannten und ggf. durch Dritte gesch\u00fctzten Marken- und Warenzeichen unterliegen uneingeschr\u00e4nkt den Bestimmungen des jeweils g\u00fcltigen Kennzeichenrechts und den Besitzrechten der jeweiligen eingetragenen\n                      Eigent\u00fcmer.<\/p>\n                    <p>Allein aufgrund der blo\u00dfen Nennung ist nicht der Schluss zu ziehen, dass Markenzeichen nicht durch Rechte Dritter gesch\u00fctzt sind<\/p>\n                    <p><strong style=\"font-weight: 700;\">Links zu anderen Websites<\/strong><\/p>\n                    <p>Diese Website enth\u00e4lt Links zu externen Webseiten Dritter, auf deren Inhalte wir keinen Einfluss haben. Deshalb k\u00f6nnen wir f\u00fcr diese fremden Inhalte auch keine Gew\u00e4hr \u00fcbernehmen. F\u00fcr die Inhalte der verlinkten Seiten ist stets der\n                      jeweilige Anbieter oder Betreiber der Seiten verantwortlich. Die verlinkten Seiten wurden zum Zeitpunkt der Verlinkung auf m\u00f6gliche&nbsp;Rechtsverst\u00f6\u00dfe \u00fcberpr\u00fcft. Rechtswidrige Inhalte waren zum Zeitpunkt der Verlinkung nicht erkennbar.\n                      Eine permanente inhaltliche Kontrolle der verlinkten Seiten ist jedoch ohne konkrete Anhaltspunkte einer Rechtsverletzung nicht zumutbar. Bei Bekanntwerden von Rechtsverletzungen werden wir derartige Links umgehend entfernen.<\/p>\n                    <p><strong style=\"font-weight: 700;\">Datenschutz<\/strong><\/p>\n                    <p>Wir freuen uns sehr \u00fcber Ihr Interesse an der Schwertzugvogel Klassenvereinigung. Datenschutz hat einen besonders hohen Stellenwert f\u00fcr den Vorstand der Schwertzugvogel Klassenvereinigung e.V. .<\/p>\n                    <p>Die Nutzung unserer Webseite ist in der Regel ohne Angabe personenbezogener Daten m\u00f6glich. Soweit auf unseren Seiten personenbezogene Daten (beispielsweise Name, Anschrift oder eMail-Adressen) erhoben werden, erfolgt dies, soweit m\u00f6glich,\n                      stets auf freiwilliger Basis. Diese Daten werden ohne Ihre ausdr\u00fcckliche Zustimmung nicht an Dritte weitergegeben.<\/p>\n                    <p>Wir weisen darauf hin, dass die Daten\u00fcbertragung im Internet (z.B. bei der Kommunikation per E-Mail) Sicherheitsl\u00fccken aufweisen kann. Ein l\u00fcckenloser Schutz der Daten vor dem Zugriff durch Dritte ist nicht m\u00f6glich.<\/p>\n                    <p>Die Verarbeitung personenbezogener Daten, beispielsweise des Namens, der Anschrift, E-Mail-Adresse oder Telefonnummer einer betroffenen Person, erfolgt stets im Einklang mit der Datenschutz-Grundverordnung. Mittels dieser\n                      <a href=\"https:\/\/wp.schwertzugvogel.org\/wordpress?page_id=161\" target=\"_blank\" rel=\"noopener\">Datenschutzerkl\u00e4rung <\/a>m\u00f6chten wir die \u00d6ffentlichkeit \u00fcber Art, Umfang und Zweck der von uns erhobenen, genutzten und verarbeiteten personenbezogenen Daten informieren. Ferner werden betroffene Personen mittels dieser Datenschutzerkl\u00e4rung\n                      \u00fcber die ihnen zustehenden Rechte aufgekl\u00e4rt.<\/p>\n                    <p>Die Schwertzugvogel Klassenvereinigung e.V. hat als f\u00fcr die Verarbeitung Verantwortlicher zahlreiche technische und organisatorische Ma\u00dfnahmen umgesetzt, um einen m\u00f6glichst l\u00fcckenlosen Schutz der \u00fcber diese Internetseite verarbeiteten\n                      personenbezogenen Daten sicherzustellen. Dennoch k\u00f6nnen Internetbasierte Daten\u00fcbertragungen grunds\u00e4tzlich Sicherheitsl\u00fccken aufweisen, sodass ein absoluter Schutz nicht gew\u00e4hrleistet werden kann. Aus diesem Grund steht es jeder betroffenen\n                      Person frei, personenbezogene Daten auch auf alternativen Wegen, beispielsweise telefonisch, an uns zu \u00fcbermitteln.<\/p>\n                  <\/div>\n                <\/div>\n              <\/div>\n            <\/div>\n          <\/div>\n        <\/div>\n      <\/div>\n    <\/div>\n  <\/div>\n<\/div>","protected":false},"excerpt":{"rendered":"<p>Herausgeber Schwertzugvogel-Vereinigung e.V. Vorsitzender: Benjamin Auerbach Verantwortlich: Schwertzugvogel-Vereinigung e.v. Email: erster@schwertzugvogel.org Registereintrag: Eintragung im Vereinsregister. Registergericht: Amtsgericht Hamburg Registernummer: 9756 Haftungsausschluss Die Informationen auf diesen Websites werden in unregelm\u00e4\u00dfigen Abst\u00e4nden [&hellip;]<\/p>\n","protected":false},"author":1,"featured_media":0,"parent":0,"menu_order":0,"comment_status":"closed","ping_status":"closed","template":"page-templates\/full-width-page.php","meta":{"footnotes":""},"class_list":["post-74","page","type-page","status-publish","hentry"],"_links":{"self":[{"href":"https:\/\/wp.schwertzugvogel.org\/wordpress\/index.php?rest_route=\/wp\/v2\/pages\/74","targetHints":{"allow":["GET"]}}],"collection":[{"href":"https:\/\/wp.schwertzugvogel.org\/wordpress\/index.php?rest_route=\/wp\/v2\/pages"}],"about":[{"href":"https:\/\/wp.schwertzugvogel.org\/wordpress\/index.php?rest_route=\/wp\/v2\/types\/page"}],"author":[{"embeddable":true,"href":"https:\/\/wp.schwertzugvogel.org\/wordpress\/index.php?rest_route=\/wp\/v2\/users\/1"}],"replies":[{"embeddable":true,"href":"https:\/\/wp.schwertzugvogel.org\/wordpress\/index.php?rest_route=%2Fwp%2Fv2%2Fcomments&post=74"}],"version-history":[{"count":6,"href":"https:\/\/wp.schwertzugvogel.org\/wordpress\/index.php?rest_route=\/wp\/v2\/pages\/74\/revisions"}],"predecessor-version":[{"id":2271,"href":"https:\/\/wp.schwertzugvogel.org\/wordpress\/index.php?rest_route=\/wp\/v2\/pages\/74\/revisions\/2271"}],"wp:attachment":[{"href":"https:\/\/wp.schwertzugvogel.org\/wordpress\/index.php?rest_route=%2Fwp%2Fv2%2Fmedia&parent=74"}],"curies":[{"name":"wp","href":"https:\/\/api.w.org\/{rel}","templated":true}]}}