{"id":6955,"date":"2025-11-12T19:07:30","date_gmt":"2025-11-12T19:07:30","guid":{"rendered":"https:\/\/wp.schwertzugvogel.org\/wordpress\/?page_id=6955"},"modified":"2026-04-27T19:21:18","modified_gmt":"2026-04-27T19:21:18","slug":"verkauf-id-12","status":"publish","type":"page","link":"https:\/\/wp.schwertzugvogel.org\/wordpress\/?page_id=6955","title":{"rendered":"Verkauf ID 12"},"content":{"rendered":"<div data-colibri-id=\"3905-c1\" class=\"style-1492 style-local-3905-c1 position-relative\">\r\n  <!---->\r\n  <div data-colibri-component=\"section\" data-colibri-id=\"3905-c2\" id=\"custom\" class=\"h-section h-section-global-spacing d-flex align-items-lg-center align-items-md-center align-items-center style-1493 style-local-3905-c2 position-relative\">\r\n    <!---->\r\n    <!---->\r\n    <div class=\"h-section-grid-container h-section-boxed-container\">\r\n      <!---->\r\n      <div data-colibri-id=\"3905-c3\" class=\"h-row-container gutters-row-lg-2 gutters-row-md-2 gutters-row-0 gutters-row-v-lg-2 gutters-row-v-md-2 gutters-row-v-2 style-1494 style-local-3905-c3 position-relative\">\r\n        <!---->\r\n        <div class=\"h-row justify-content-lg-center justify-content-md-center justify-content-center align-items-lg-stretch align-items-md-stretch align-items-stretch gutters-col-lg-2 gutters-col-md-2 gutters-col-0 gutters-col-v-lg-2 gutters-col-v-md-2 gutters-col-v-2\">\r\n          <!---->\r\n          <div class=\"h-column h-column-container d-flex h-col-lg-auto h-col-md-auto h-col-auto style-1495-outer style-local-3905-c4-outer\">\r\n            <div data-colibri-id=\"3905-c4\" class=\"d-flex h-flex-basis h-column__inner h-px-lg-2 h-px-md-2 h-px-2 v-inner-lg-2 v-inner-md-2 v-inner-2 style-1495 style-local-3905-c4 position-relative\">\r\n              <!---->\r\n              <!---->\r\n              <div class=\"w-100 h-y-container h-column__content h-column__v-align flex-basis-100 align-self-lg-start align-self-md-start align-self-start\">\r\n                <!---->\r\n                <div data-colibri-id=\"3905-c6\" class=\"h-text h-text-component style-1900 style-local-3905-c6 position-relative h-element\">\r\n                  <!---->\r\n                  <!---->\r\n                  <div class=\"\">\r\n                    <p>Wir bieten unseren Schwertzugvogel zum Verkauf an. Das Boot hat einen GfK-Rumpf, ein Holzdeck, Aluminium-Mast sowie Genua und Gro\u00dfsegel in gutem Zustand. Holzarbeiten sind n\u00f6tig. Der Verkauf erfolgt inklusive Trailer.<\/p>\r\n                    <p>Technische Daten<\/p>\r\n                    <p>Bootsmodell: Schwert-Zugvogel<\/p>\r\n                    <p>\u2022 Rumpf: GfK; Deck: Holz<\/p>\r\n                    <p>\u2022 Mast: Aluminium<\/p>\r\n                    <p>\u2022 Segel: Gro\u00dfsegel &amp; Genua in gutem Zustand<\/p>\r\n                    <p>\u2022 Zustand: Holzdeck und Teile (Holz) ben\u00f6tigen Pflege<\/p>\r\n                    <p>\u2022 Trailer: Inklusive, fahrbereit, T\u00dcV bis Oktober 2026.<\/p>\r\n                    <p>\r\n                      <br>\r\n                    <\/p>\r\n                    <p>Typische Merkmale:<\/p>\r\n                    <p>\u2022 L\u00e4nge ca. 5,80 m, Breite ca. 1,88 m<\/p>\r\n                    <p>\u2022 Tiefgang variabel (~ 0,25 m ohne Schwert \/ ~ 1,10 m mit Schwert)<\/p>\r\n                    <p>\u2022 Segelfl\u00e4che ca. 18 m\u00b2 (Gro\u00df + Genua)<\/p>\r\n                    <p>\u2022 Gutm\u00fctiges Handling, auch f\u00fcr weniger erfahrene Segler; Regatta-Einsatz m\u00f6glich aber auch ideal f\u00fcr Wander- und Freizeitsegeln.<\/p>\r\n                    <p>\r\n                      <br>\r\n                    <\/p>\r\n                    <p>Preis: VB 1200,- Euro.<\/p>\r\n                    <p>\r\n                      <br>\r\n                    <\/p>\r\n                    <p>Besichtigung nach Absprache in Simmerath.<\/p>\r\n                    <p>Kontakt: Lothar Richter<\/p>\r\n                    <p>Tel.: 02484\/1551 oder 015737717240<\/p>\r\n                    <p>Mail: lothar.richter@segelclubknapsack.de<\/p>\r\n                    <p>\r\n                      <br>\r\n                    <\/p>\r\n                  <\/div>\r\n                <\/div>\r\n                <div data-colibri-component=\"\" data-colibri-id=\"3905-c7\" class=\"h-photo-gallery margin-none caption-none style-1901 style-local-3905-c7 position-relative h-element\">\r\n                  <!---->\r\n                  <div class=\"h-global-transition-all\"><div id='colibri-3905-c7' class='gallery-wrapper'>    <style type=\"text\/css\">\n\n        @media (min-width: 1023px) {        #colibri-3905-c7        dl {\n            float: left;\n            width: 50% !important;\n            max-width: 50% !important;\n            min-width: 50% !important;\n        }\n\n        #colibri-3905-c7        dl:nth-of-type(2n +1 ) {\n            clear: both;\n        }\n\n        }@media (min-width: 768px) and (max-width: 1023px) {        #colibri-3905-c7        dl {\n            float: left;\n            width: 50% !important;\n            max-width: 50% !important;\n            min-width: 50% !important;\n        }\n\n        #colibri-3905-c7        dl:nth-of-type(2n +1 ) {\n            clear: both;\n        }\n\n        }@media (max-width: 767px) {        #colibri-3905-c7        dl {\n            float: left;\n            width: 50% !important;\n            max-width: 50% !important;\n            min-width: 50% !important;\n        }\n\n        #colibri-3905-c7        dl:nth-of-type(2n +1 ) {\n            clear: both;\n        }\n\n        }\n        #colibri-3905-c7        .gallery-item {\n            position: relative;\n        }\n\n        \n    <\/style>\n    <div   class='colibri-3905-c7-dls-wrapper gallery-items-wrapper' ><dl class='gallery-item masonry-item'>\n\t\t\t<dt class='gallery-icon landscape'>\n\t\t\t\t<img loading=\"lazy\" decoding=\"async\"  width=\"300\" height=\"225\" src=\"https:\/\/wp.schwertzugvogel.org\/wordpress\/wp-content\/uploads\/2025\/09\/DSCI0831-300x225.jpg\"  class='colibri-3905-c7-image' alt=\"\" srcset=\"https:\/\/wp.schwertzugvogel.org\/wordpress\/wp-content\/uploads\/2025\/09\/DSCI0831-300x225.jpg 300w, https:\/\/wp.schwertzugvogel.org\/wordpress\/wp-content\/uploads\/2025\/09\/DSCI0831-1024x768.jpg 1024w, https:\/\/wp.schwertzugvogel.org\/wordpress\/wp-content\/uploads\/2025\/09\/DSCI0831-768x576.jpg 768w, https:\/\/wp.schwertzugvogel.org\/wordpress\/wp-content\/uploads\/2025\/09\/DSCI0831-1536x1152.jpg 1536w, https:\/\/wp.schwertzugvogel.org\/wordpress\/wp-content\/uploads\/2025\/09\/DSCI0831.jpg 1632w\" sizes=\"auto, (max-width: 300px) 100vw, 300px\" \/>\n\t\t\t<\/dt><\/dl><dl class='gallery-item masonry-item'>\n\t\t\t<dt class='gallery-icon landscape'>\n\t\t\t\t<img loading=\"lazy\" decoding=\"async\"  width=\"300\" height=\"225\" src=\"https:\/\/wp.schwertzugvogel.org\/wordpress\/wp-content\/uploads\/2025\/09\/DSCI0829-300x225.jpg\"  class='colibri-3905-c7-image' alt=\"\" srcset=\"https:\/\/wp.schwertzugvogel.org\/wordpress\/wp-content\/uploads\/2025\/09\/DSCI0829-300x225.jpg 300w, https:\/\/wp.schwertzugvogel.org\/wordpress\/wp-content\/uploads\/2025\/09\/DSCI0829-1024x768.jpg 1024w, https:\/\/wp.schwertzugvogel.org\/wordpress\/wp-content\/uploads\/2025\/09\/DSCI0829-768x576.jpg 768w, https:\/\/wp.schwertzugvogel.org\/wordpress\/wp-content\/uploads\/2025\/09\/DSCI0829-1536x1152.jpg 1536w, https:\/\/wp.schwertzugvogel.org\/wordpress\/wp-content\/uploads\/2025\/09\/DSCI0829.jpg 1632w\" sizes=\"auto, (max-width: 300px) 100vw, 300px\" \/>\n\t\t\t<\/dt><\/dl><dl class='gallery-item masonry-item'>\n\t\t\t<dt class='gallery-icon portrait'>\n\t\t\t\t<img loading=\"lazy\" decoding=\"async\"  width=\"225\" height=\"300\" src=\"https:\/\/wp.schwertzugvogel.org\/wordpress\/wp-content\/uploads\/2025\/09\/DSCI0827-225x300.jpg\"  class='colibri-3905-c7-image' alt=\"\" srcset=\"https:\/\/wp.schwertzugvogel.org\/wordpress\/wp-content\/uploads\/2025\/09\/DSCI0827-225x300.jpg 225w, https:\/\/wp.schwertzugvogel.org\/wordpress\/wp-content\/uploads\/2025\/09\/DSCI0827-768x1024.jpg 768w, https:\/\/wp.schwertzugvogel.org\/wordpress\/wp-content\/uploads\/2025\/09\/DSCI0827-1152x1536.jpg 1152w, https:\/\/wp.schwertzugvogel.org\/wordpress\/wp-content\/uploads\/2025\/09\/DSCI0827.jpg 1224w\" sizes=\"auto, (max-width: 225px) 100vw, 225px\" \/>\n\t\t\t<\/dt><\/dl><dl class='gallery-item masonry-item'>\n\t\t\t<dt class='gallery-icon landscape'>\n\t\t\t\t<img loading=\"lazy\" decoding=\"async\"  width=\"300\" height=\"225\" src=\"https:\/\/wp.schwertzugvogel.org\/wordpress\/wp-content\/uploads\/2025\/09\/DSCI0826-300x225.jpg\"  class='colibri-3905-c7-image' alt=\"\" srcset=\"https:\/\/wp.schwertzugvogel.org\/wordpress\/wp-content\/uploads\/2025\/09\/DSCI0826-300x225.jpg 300w, https:\/\/wp.schwertzugvogel.org\/wordpress\/wp-content\/uploads\/2025\/09\/DSCI0826-1024x768.jpg 1024w, https:\/\/wp.schwertzugvogel.org\/wordpress\/wp-content\/uploads\/2025\/09\/DSCI0826-768x576.jpg 768w, https:\/\/wp.schwertzugvogel.org\/wordpress\/wp-content\/uploads\/2025\/09\/DSCI0826-1536x1152.jpg 1536w, https:\/\/wp.schwertzugvogel.org\/wordpress\/wp-content\/uploads\/2025\/09\/DSCI0826.jpg 1632w\" sizes=\"auto, (max-width: 300px) 100vw, 300px\" \/>\n\t\t\t<\/dt><\/dl><dl class='gallery-item masonry-item'>\n\t\t\t<dt class='gallery-icon landscape'>\n\t\t\t\t<img loading=\"lazy\" decoding=\"async\"  width=\"300\" height=\"225\" src=\"https:\/\/wp.schwertzugvogel.org\/wordpress\/wp-content\/uploads\/2025\/09\/20250831_145043-300x225.jpg\"  class='colibri-3905-c7-image' alt=\"\" srcset=\"https:\/\/wp.schwertzugvogel.org\/wordpress\/wp-content\/uploads\/2025\/09\/20250831_145043-300x225.jpg 300w, https:\/\/wp.schwertzugvogel.org\/wordpress\/wp-content\/uploads\/2025\/09\/20250831_145043-1024x768.jpg 1024w, https:\/\/wp.schwertzugvogel.org\/wordpress\/wp-content\/uploads\/2025\/09\/20250831_145043-768x576.jpg 768w, https:\/\/wp.schwertzugvogel.org\/wordpress\/wp-content\/uploads\/2025\/09\/20250831_145043-1536x1152.jpg 1536w, https:\/\/wp.schwertzugvogel.org\/wordpress\/wp-content\/uploads\/2025\/09\/20250831_145043.jpg 2040w\" sizes=\"auto, (max-width: 300px) 100vw, 300px\" \/>\n\t\t\t<\/dt><\/dl><dl class='gallery-item masonry-item'>\n\t\t\t<dt class='gallery-icon portrait'>\n\t\t\t\t<img loading=\"lazy\" decoding=\"async\"  width=\"225\" height=\"300\" src=\"https:\/\/wp.schwertzugvogel.org\/wordpress\/wp-content\/uploads\/2025\/09\/20250903_215956-225x300.jpg\"  class='colibri-3905-c7-image' alt=\"\" srcset=\"https:\/\/wp.schwertzugvogel.org\/wordpress\/wp-content\/uploads\/2025\/09\/20250903_215956-225x300.jpg 225w, https:\/\/wp.schwertzugvogel.org\/wordpress\/wp-content\/uploads\/2025\/09\/20250903_215956-768x1024.jpg 768w, https:\/\/wp.schwertzugvogel.org\/wordpress\/wp-content\/uploads\/2025\/09\/20250903_215956-1152x1536.jpg 1152w, https:\/\/wp.schwertzugvogel.org\/wordpress\/wp-content\/uploads\/2025\/09\/20250903_215956.jpg 1530w\" sizes=\"auto, (max-width: 225px) 100vw, 225px\" \/>\n\t\t\t<\/dt><\/dl><dl class='gallery-item masonry-item'>\n\t\t\t<dt class='gallery-icon portrait'>\n\t\t\t\t<img loading=\"lazy\" decoding=\"async\"  width=\"225\" height=\"300\" src=\"https:\/\/wp.schwertzugvogel.org\/wordpress\/wp-content\/uploads\/2025\/09\/20250831_143231-225x300.jpg\"  class='colibri-3905-c7-image' alt=\"\" srcset=\"https:\/\/wp.schwertzugvogel.org\/wordpress\/wp-content\/uploads\/2025\/09\/20250831_143231-225x300.jpg 225w, https:\/\/wp.schwertzugvogel.org\/wordpress\/wp-content\/uploads\/2025\/09\/20250831_143231-768x1024.jpg 768w, https:\/\/wp.schwertzugvogel.org\/wordpress\/wp-content\/uploads\/2025\/09\/20250831_143231-1152x1536.jpg 1152w, https:\/\/wp.schwertzugvogel.org\/wordpress\/wp-content\/uploads\/2025\/09\/20250831_143231.jpg 1530w\" sizes=\"auto, (max-width: 225px) 100vw, 225px\" \/>\n\t\t\t<\/dt><\/dl><dl class='gallery-item masonry-item'>\n\t\t\t<dt class='gallery-icon portrait'>\n\t\t\t\t<img loading=\"lazy\" decoding=\"async\"  width=\"225\" height=\"300\" src=\"https:\/\/wp.schwertzugvogel.org\/wordpress\/wp-content\/uploads\/2025\/09\/20250831_143216-225x300.jpg\"  class='colibri-3905-c7-image' alt=\"\" srcset=\"https:\/\/wp.schwertzugvogel.org\/wordpress\/wp-content\/uploads\/2025\/09\/20250831_143216-225x300.jpg 225w, https:\/\/wp.schwertzugvogel.org\/wordpress\/wp-content\/uploads\/2025\/09\/20250831_143216-768x1024.jpg 768w, https:\/\/wp.schwertzugvogel.org\/wordpress\/wp-content\/uploads\/2025\/09\/20250831_143216-1152x1536.jpg 1152w, https:\/\/wp.schwertzugvogel.org\/wordpress\/wp-content\/uploads\/2025\/09\/20250831_143216.jpg 1530w\" sizes=\"auto, (max-width: 225px) 100vw, 225px\" \/>\n\t\t\t<\/dt><\/dl>\n\t\t<\/div>\n<style>#colibri-3905-c7 .wp-caption-text.gallery-caption{display:none;}<\/style><\/div><\/div>\r\n                <\/div>\r\n              <\/div>\r\n            <\/div>\r\n          <\/div>\r\n        <\/div>\r\n      <\/div>\r\n    <\/div>\r\n  <\/div>\r\n<\/div>","protected":false},"excerpt":{"rendered":"<p>Wir bieten unseren Schwertzugvogel zum Verkauf an. Das Boot hat einen GfK-Rumpf, ein Holzdeck, Aluminium-Mast sowie Genua und Gro\u00dfsegel in gutem Zustand. Holzarbeiten sind n\u00f6tig. Der Verkauf erfolgt inklusive Trailer. [&hellip;]<\/p>\n","protected":false},"author":1,"featured_media":0,"parent":0,"menu_order":0,"comment_status":"closed","ping_status":"closed","template":"page-templates\/full-width-page.php","meta":{"footnotes":""},"class_list":["post-6955","page","type-page","status-publish","hentry"],"_links":{"self":[{"href":"https:\/\/wp.schwertzugvogel.org\/wordpress\/index.php?rest_route=\/wp\/v2\/pages\/6955","targetHints":{"allow":["GET"]}}],"collection":[{"href":"https:\/\/wp.schwertzugvogel.org\/wordpress\/index.php?rest_route=\/wp\/v2\/pages"}],"about":[{"href":"https:\/\/wp.schwertzugvogel.org\/wordpress\/index.php?rest_route=\/wp\/v2\/types\/page"}],"author":[{"embeddable":true,"href":"https:\/\/wp.schwertzugvogel.org\/wordpress\/index.php?rest_route=\/wp\/v2\/users\/1"}],"replies":[{"embeddable":true,"href":"https:\/\/wp.schwertzugvogel.org\/wordpress\/index.php?rest_route=%2Fwp%2Fv2%2Fcomments&post=6955"}],"version-history":[{"count":1,"href":"https:\/\/wp.schwertzugvogel.org\/wordpress\/index.php?rest_route=\/wp\/v2\/pages\/6955\/revisions"}],"predecessor-version":[{"id":6983,"href":"https:\/\/wp.schwertzugvogel.org\/wordpress\/index.php?rest_route=\/wp\/v2\/pages\/6955\/revisions\/6983"}],"wp:attachment":[{"href":"https:\/\/wp.schwertzugvogel.org\/wordpress\/index.php?rest_route=%2Fwp%2Fv2%2Fmedia&parent=6955"}],"curies":[{"name":"wp","href":"https:\/\/api.w.org\/{rel}","templated":true}]}}