{"id":6441,"date":"2025-08-15T15:02:23","date_gmt":"2025-08-15T15:02:23","guid":{"rendered":"https:\/\/wp.schwertzugvogel.org\/wordpress\/?page_id=6441"},"modified":"2025-08-15T15:11:51","modified_gmt":"2025-08-15T15:11:51","slug":"verkauf-id-2","status":"publish","type":"page","link":"https:\/\/wp.schwertzugvogel.org\/wordpress\/?page_id=6441","title":{"rendered":"Verkauf ID 2"},"content":{"rendered":"<div data-colibri-id=\"6441-c1\" class=\"style-1874 style-local-6441-c1 position-relative\">\n  <!---->\n  <div data-colibri-component=\"section\" data-colibri-id=\"6441-c2\" id=\"custom\" class=\"h-section h-section-global-spacing d-flex align-items-lg-center align-items-md-center align-items-center style-1875 style-local-6441-c2 position-relative\">\n    <!---->\n    <!---->\n    <div class=\"h-section-grid-container h-section-boxed-container\">\n      <!---->\n      <div data-colibri-id=\"6441-c3\" class=\"h-row-container gutters-row-lg-2 gutters-row-md-2 gutters-row-0 gutters-row-v-lg-2 gutters-row-v-md-2 gutters-row-v-2 style-1876 style-local-6441-c3 position-relative\">\n        <!---->\n        <div class=\"h-row justify-content-lg-center justify-content-md-center justify-content-center align-items-lg-stretch align-items-md-stretch align-items-stretch gutters-col-lg-2 gutters-col-md-2 gutters-col-0 gutters-col-v-lg-2 gutters-col-v-md-2 gutters-col-v-2\">\n          <!---->\n          <div class=\"h-column h-column-container d-flex h-col-lg-auto h-col-md-auto h-col-auto style-1877-outer style-local-6441-c4-outer\">\n            <div data-colibri-id=\"6441-c4\" class=\"d-flex h-flex-basis h-column__inner h-px-lg-2 h-px-md-2 h-px-2 v-inner-lg-2 v-inner-md-2 v-inner-2 style-1877 style-local-6441-c4 position-relative\">\n              <!---->\n              <!---->\n              <div class=\"w-100 h-y-container h-column__content h-column__v-align flex-basis-100 align-self-lg-start align-self-md-start align-self-start\">\n                <!---->\n                <div data-colibri-id=\"6441-c5\" class=\"h-text h-text-component style-1878 style-local-6441-c5 position-relative h-element\">\n                  <!---->\n                  <!---->\n                  <div class=\"\">\n                    <h3><strong>Segelboot SZV (Baujahr 1969) \u2013 Zeitloser Klassiker in Top-Zustand<\/strong><\/h3>\n                    <p>Ein echtes Liebhaberst\u00fcck sucht einen neuen Besitzer:\n                      <br> Diese wundersch\u00f6ne SZV aus dem Jahr 1969 wurde 2021 aufwendig \u00fcberholt und begeistert durch ihren klassischen Charme und ihre hervorragende Pflege.<\/p>\n                    <p>Das edle Holzoberdeck sowie der Innenausbau wurden neu lackiert und strahlen in frischem Glanz. Der Holz-Mast und -Baum (2024) wurden aufwendig 7-fach gestrichen \u2013 wie neu!<\/p>\n                    <p>Ausgestattet mit Gro\u00df- und Vorsegel, Persenning, Badeleiter, sowie diversem Zubeh\u00f6r, ist das Boot&nbsp;<strong>sofort segelbereit<\/strong>. Der Unterwasseranstrich wurde ebenfalls 2024 erneuert. Das Boot ist absolut dicht.<\/p>\n                    <p>Ein passender Hafentrailer ist im Angebot enthalten. Der Elektromotor kann bei Interesse separat erworben werden.<\/p>\n                    <p><strong>Besonderheiten:<\/strong><\/p>\n                    <ul>\n                      <li>Baujahr 1969, komplett \u00fcberholt 2021<\/li>\n                      <li>Holz-Mast und -Baum aus 2024, mehrfach lackiert<\/li>\n                      <li>Klassisches Holzoberdeck und Innenausbau<\/li>\n                      <li>Unterwasseranstrich neu 2024<\/li>\n                      <li>Gro\u00df- und Vorsegel, Persenning &amp; Zubeh\u00f6r<\/li>\n                      <li>Inklusive Hafentrailer<\/li>\n                      <li><strong>Liegeplatz war am Starnberger See<\/strong><\/li>\n                    <\/ul>\n                    <p><span class=\"ql-cursor\">\ufeff<\/span>Verkaufspreis 2490,00 \u20ac VB<\/p>\n                    <p>J\u00f6rg Stankewitz<\/p>\n                    <p>MAIL&nbsp;&nbsp;&nbsp;&nbsp;\n                      <a href=\"mailto:JS@franchise-galerie.de\">JS@franchise-galerie.de<\/a>\n                      <br>&nbsp;\n                      <br> PHONE&nbsp;&nbsp;+ 49 89 7194577\n                      <br>\n                      <br> MOBILE&nbsp;+ 49 176 578 432 77<\/p>\n                    <p>\n                      <br>\n                    <\/p>\n                  <\/div>\n                <\/div>\n              <\/div>\n            <\/div>\n          <\/div>\n        <\/div>\n      <\/div>\n      <div data-colibri-id=\"6441-c6\" class=\"h-row-container gutters-row-lg-2 gutters-row-md-2 gutters-row-0 gutters-row-v-lg-2 gutters-row-v-md-2 gutters-row-v-2 style-1879 style-local-6441-c6 position-relative\">\n        <!---->\n        <div class=\"h-row justify-content-lg-center justify-content-md-center justify-content-center align-items-lg-stretch align-items-md-stretch align-items-stretch gutters-col-lg-2 gutters-col-md-2 gutters-col-0 gutters-col-v-lg-2 gutters-col-v-md-2 gutters-col-v-2\">\n          <!---->\n          <div class=\"h-column h-column-container d-flex h-col-lg-auto h-col-md-auto h-col-auto style-1880-outer style-local-6441-c7-outer\">\n            <div data-colibri-id=\"6441-c7\" class=\"d-flex h-flex-basis h-column__inner h-px-lg-2 h-px-md-2 h-px-2 v-inner-lg-2 v-inner-md-2 v-inner-2 style-1880 style-local-6441-c7 position-relative\">\n              <!---->\n              <!---->\n              <div class=\"w-100 h-y-container h-column__content h-column__v-align flex-basis-100 align-self-lg-start align-self-md-start align-self-start\">\n                <!---->\n                <div data-colibri-component=\"masonry\" data-colibri-id=\"6441-c8\" class=\"h-photo-gallery margin-none caption-displayTrue caption-vertical-align-top style-1881 style-local-6441-c8 position-relative h-element\">\n                  <!---->\n                  <div class=\"h-global-transition-all\"><div id='colibri-6441-c8' class='gallery-wrapper'>    <style type=\"text\/css\">\n\n        @media (min-width: 1023px) {        #colibri-6441-c8        dl {\n            float: left;\n            width: 33.333333333333% !important;\n            max-width: 33.333333333333% !important;\n            min-width: 33.333333333333% !important;\n        }\n\n        #colibri-6441-c8        dl:nth-of-type(3n +1 ) {\n            clear: both;\n        }\n\n        }@media (min-width: 768px) and (max-width: 1023px) {        #colibri-6441-c8        dl {\n            float: left;\n            width: 33.333333333333% !important;\n            max-width: 33.333333333333% !important;\n            min-width: 33.333333333333% !important;\n        }\n\n        #colibri-6441-c8        dl:nth-of-type(3n +1 ) {\n            clear: both;\n        }\n\n        }@media (max-width: 767px) {        #colibri-6441-c8        dl {\n            float: left;\n            width: 33.333333333333% !important;\n            max-width: 33.333333333333% !important;\n            min-width: 33.333333333333% !important;\n        }\n\n        #colibri-6441-c8        dl:nth-of-type(3n +1 ) {\n            clear: both;\n        }\n\n        }\n        #colibri-6441-c8        .gallery-item {\n            position: relative;\n        }\n\n        \n    <\/style>\n    <div   class='colibri-6441-c8-dls-wrapper gallery-items-wrapper' ><dl class='gallery-item masonry-item'>\n\t\t\t<dt class='gallery-icon landscape'>\n\t\t\t\t<a data-fancybox=\"colibri-6441-c8-group\" href='https:\/\/wp.schwertzugvogel.org\/wordpress\/wp-content\/uploads\/2025\/08\/cropped-IMG_3539.jpg'><img loading=\"lazy\" decoding=\"async\"  width=\"300\" height=\"245\" src=\"https:\/\/wp.schwertzugvogel.org\/wordpress\/wp-content\/uploads\/2025\/08\/cropped-IMG_3539-300x245.jpg\"  class='colibri-6441-c8-image' alt=\"\" srcset=\"https:\/\/wp.schwertzugvogel.org\/wordpress\/wp-content\/uploads\/2025\/08\/cropped-IMG_3539-300x245.jpg 300w, https:\/\/wp.schwertzugvogel.org\/wordpress\/wp-content\/uploads\/2025\/08\/cropped-IMG_3539-1024x838.jpg 1024w, https:\/\/wp.schwertzugvogel.org\/wordpress\/wp-content\/uploads\/2025\/08\/cropped-IMG_3539-768x628.jpg 768w, https:\/\/wp.schwertzugvogel.org\/wordpress\/wp-content\/uploads\/2025\/08\/cropped-IMG_3539-1536x1257.jpg 1536w, https:\/\/wp.schwertzugvogel.org\/wordpress\/wp-content\/uploads\/2025\/08\/cropped-IMG_3539.jpg 1980w\" sizes=\"auto, (max-width: 300px) 100vw, 300px\" \/><\/a>\n\t\t\t<\/dt><\/dl><dl class='gallery-item masonry-item'>\n\t\t\t<dt class='gallery-icon portrait'>\n\t\t\t\t<a data-fancybox=\"colibri-6441-c8-group\" href='https:\/\/wp.schwertzugvogel.org\/wordpress\/wp-content\/uploads\/2025\/08\/IMG_3543.jpg'><img loading=\"lazy\" decoding=\"async\"  width=\"225\" height=\"300\" src=\"https:\/\/wp.schwertzugvogel.org\/wordpress\/wp-content\/uploads\/2025\/08\/IMG_3543-225x300.jpg\"  class='colibri-6441-c8-image' alt=\"\" srcset=\"https:\/\/wp.schwertzugvogel.org\/wordpress\/wp-content\/uploads\/2025\/08\/IMG_3543-225x300.jpg 225w, https:\/\/wp.schwertzugvogel.org\/wordpress\/wp-content\/uploads\/2025\/08\/IMG_3543-768x1024.jpg 768w, https:\/\/wp.schwertzugvogel.org\/wordpress\/wp-content\/uploads\/2025\/08\/IMG_3543-1152x1536.jpg 1152w, https:\/\/wp.schwertzugvogel.org\/wordpress\/wp-content\/uploads\/2025\/08\/IMG_3543-1536x2048.jpg 1536w, https:\/\/wp.schwertzugvogel.org\/wordpress\/wp-content\/uploads\/2025\/08\/IMG_3543.jpg 1620w\" sizes=\"auto, (max-width: 225px) 100vw, 225px\" \/><\/a>\n\t\t\t<\/dt><\/dl><dl class='gallery-item masonry-item'>\n\t\t\t<dt class='gallery-icon landscape'>\n\t\t\t\t<a data-fancybox=\"colibri-6441-c8-group\" href='https:\/\/wp.schwertzugvogel.org\/wordpress\/wp-content\/uploads\/2025\/08\/IMG_3542.jpg'><img loading=\"lazy\" decoding=\"async\"  width=\"300\" height=\"225\" src=\"https:\/\/wp.schwertzugvogel.org\/wordpress\/wp-content\/uploads\/2025\/08\/IMG_3542-300x225.jpg\"  class='colibri-6441-c8-image' alt=\"\" srcset=\"https:\/\/wp.schwertzugvogel.org\/wordpress\/wp-content\/uploads\/2025\/08\/IMG_3542-300x225.jpg 300w, https:\/\/wp.schwertzugvogel.org\/wordpress\/wp-content\/uploads\/2025\/08\/IMG_3542-1024x768.jpg 1024w, https:\/\/wp.schwertzugvogel.org\/wordpress\/wp-content\/uploads\/2025\/08\/IMG_3542-768x576.jpg 768w, https:\/\/wp.schwertzugvogel.org\/wordpress\/wp-content\/uploads\/2025\/08\/IMG_3542-1536x1152.jpg 1536w, https:\/\/wp.schwertzugvogel.org\/wordpress\/wp-content\/uploads\/2025\/08\/IMG_3542-2048x1536.jpg 2048w\" sizes=\"auto, (max-width: 300px) 100vw, 300px\" \/><\/a>\n\t\t\t<\/dt><\/dl><dl class='gallery-item masonry-item'>\n\t\t\t<dt class='gallery-icon landscape'>\n\t\t\t\t<a data-fancybox=\"colibri-6441-c8-group\" href='https:\/\/wp.schwertzugvogel.org\/wordpress\/wp-content\/uploads\/2025\/08\/IMG_3541.jpg'><img loading=\"lazy\" decoding=\"async\"  width=\"300\" height=\"225\" src=\"https:\/\/wp.schwertzugvogel.org\/wordpress\/wp-content\/uploads\/2025\/08\/IMG_3541-300x225.jpg\"  class='colibri-6441-c8-image' alt=\"\" srcset=\"https:\/\/wp.schwertzugvogel.org\/wordpress\/wp-content\/uploads\/2025\/08\/IMG_3541-300x225.jpg 300w, https:\/\/wp.schwertzugvogel.org\/wordpress\/wp-content\/uploads\/2025\/08\/IMG_3541-1024x768.jpg 1024w, https:\/\/wp.schwertzugvogel.org\/wordpress\/wp-content\/uploads\/2025\/08\/IMG_3541-768x576.jpg 768w, https:\/\/wp.schwertzugvogel.org\/wordpress\/wp-content\/uploads\/2025\/08\/IMG_3541-1536x1152.jpg 1536w, https:\/\/wp.schwertzugvogel.org\/wordpress\/wp-content\/uploads\/2025\/08\/IMG_3541-2048x1536.jpg 2048w\" sizes=\"auto, (max-width: 300px) 100vw, 300px\" \/><\/a>\n\t\t\t<\/dt><\/dl><dl class='gallery-item masonry-item'>\n\t\t\t<dt class='gallery-icon landscape'>\n\t\t\t\t<a data-fancybox=\"colibri-6441-c8-group\" href='https:\/\/wp.schwertzugvogel.org\/wordpress\/wp-content\/uploads\/2025\/08\/IMG_3540.jpg'><img loading=\"lazy\" decoding=\"async\"  width=\"300\" height=\"225\" src=\"https:\/\/wp.schwertzugvogel.org\/wordpress\/wp-content\/uploads\/2025\/08\/IMG_3540-300x225.jpg\"  class='colibri-6441-c8-image' alt=\"\" srcset=\"https:\/\/wp.schwertzugvogel.org\/wordpress\/wp-content\/uploads\/2025\/08\/IMG_3540-300x225.jpg 300w, https:\/\/wp.schwertzugvogel.org\/wordpress\/wp-content\/uploads\/2025\/08\/IMG_3540-1024x768.jpg 1024w, https:\/\/wp.schwertzugvogel.org\/wordpress\/wp-content\/uploads\/2025\/08\/IMG_3540-768x576.jpg 768w, https:\/\/wp.schwertzugvogel.org\/wordpress\/wp-content\/uploads\/2025\/08\/IMG_3540-1536x1152.jpg 1536w, https:\/\/wp.schwertzugvogel.org\/wordpress\/wp-content\/uploads\/2025\/08\/IMG_3540-2048x1536.jpg 2048w\" sizes=\"auto, (max-width: 300px) 100vw, 300px\" \/><\/a>\n\t\t\t<\/dt><\/dl>\n\t\t\t\n\t\t<\/div>\n<style>#colibri-6441-c8 .wp-caption-text.gallery-caption{display:none;}<\/style><\/div><\/div>\n                <\/div>\n              <\/div>\n            <\/div>\n          <\/div>\n        <\/div>\n      <\/div>\n    <\/div>\n  <\/div>\n<\/div>","protected":false},"excerpt":{"rendered":"<p>Segelboot SZV (Baujahr 1969) \u2013 Zeitloser Klassiker in Top-Zustand Ein echtes Liebhaberst\u00fcck sucht einen neuen Besitzer: Diese wundersch\u00f6ne SZV aus dem Jahr 1969 wurde 2021 aufwendig \u00fcberholt und begeistert durch [&hellip;]<\/p>\n","protected":false},"author":1,"featured_media":0,"parent":0,"menu_order":0,"comment_status":"closed","ping_status":"closed","template":"page-templates\/full-width-page.php","meta":{"footnotes":""},"class_list":["post-6441","page","type-page","status-publish","hentry"],"_links":{"self":[{"href":"https:\/\/wp.schwertzugvogel.org\/wordpress\/index.php?rest_route=\/wp\/v2\/pages\/6441","targetHints":{"allow":["GET"]}}],"collection":[{"href":"https:\/\/wp.schwertzugvogel.org\/wordpress\/index.php?rest_route=\/wp\/v2\/pages"}],"about":[{"href":"https:\/\/wp.schwertzugvogel.org\/wordpress\/index.php?rest_route=\/wp\/v2\/types\/page"}],"author":[{"embeddable":true,"href":"https:\/\/wp.schwertzugvogel.org\/wordpress\/index.php?rest_route=\/wp\/v2\/users\/1"}],"replies":[{"embeddable":true,"href":"https:\/\/wp.schwertzugvogel.org\/wordpress\/index.php?rest_route=%2Fwp%2Fv2%2Fcomments&post=6441"}],"version-history":[{"count":2,"href":"https:\/\/wp.schwertzugvogel.org\/wordpress\/index.php?rest_route=\/wp\/v2\/pages\/6441\/revisions"}],"predecessor-version":[{"id":6446,"href":"https:\/\/wp.schwertzugvogel.org\/wordpress\/index.php?rest_route=\/wp\/v2\/pages\/6441\/revisions\/6446"}],"wp:attachment":[{"href":"https:\/\/wp.schwertzugvogel.org\/wordpress\/index.php?rest_route=%2Fwp%2Fv2%2Fmedia&parent=6441"}],"curies":[{"name":"wp","href":"https:\/\/api.w.org\/{rel}","templated":true}]}}