{"id":6237,"date":"2025-06-15T18:57:56","date_gmt":"2025-06-15T18:57:56","guid":{"rendered":"https:\/\/wp.schwertzugvogel.org\/wordpress\/?page_id=6237"},"modified":"2025-06-15T19:40:05","modified_gmt":"2025-06-15T19:40:05","slug":"2025-steinhude-steg","status":"publish","type":"page","link":"https:\/\/wp.schwertzugvogel.org\/wordpress\/?page_id=6237","title":{"rendered":"2025 Steinhude Steg"},"content":{"rendered":"<div data-colibri-id=\"6237-c1\" class=\"style-1842 style-local-6237-c1 position-relative\">\n  <!---->\n  <div data-colibri-component=\"section\" data-colibri-id=\"6237-c2\" id=\"custom\" class=\"h-section h-section-global-spacing d-flex align-items-lg-center align-items-md-center align-items-center style-1843 style-local-6237-c2 position-relative\">\n    <!---->\n    <!---->\n    <div class=\"h-section-grid-container h-section-boxed-container\">\n      <!---->\n      <div data-colibri-id=\"6237-c3\" class=\"h-row-container gutters-row-lg-2 gutters-row-md-2 gutters-row-0 gutters-row-v-lg-2 gutters-row-v-md-2 gutters-row-v-2 style-1844 style-local-6237-c3 position-relative\">\n        <!---->\n        <div class=\"h-row justify-content-lg-center justify-content-md-center justify-content-center align-items-lg-stretch align-items-md-stretch align-items-stretch gutters-col-lg-2 gutters-col-md-2 gutters-col-0 gutters-col-v-lg-2 gutters-col-v-md-2 gutters-col-v-2\">\n          <!---->\n          <div class=\"h-column h-column-container d-flex h-col-lg-auto h-col-md-auto h-col-auto style-1845-outer style-local-6237-c4-outer\">\n            <div data-colibri-id=\"6237-c4\" class=\"d-flex h-flex-basis h-column__inner h-px-lg-2 h-px-md-2 h-px-2 v-inner-lg-2 v-inner-md-2 v-inner-2 style-1845 style-local-6237-c4 position-relative\">\n              <!---->\n              <!---->\n              <div class=\"w-100 h-y-container h-column__content h-column__v-align flex-basis-100 align-self-lg-start align-self-md-start align-self-start\">\n                <!---->\n                <div data-colibri-id=\"6237-c5\" class=\"h-global-transition-all h-heading style-1846 style-local-6237-c5 position-relative h-element\">\n                  <!---->\n                  <div class=\"h-heading__outer style-1846 style-local-6237-c5\">\n                    <!---->\n                    <!---->\n                    <h1 class=\"\">Willkommen am Steinhuder Meer<\/h1>\n                  <\/div>\n                <\/div>\n              <\/div>\n            <\/div>\n          <\/div>\n        <\/div>\n      <\/div>\n      <div data-colibri-id=\"6237-c6\" class=\"h-row-container gutters-row-lg-2 gutters-row-md-2 gutters-row-0 gutters-row-v-lg-2 gutters-row-v-md-2 gutters-row-v-2 style-1855 style-local-6237-c6 position-relative\">\n        <!---->\n        <div class=\"h-row justify-content-lg-center justify-content-md-center justify-content-center align-items-lg-stretch align-items-md-stretch align-items-stretch gutters-col-lg-2 gutters-col-md-2 gutters-col-0 gutters-col-v-lg-2 gutters-col-v-md-2 gutters-col-v-2\">\n          <!---->\n          <div class=\"h-column h-column-container d-flex h-col-lg-auto h-col-md-auto h-col-auto style-1856-outer style-local-6237-c7-outer\">\n            <div data-colibri-id=\"6237-c7\" class=\"d-flex h-flex-basis h-column__inner h-px-lg-2 h-px-md-2 h-px-2 v-inner-lg-2 v-inner-md-2 v-inner-2 style-1856 style-local-6237-c7 position-relative\">\n              <!---->\n              <!---->\n              <div class=\"w-100 h-y-container h-column__content h-column__v-align flex-basis-100 align-self-lg-start align-self-md-start align-self-start\">\n                <!---->\n                <div data-colibri-id=\"6237-c8\" class=\"h-text h-text-component style-1857 style-local-6237-c8 position-relative h-element\">\n                  <!---->\n                  <!---->\n                  <div class=\"\">\n                    <p><span style=\"color: rgba(29, 2, 2, 0.96);\">Richtig gelesen! Einmalige M\u00f6glichkeit das Steinhuder Meer kennenzulernen.<br> Die Segel- u. Steggemeinschaft Mardorf e.V. (Steg N30) bietet f\u00fcr die restliche Saison 2025 kostenfreie Bootsliegepl\u00e4tze.<br> <br> Diese k\u00f6nnen im Rahmen einer Gastliegerschaft im Jahr 2025 kostenfrei genutzt werden, jedoch ist ein Arbeitseinsatz im Rahmen des Stegabbaus zum Ende der Saison ist jedoch verpflichtend.&nbsp;Die Liegepl\u00e4tze eignen sich f\u00fcr grunds\u00e4tzlich alle Bootstypen.<br> Unser Stegkopf l\u00e4dt nach einem Segeltag zum Sitzen und Verweilen ein. Unsere gro\u00dfe Opti-Plattform erm\u00f6glicht den sicheren Einstieg f\u00fcr Kinderboote, SUPs und Kanus. In 2026 kann sollte die Gastliegerschaft kostenpflichtig fortgesetzt werden.<br> <br> Du solltest Interesse am Vereinsleben haben und die Bereitschaft besitzen, dich zweimal im Jahr beim Auf- und Abbau des Steges zu beteiligen.<br> Stromanschluss und M\u00fcllentsorgung sind vorhanden.<br> <br> Bei Interesse bitte Kontaktaufnahme \u00fcber die Website: s<\/span>sgmardorf.de<\/p>\n                    <p>Aushang<\/p>\n                    <p>\n                      <br>\n                    <\/p>\n                    <p>&nbsp;<\/p>\n                  <\/div>\n                <\/div>\n              <\/div>\n            <\/div>\n          <\/div>\n        <\/div>\n      <\/div>\n      <div data-colibri-id=\"6237-c9\" class=\"h-row-container gutters-row-lg-2 gutters-row-md-2 gutters-row-0 gutters-row-v-lg-2 gutters-row-v-md-2 gutters-row-v-2 style-1862 style-local-6237-c9 position-relative\">\n        <!---->\n        <div class=\"h-row justify-content-lg-center justify-content-md-center justify-content-center align-items-lg-stretch align-items-md-stretch align-items-stretch gutters-col-lg-2 gutters-col-md-2 gutters-col-0 gutters-col-v-lg-2 gutters-col-v-md-2 gutters-col-v-2\">\n          <!---->\n          <div class=\"h-column h-column-container d-flex h-col-lg-auto h-col-md-auto h-col-auto style-1863-outer style-local-6237-c10-outer\">\n            <div data-colibri-id=\"6237-c10\" class=\"d-flex h-flex-basis h-column__inner h-px-lg-2 h-px-md-2 h-px-2 v-inner-lg-2 v-inner-md-2 v-inner-2 style-1863 style-local-6237-c10 position-relative\">\n              <!---->\n              <!---->\n              <div class=\"w-100 h-y-container h-column__content h-column__v-align flex-basis-100 align-self-lg-start align-self-md-start align-self-start\">\n                <!---->\n                <div data-colibri-component=\"masonry\" data-colibri-id=\"6237-c11\" class=\"h-photo-gallery margin-none caption-none style-1865 style-local-6237-c11 position-relative h-element\">\n                  <!---->\n                  <div class=\"h-global-transition-all\"><div id='colibri-6237-c11' class='gallery-wrapper'>    <style type=\"text\/css\">\n\n        @media (min-width: 1023px) {        #colibri-6237-c11        dl {\n            float: left;\n            width: 50% !important;\n            max-width: 50% !important;\n            min-width: 50% !important;\n        }\n\n        #colibri-6237-c11        dl:nth-of-type(2n +1 ) {\n            clear: both;\n        }\n\n        }@media (min-width: 768px) and (max-width: 1023px) {        #colibri-6237-c11        dl {\n            float: left;\n            width: 50% !important;\n            max-width: 50% !important;\n            min-width: 50% !important;\n        }\n\n        #colibri-6237-c11        dl:nth-of-type(2n +1 ) {\n            clear: both;\n        }\n\n        }@media (max-width: 767px) {        #colibri-6237-c11        dl {\n            float: left;\n            width: 50% !important;\n            max-width: 50% !important;\n            min-width: 50% !important;\n        }\n\n        #colibri-6237-c11        dl:nth-of-type(2n +1 ) {\n            clear: both;\n        }\n\n        }\n        #colibri-6237-c11        .gallery-item {\n            position: relative;\n        }\n\n        \n    <\/style>\n    <div   class='colibri-6237-c11-dls-wrapper gallery-items-wrapper' ><dl class='gallery-item masonry-item'>\n\t\t\t<dt class='gallery-icon landscape'>\n\t\t\t\t<img loading=\"lazy\" decoding=\"async\"  width=\"300\" height=\"200\" src=\"https:\/\/wp.schwertzugvogel.org\/wordpress\/wp-content\/uploads\/2025\/06\/cropped-Ausblick-300x200.jpg\"  class='colibri-6237-c11-image' alt=\"\" srcset=\"https:\/\/wp.schwertzugvogel.org\/wordpress\/wp-content\/uploads\/2025\/06\/cropped-Ausblick-300x200.jpg 300w, https:\/\/wp.schwertzugvogel.org\/wordpress\/wp-content\/uploads\/2025\/06\/cropped-Ausblick-1024x683.jpg 1024w, https:\/\/wp.schwertzugvogel.org\/wordpress\/wp-content\/uploads\/2025\/06\/cropped-Ausblick-768x513.jpg 768w, https:\/\/wp.schwertzugvogel.org\/wordpress\/wp-content\/uploads\/2025\/06\/cropped-Ausblick-1536x1025.jpg 1536w, https:\/\/wp.schwertzugvogel.org\/wordpress\/wp-content\/uploads\/2025\/06\/cropped-Ausblick-2048x1367.jpg 2048w\" sizes=\"auto, (max-width: 300px) 100vw, 300px\" \/>\n\t\t\t<\/dt><\/dl><dl class='gallery-item masonry-item'>\n\t\t\t<dt class='gallery-icon landscape'>\n\t\t\t\t<img loading=\"lazy\" decoding=\"async\"  width=\"300\" height=\"200\" src=\"https:\/\/wp.schwertzugvogel.org\/wordpress\/wp-content\/uploads\/2025\/06\/cropped-wasser-300x200.jpg\"  class='colibri-6237-c11-image' alt=\"\" srcset=\"https:\/\/wp.schwertzugvogel.org\/wordpress\/wp-content\/uploads\/2025\/06\/cropped-wasser-300x200.jpg 300w, https:\/\/wp.schwertzugvogel.org\/wordpress\/wp-content\/uploads\/2025\/06\/cropped-wasser-1024x683.jpg 1024w, https:\/\/wp.schwertzugvogel.org\/wordpress\/wp-content\/uploads\/2025\/06\/cropped-wasser-768x513.jpg 768w, https:\/\/wp.schwertzugvogel.org\/wordpress\/wp-content\/uploads\/2025\/06\/cropped-wasser-1536x1025.jpg 1536w, https:\/\/wp.schwertzugvogel.org\/wordpress\/wp-content\/uploads\/2025\/06\/cropped-wasser-2048x1367.jpg 2048w\" sizes=\"auto, (max-width: 300px) 100vw, 300px\" \/>\n\t\t\t<\/dt><\/dl><dl class='gallery-item masonry-item'>\n\t\t\t<dt class='gallery-icon landscape'>\n\t\t\t\t<img loading=\"lazy\" decoding=\"async\"  width=\"300\" height=\"240\" src=\"https:\/\/wp.schwertzugvogel.org\/wordpress\/wp-content\/uploads\/2025\/06\/cropped-Stegtor-300x240.jpg\"  class='colibri-6237-c11-image' alt=\"\" srcset=\"https:\/\/wp.schwertzugvogel.org\/wordpress\/wp-content\/uploads\/2025\/06\/cropped-Stegtor-300x240.jpg 300w, https:\/\/wp.schwertzugvogel.org\/wordpress\/wp-content\/uploads\/2025\/06\/cropped-Stegtor-1024x818.jpg 1024w, https:\/\/wp.schwertzugvogel.org\/wordpress\/wp-content\/uploads\/2025\/06\/cropped-Stegtor-768x614.jpg 768w, https:\/\/wp.schwertzugvogel.org\/wordpress\/wp-content\/uploads\/2025\/06\/cropped-Stegtor-1536x1228.jpg 1536w, https:\/\/wp.schwertzugvogel.org\/wordpress\/wp-content\/uploads\/2025\/06\/cropped-Stegtor-2048x1637.jpg 2048w\" sizes=\"auto, (max-width: 300px) 100vw, 300px\" \/>\n\t\t\t<\/dt><\/dl><dl class='gallery-item masonry-item'>\n\t\t\t<dt class='gallery-icon landscape'>\n\t\t\t\t<img loading=\"lazy\" decoding=\"async\"  width=\"300\" height=\"298\" src=\"https:\/\/wp.schwertzugvogel.org\/wordpress\/wp-content\/uploads\/2025\/06\/IMG_0240-300x298.jpeg\"  class='colibri-6237-c11-image' alt=\"\" srcset=\"https:\/\/wp.schwertzugvogel.org\/wordpress\/wp-content\/uploads\/2025\/06\/IMG_0240-300x298.jpeg 300w, https:\/\/wp.schwertzugvogel.org\/wordpress\/wp-content\/uploads\/2025\/06\/IMG_0240-1024x1016.jpeg 1024w, https:\/\/wp.schwertzugvogel.org\/wordpress\/wp-content\/uploads\/2025\/06\/IMG_0240-150x150.jpeg 150w, https:\/\/wp.schwertzugvogel.org\/wordpress\/wp-content\/uploads\/2025\/06\/IMG_0240-768x762.jpeg 768w, https:\/\/wp.schwertzugvogel.org\/wordpress\/wp-content\/uploads\/2025\/06\/IMG_0240.jpeg 1167w\" sizes=\"auto, (max-width: 300px) 100vw, 300px\" \/>\n\t\t\t<\/dt><\/dl>\n\t\t<\/div>\n<style>#colibri-6237-c11 .wp-caption-text.gallery-caption{display:none;}<\/style><\/div><\/div>\n                <\/div>\n              <\/div>\n            <\/div>\n          <\/div>\n        <\/div>\n      <\/div>\n    <\/div>\n  <\/div>\n<\/div>","protected":false},"excerpt":{"rendered":"<p>Willkommen am Steinhuder Meer Richtig gelesen! Einmalige M\u00f6glichkeit das Steinhuder Meer kennenzulernen. Die Segel- u. Steggemeinschaft Mardorf e.V. (Steg N30) bietet f\u00fcr die restliche Saison 2025 kostenfreie Bootsliegepl\u00e4tze. Diese k\u00f6nnen [&hellip;]<\/p>\n","protected":false},"author":1,"featured_media":0,"parent":0,"menu_order":0,"comment_status":"closed","ping_status":"closed","template":"page-templates\/full-width-page.php","meta":{"footnotes":""},"class_list":["post-6237","page","type-page","status-publish","hentry"],"_links":{"self":[{"href":"https:\/\/wp.schwertzugvogel.org\/wordpress\/index.php?rest_route=\/wp\/v2\/pages\/6237","targetHints":{"allow":["GET"]}}],"collection":[{"href":"https:\/\/wp.schwertzugvogel.org\/wordpress\/index.php?rest_route=\/wp\/v2\/pages"}],"about":[{"href":"https:\/\/wp.schwertzugvogel.org\/wordpress\/index.php?rest_route=\/wp\/v2\/types\/page"}],"author":[{"embeddable":true,"href":"https:\/\/wp.schwertzugvogel.org\/wordpress\/index.php?rest_route=\/wp\/v2\/users\/1"}],"replies":[{"embeddable":true,"href":"https:\/\/wp.schwertzugvogel.org\/wordpress\/index.php?rest_route=%2Fwp%2Fv2%2Fcomments&post=6237"}],"version-history":[{"count":5,"href":"https:\/\/wp.schwertzugvogel.org\/wordpress\/index.php?rest_route=\/wp\/v2\/pages\/6237\/revisions"}],"predecessor-version":[{"id":6284,"href":"https:\/\/wp.schwertzugvogel.org\/wordpress\/index.php?rest_route=\/wp\/v2\/pages\/6237\/revisions\/6284"}],"wp:attachment":[{"href":"https:\/\/wp.schwertzugvogel.org\/wordpress\/index.php?rest_route=%2Fwp%2Fv2%2Fmedia&parent=6237"}],"curies":[{"name":"wp","href":"https:\/\/api.w.org\/{rel}","templated":true}]}}