{"id":6017,"date":"2025-05-14T20:03:44","date_gmt":"2025-05-14T20:03:44","guid":{"rendered":"https:\/\/wp.schwertzugvogel.org\/wordpress\/?page_id=6017"},"modified":"2025-05-18T17:16:41","modified_gmt":"2025-05-18T17:16:41","slug":"2025-landesmeisterschaft-ksk","status":"publish","type":"page","link":"https:\/\/wp.schwertzugvogel.org\/wordpress\/?page_id=6017","title":{"rendered":"2025 Landesmeisterschaft KSK"},"content":{"rendered":"<div data-colibri-id=\"6017-c1\" class=\"style-1805 style-local-6017-c1 position-relative\">\n  <!---->\n  <div data-colibri-component=\"section\" data-colibri-id=\"6017-c2\" id=\"custom\" class=\"h-section h-section-global-spacing d-flex align-items-lg-center align-items-md-center align-items-center style-1806 style-local-6017-c2 position-relative\">\n    <!---->\n    <!---->\n    <div class=\"h-section-grid-container h-section-boxed-container\">\n      <!---->\n      <div data-colibri-id=\"6017-c3\" class=\"h-row-container gutters-row-lg-2 gutters-row-md-2 gutters-row-0 gutters-row-v-lg-2 gutters-row-v-md-2 gutters-row-v-2 style-1807 style-local-6017-c3 position-relative\">\n        <!---->\n        <div class=\"h-row justify-content-lg-center justify-content-md-center justify-content-center align-items-lg-stretch align-items-md-stretch align-items-stretch gutters-col-lg-2 gutters-col-md-2 gutters-col-0 gutters-col-v-lg-2 gutters-col-v-md-2 gutters-col-v-2\">\n          <!---->\n          <div class=\"h-column h-column-container d-flex h-col-lg-auto h-col-md-auto h-col-auto style-1808-outer style-local-6017-c4-outer\">\n            <div data-colibri-id=\"6017-c4\" class=\"d-flex h-flex-basis h-column__inner h-px-lg-2 h-px-md-2 h-px-2 v-inner-lg-2 v-inner-md-2 v-inner-2 style-1808 style-local-6017-c4 position-relative\">\n              <!---->\n              <!---->\n              <div class=\"w-100 h-y-container h-column__content h-column__v-align flex-basis-100 align-self-lg-start align-self-md-start align-self-start\">\n                <!---->\n                <div data-colibri-id=\"6017-c5\" class=\"h-global-transition-all h-heading style-1809 style-local-6017-c5 position-relative h-element\">\n                  <!---->\n                  <div class=\"h-heading__outer style-1809 style-local-6017-c5\">\n                    <!---->\n                    <!---->\n                    <h1 class=\"\">03.\/04. Mai 2025, SZV Landesmeisterschaft NRW beim KSK auf dem Elfrather See<\/h1>\n                  <\/div>\n                <\/div>\n                <div data-colibri-id=\"6017-c6\" class=\"h-x-container style-1810 style-local-6017-c6 position-relative h-element\">\n                  <!---->\n                  <div class=\"h-x-container-inner style-dynamic-6017-c6-group style-1810-spacing style-local-6017-c6-spacing\"><span class=\"h-button__outer style-1811-outer style-local-6017-c7-outer d-inline-flex h-element\"><a h-use-smooth-scroll=\"true\" href=\"https:\/\/wp.schwertzugvogel.org\/wordpress\/wp-content\/uploads\/2025\/05\/2025-Landesmeisterschaft-KSK.pdf\" target=\"_blank\"  data-colibri-id=\"6017-c7\" class=\"d-flex w-100 align-items-center h-button justify-content-lg-center justify-content-md-center justify-content-center style-1811 style-local-6017-c7 position-relative\"><!----><span  class=\"h-svg-icon h-button__icon style-1811-icon style-local-6017-c7-icon\"><!--Icon by Font Awesome (https:\/\/fontawesome.com)-->\n    <svg version=\"1.1\" xmlns=\"http:\/\/www.w3.org\/2000\/svg\" xmlns:xlink=\"http:\/\/www.w3.org\/1999\/xlink\" id=\"star-o\" viewBox=\"0 0 1664 1896.0833\">\n      <path d=\"M1137 1004l306-297-422-62-189-382-189 382-422 62 306 297-73 421 378-199 377 199zm527-357q0 22-26 48l-363 354 86 500q1 7 1 20 0 50-41 50-19 0-40-12l-449-236-449 236q-22 12-40 12-21 0-31.5-14.5T301 1569q0-6 2-20l86-500L25 695Q0 668 0 647q0-37 56-46l502-73L783 73q19-41 49-41t49 41l225 455 502 73q56 9 56 46z\"><\/path>\n    <\/svg><\/span> <span>Ergebnisse<\/span><\/a>\n                    <\/span>\n                  <\/div>\n                <\/div>\n              <\/div>\n            <\/div>\n          <\/div>\n        <\/div>\n      <\/div>\n      <div data-colibri-id=\"6017-c8\" class=\"h-row-container gutters-row-lg-2 gutters-row-md-2 gutters-row-0 gutters-row-v-lg-2 gutters-row-v-md-2 gutters-row-v-2 style-1812 style-local-6017-c8 position-relative\">\n        <!---->\n        <div class=\"h-row justify-content-lg-center justify-content-md-center justify-content-center align-items-lg-stretch align-items-md-stretch align-items-stretch gutters-col-lg-2 gutters-col-md-2 gutters-col-0 gutters-col-v-lg-2 gutters-col-v-md-2 gutters-col-v-2\">\n          <!---->\n          <div class=\"h-column h-column-container d-flex h-col-lg-auto h-col-md-auto h-col-auto style-1813-outer style-local-6017-c9-outer\">\n            <div data-colibri-id=\"6017-c9\" class=\"d-flex h-flex-basis h-column__inner h-px-lg-2 h-px-md-2 h-px-2 v-inner-lg-2 v-inner-md-2 v-inner-2 style-1813 style-local-6017-c9 position-relative\">\n              <!---->\n              <!---->\n              <div class=\"w-100 h-y-container h-column__content h-column__v-align flex-basis-100 align-self-lg-start align-self-md-start align-self-start\">\n                <!---->\n                <div data-colibri-id=\"6017-c10\" class=\"h-text h-text-component style-1814 style-local-6017-c10 position-relative h-element\">\n                  <!---->\n                  <!---->\n                  <div class=\"\">\n                    <p>Schwerter Spargel Cup beim Krefelder Segelklub KSK<\/p>\n                    <p>&nbsp;<\/p>\n                    <p>Unsere Segelfreunde Vom KSK haben sich sehr ins Zeug gelegt, eine neue Schwerterregatta am Elfrather See zu etablieren und so stand also am 04.\/05. Mai erstmalig der Schwerter Spargel Cup auf unserem Kalender.<\/p>\n                    <p>&nbsp;Da es beim KSK immer sch\u00f6n ist haben dann auch prompt dreizehn Crews gemeldet &#8211; zumal die Veranstaltung in diesem Jahr sogar den Rang der Landesmeisterschaft hatte und auch zusammen mit der am T\u00f6ppersee stattfindenden Mairegatta\n                      eine gute Vorbereitung f\u00fcr die ende des Monats terminierte German Open auf dem Steinhuder Meer ist.<\/p>\n                    <p>Sogar Detlef Radtke aus Brandenburg und Armin Nietert aus Steinhude haben sich auf den langen Weg gemacht und wurden nicht entt\u00e4uscht. Das Gel\u00e4nde des KSK ist zwar gar nicht so gro\u00df, aber trotzdem kamen alle Wohnmobile, Autos, Boote\n                      und Menschen gut unter und freuten sich neben dem Segeln \u00fcber die Hausgemachte Spargelsuppe, Grillfleisch und das Sponsoring der Brauerei Gleumes.&nbsp;<\/p>\n                    <p>Auch der Stolz des KSK, der neue Mover wurde sehr begr\u00fc\u00dft, da sich das Slippen in den vergangenen Jahren doch immer als umst\u00e4ndlich erwies.<\/p>\n                    <p>Aber nun zur Regatta:&nbsp;<\/p>\n                    <p>&nbsp;Der Wind lies am Samstag doch zu w\u00fcnschen \u00fcbrig, so dass es an diesem Tag nur zu einem Lauf kam. Dieser wurde von Florian Lenz mit Vorschoter Thomas Brandt gewonnen.&nbsp;<\/p>\n                    <p>Am Sonntag sah es doch besser aus und man konnte drei L\u00e4ufe bei moderatem &#8211; allerdings in &#8222;E-See-Manier&#8220; drehendem Wind &#8211; segeln.<\/p>\n                    <p>Die einzelnen Ergebnisse dabei waren sehr abwechslungsreich &#8211; aber immerhin waren ja auch f\u00fcnf ehemalige deutsche Meister auf dem Wasser und so wurde es auch f\u00fcr die zahlreichen Zuschauer nicht langweilig.&nbsp;<\/p>\n                    <p>Letztendlich siegten Florian Lenz und Thomas Brandt&nbsp;punktgleich vor Jens Liebheim und Christian Thun , WRK.&nbsp;<\/p>\n                    <p>Dritter Platz: Uwe Groth mit Lukas Dunkel, WRK<\/p>\n                    <p>Die restlichen Ergebnisse findet man unter Manage to sail.<\/p>\n                    <p>Es l\u00e4sst sich sagen , dass die Veranstaltung ein Voller Erfolg war und mit Sicherheit auch im n\u00e4chsten Jahr wieder stattfinden wird.<\/p>\n                    <p>&nbsp;Steffi Diegel<\/p>\n                  <\/div>\n                <\/div>\n              <\/div>\n            <\/div>\n          <\/div>\n        <\/div>\n      <\/div>\n    <\/div>\n  <\/div>\n<\/div>","protected":false},"excerpt":{"rendered":"<p>03.\/04. Mai 2025, SZV Landesmeisterschaft NRW beim KSK auf dem Elfrather See Ergebnisse Schwerter Spargel Cup beim Krefelder Segelklub KSK &nbsp; Unsere Segelfreunde Vom KSK haben sich sehr ins Zeug [&hellip;]<\/p>\n","protected":false},"author":1,"featured_media":0,"parent":0,"menu_order":0,"comment_status":"closed","ping_status":"closed","template":"page-templates\/full-width-page.php","meta":{"footnotes":""},"class_list":["post-6017","page","type-page","status-publish","hentry"],"_links":{"self":[{"href":"https:\/\/wp.schwertzugvogel.org\/wordpress\/index.php?rest_route=\/wp\/v2\/pages\/6017","targetHints":{"allow":["GET"]}}],"collection":[{"href":"https:\/\/wp.schwertzugvogel.org\/wordpress\/index.php?rest_route=\/wp\/v2\/pages"}],"about":[{"href":"https:\/\/wp.schwertzugvogel.org\/wordpress\/index.php?rest_route=\/wp\/v2\/types\/page"}],"author":[{"embeddable":true,"href":"https:\/\/wp.schwertzugvogel.org\/wordpress\/index.php?rest_route=\/wp\/v2\/users\/1"}],"replies":[{"embeddable":true,"href":"https:\/\/wp.schwertzugvogel.org\/wordpress\/index.php?rest_route=%2Fwp%2Fv2%2Fcomments&post=6017"}],"version-history":[{"count":5,"href":"https:\/\/wp.schwertzugvogel.org\/wordpress\/index.php?rest_route=\/wp\/v2\/pages\/6017\/revisions"}],"predecessor-version":[{"id":6074,"href":"https:\/\/wp.schwertzugvogel.org\/wordpress\/index.php?rest_route=\/wp\/v2\/pages\/6017\/revisions\/6074"}],"wp:attachment":[{"href":"https:\/\/wp.schwertzugvogel.org\/wordpress\/index.php?rest_route=%2Fwp%2Fv2%2Fmedia&parent=6017"}],"curies":[{"name":"wp","href":"https:\/\/api.w.org\/{rel}","templated":true}]}}