{"id":5287,"date":"2025-02-06T18:55:23","date_gmt":"2025-02-06T18:55:23","guid":{"rendered":"https:\/\/wp.schwertzugvogel.org\/wordpress\/?page_id=5287"},"modified":"2025-08-03T18:40:10","modified_gmt":"2025-08-03T18:40:10","slug":"2025-german-open","status":"publish","type":"page","link":"https:\/\/wp.schwertzugvogel.org\/wordpress\/?page_id=5287","title":{"rendered":"2025 German Open"},"content":{"rendered":"<div data-colibri-id=\"5287-c1\" class=\"style-1695 style-local-5287-c1 position-relative\">\n  <!---->\n  <div data-colibri-component=\"section\" data-colibri-id=\"5287-c2\" id=\"custom\" class=\"h-section h-section-global-spacing d-flex align-items-lg-center align-items-md-center align-items-center style-1696 style-local-5287-c2 position-relative\">\n    <!---->\n    <!---->\n    <div class=\"h-section-grid-container h-section-boxed-container\">\n      <!---->\n      <div data-colibri-id=\"5287-c3\" class=\"h-row-container gutters-row-lg-2 gutters-row-md-2 gutters-row-0 gutters-row-v-lg-2 gutters-row-v-md-2 gutters-row-v-2 style-1697 style-local-5287-c3 position-relative\">\n        <!---->\n        <div class=\"h-row justify-content-lg-center justify-content-md-center justify-content-center align-items-lg-stretch align-items-md-stretch align-items-stretch gutters-col-lg-2 gutters-col-md-2 gutters-col-0 gutters-col-v-lg-2 gutters-col-v-md-2 gutters-col-v-2\">\n          <!---->\n          <div class=\"h-column h-column-container d-flex h-col-lg-auto h-col-md-auto h-col-auto style-1698-outer style-local-5287-c4-outer\">\n            <div data-colibri-id=\"5287-c4\" class=\"d-flex h-flex-basis h-column__inner h-px-lg-2 h-px-md-2 h-px-2 v-inner-lg-2 v-inner-md-2 v-inner-2 style-1698 style-local-5287-c4 position-relative\">\n              <!---->\n              <!---->\n              <div class=\"w-100 h-y-container h-column__content h-column__v-align flex-basis-100 align-self-lg-start align-self-md-start align-self-start\">\n                <!---->\n                <div data-colibri-id=\"5287-c5\" class=\"h-global-transition-all h-heading style-1699 style-local-5287-c5 position-relative h-element\">\n                  <!---->\n                  <div class=\"h-heading__outer style-1699 style-local-5287-c5\">\n                    <!---->\n                    <!---->\n                    <h1 class=\"\">\n                      <br>Silberner SZV (29.05. &#8211; 30.05.)\n                      <br>German Open 2025 (30.05. &#8211; 01.06.)\n                      <br>Steinhuder Meer<\/h1>\n                  <\/div>\n                <\/div>\n              <\/div>\n            <\/div>\n          <\/div>\n          <div class=\"h-column h-column-container d-flex h-col-lg-auto h-col-md-auto h-col-auto style-1803-outer style-local-5287-c6-outer\">\n            <div data-colibri-id=\"5287-c6\" class=\"d-flex h-flex-basis h-column__inner h-px-lg-2 h-px-md-2 h-px-2 v-inner-lg-2 v-inner-md-2 v-inner-2 style-1803 style-local-5287-c6 position-relative\">\n              <!---->\n              <!---->\n              <div class=\"w-100 h-y-container h-column__content h-column__v-align flex-basis-100 align-self-lg-start align-self-md-start align-self-start\">\n                <!---->\n                <div data-colibri-id=\"5287-c7\" class=\"d-block style-1804 style-local-5287-c7 position-relative h-element\">\n                  <!---->\n                  <div class=\"h-image__frame-container-outer\">\n                    <div class=\"h-image__frame-container\">\n                      <!---->\n                      <!---->\n                      <img loading=\"lazy\" decoding=\"async\" width=\"594\" height=\"511\" src=\"https:\/\/wp.schwertzugvogel.org\/wordpress\/wp-content\/uploads\/2025\/04\/cropped-Veranstaltungslogo-OK-Europe-SZV-2025-04-02.jpg\" class=\"wp-image-5972 style-1804-image style-local-5287-c7-image\" alt=\"\" srcset=\"https:\/\/wp.schwertzugvogel.org\/wordpress\/wp-content\/uploads\/2025\/04\/cropped-Veranstaltungslogo-OK-Europe-SZV-2025-04-02.jpg 594w, https:\/\/wp.schwertzugvogel.org\/wordpress\/wp-content\/uploads\/2025\/04\/cropped-Veranstaltungslogo-OK-Europe-SZV-2025-04-02-300x258.jpg 300w\" sizes=\"auto, (max-width: 594px) 100vw, 594px\" \/>\n                      <div class=\"h-image__frame h-hide-lg h-hide-md h-hide-sm style-1804-frameImage style-local-5287-c7-frameImage\"><\/div>\n                    <\/div>\n                  <\/div>\n                <\/div>\n              <\/div>\n            <\/div>\n          <\/div>\n        <\/div>\n      <\/div>\n      <div data-colibri-id=\"5287-c8\" class=\"h-row-container gutters-row-lg-2 gutters-row-md-2 gutters-row-0 gutters-row-v-lg-2 gutters-row-v-md-2 gutters-row-v-2 style-1704 style-local-5287-c8 position-relative\">\n        <!---->\n        <div class=\"h-row justify-content-lg-center justify-content-md-center justify-content-center align-items-lg-stretch align-items-md-stretch align-items-stretch gutters-col-lg-2 gutters-col-md-2 gutters-col-0 gutters-col-v-lg-2 gutters-col-v-md-2 gutters-col-v-2\">\n          <!---->\n          <div class=\"h-column h-column-container d-flex h-col-lg-auto h-col-md-auto h-col-auto style-1705-outer style-local-5287-c9-outer\">\n            <div data-colibri-id=\"5287-c9\" class=\"d-flex h-flex-basis h-column__inner h-px-lg-2 h-px-md-2 h-px-2 v-inner-lg-2 v-inner-md-2 v-inner-2 style-1705 style-local-5287-c9 position-relative\">\n              <!---->\n              <!---->\n              <div class=\"w-100 h-y-container h-column__content h-column__v-align flex-basis-100 align-self-lg-start align-self-md-start align-self-start\">\n                <!---->\n                <div data-colibri-id=\"5287-c10\" class=\"h-text h-text-component style-1706 style-local-5287-c10 position-relative h-element\">\n                  <!---->\n                  <!---->\n                  <div class=\"\">\n                    <p>\n                      <a href=\"https:\/\/wp.schwertzugvogel.org\/wordpress\/wp-content\/uploads\/2025\/07\/ergebnisse-german-open-2025.pdf\" class=\"customize-unpreviewable\">Ergebnisse<\/a>\n                    <\/p>\n                    <p>\n                      <br>\n                    <\/p>\n                    <p>Am 29. Mai war unsere Schwertzugvogelflotte mit neunzehn teilnehmenden Crews wieder einmal bei Segelverein Gro\u00dfenheidorn am Steinhuder Meer&nbsp;am Start um aufeinanderfolgend erst die Regatta \u201eSilberner Schwertzugvogel\u201c und direkt\n                      darauf folgend die \u201eGerman Open\u201c auszusegeln .<\/p>\n                    <p>Freundlicherweise durften wir unsere Boote beim Schaumburg-Lippischen Segelverein unterbringen und auch die Segler mit ihrem Fuhrpark waren wie immer herzlich dort willkommen.<\/p>\n                    <p>Gleichzeitig richtete der SVG auch noch je eine Regatta der Klasse Ok sowie der Europe aus. <\/p>\n                    <p>Es war also wirklich viel los auf dem Steinhuder Meer. Prickelnd wurde das Ganze dann noch, weil Rasmus es sehr gut mit uns meinte: bei einem viere Wind mit sechser B\u00f6en hatten doch die Segler alle H\u00e4nde voll zu tun . Leider sind letztendlich\n                      wegen des straken Windes nur siebzehn Boote gestartet und es kam auch zu kleinen Zusammenst\u00f6\u00dfen und kleiner Sch\u00e4den \u2013 aber alle sind fair gesegelt und Segler und Zuschauer hatten an vier traumhaften Segekltagen viel Spa\u00df am und auf\n                      dem Wasser.<\/p>\n                    <p>Hervorzuheben ist die tolle Organisation insgesamt f\u00fcr die sich besonders unsere Steinhuder Freund Armin Nietert und die Verantwortlichen der beiden Vereine sehr ins Zeug gelegt haben.<\/p>\n                    <p>Nach jedem Wettfahrttag wurden die Segler zun\u00e4chst mit leckerster Fingerfood und Freigetr\u00e4nken in der Bootshalle des Schaumburg Lippischen Segelvereines empfangen. Schon hier war die Stimmung jedes Mal fr\u00f6hlich und man lies den vergangenen\n                      Segeltag Revue passieren . <\/p>\n                    <p>Diese geselligen Treffen wurden durch die Klassenvereinigung die Veranstaltung finanziell unterst\u00fctzt und damit m\u00f6glich gemacht.<\/p>\n                    <p>Es wurde also geschnackt und gelacht und als die Boote fertig verpackt waren fuhr man per Shuttle Taxi oder im Fahrradgeschwader hin\u00fcber zum SVG wo es das eigentliche Abendessen gab \u2013 welches ebenfalls sehr gut war. <\/p>\n                    <p>Die neue Backschaft hatte an diesem Wochenende wirklich ihre Feuertaufe zu bestehen, da dort auch die Segler der Ok-Jollen, die in noch gr\u00f6\u00dferer Anzahl angereist und sehr hungrig waren verpflegt werden sollten. <\/p>\n                    <p>Aber alles in allem hat auch das gut geklappt und es hat allen geschmeckt.<\/p>\n                    <p>Zu den Platzierungen in beiden Regatten l\u00e4sst sich sagen , dass alle gek\u00e4mpft haben wie die L\u00f6wen und jede Crew ihre Sternstunden hatte.<\/p>\n                    <p>Letztendlich siegte souver\u00e4n Axel Fischer mit Felix Schwill sowohl beim silbernen Schwertzugvogel als auch bei der German Open. Wir gratulieren Herzlich!<\/p>\n                    <p>Die weiteren Ergebnisse bei Manage to Sail<\/p>\n                    <p>Wir danken dem Seglerverein Gro\u00dfenheidorn sowie dem Schaumburg Lippischen&nbsp;Segelverein herzlich f\u00fcr ihre Gastfreundschaft. <\/p>\n                    <p>\n                      <br>\n                    <\/p>\n                    <p>\n                      <br>\n                    <\/p>\n                  <\/div>\n                <\/div>\n              <\/div>\n            <\/div>\n          <\/div>\n        <\/div>\n      <\/div>\n      <div data-colibri-id=\"5287-c11\" class=\"h-row-container gutters-row-lg-2 gutters-row-md-2 gutters-row-0 gutters-row-v-lg-2 gutters-row-v-md-2 gutters-row-v-2 style-1723 style-local-5287-c11 position-relative\">\n        <!---->\n        <div class=\"h-row justify-content-lg-center justify-content-md-center justify-content-center align-items-lg-stretch align-items-md-stretch align-items-stretch gutters-col-lg-2 gutters-col-md-2 gutters-col-0 gutters-col-v-lg-2 gutters-col-v-md-2 gutters-col-v-2\">\n          <!---->\n          <div class=\"h-column h-column-container d-flex h-col-lg-auto h-col-md-auto h-col-auto style-1724-outer style-local-5287-c12-outer\">\n            <div data-colibri-id=\"5287-c12\" class=\"d-flex h-flex-basis h-column__inner h-px-lg-2 h-px-md-2 h-px-2 v-inner-lg-2 v-inner-md-2 v-inner-2 style-1724 style-local-5287-c12 position-relative\">\n              <!---->\n              <!---->\n              <div class=\"w-100 h-y-container h-column__content h-column__v-align flex-basis-100 align-self-lg-start align-self-md-start align-self-start\">\n                <!---->\n                <div data-colibri-id=\"5287-c13\" class=\"d-block style-1726 style-local-5287-c13 position-relative h-element\">\n                  <!---->\n                  <div class=\"h-image__frame-container-outer\">\n                    <div class=\"h-image__frame-container\">\n                      <!---->\n                      <!---->\n                      <img loading=\"lazy\" decoding=\"async\" width=\"1534\" height=\"1815\" src=\"https:\/\/wp.schwertzugvogel.org\/wordpress\/wp-content\/uploads\/2025\/02\/cropped-IMG-20250207-WA0003.jpg\" class=\"wp-image-5412 style-1726-image style-local-5287-c13-image\" alt=\"\" srcset=\"https:\/\/wp.schwertzugvogel.org\/wordpress\/wp-content\/uploads\/2025\/02\/cropped-IMG-20250207-WA0003.jpg 1534w, https:\/\/wp.schwertzugvogel.org\/wordpress\/wp-content\/uploads\/2025\/02\/cropped-IMG-20250207-WA0003-254x300.jpg 254w, https:\/\/wp.schwertzugvogel.org\/wordpress\/wp-content\/uploads\/2025\/02\/cropped-IMG-20250207-WA0003-865x1024.jpg 865w, https:\/\/wp.schwertzugvogel.org\/wordpress\/wp-content\/uploads\/2025\/02\/cropped-IMG-20250207-WA0003-768x909.jpg 768w, https:\/\/wp.schwertzugvogel.org\/wordpress\/wp-content\/uploads\/2025\/02\/cropped-IMG-20250207-WA0003-1298x1536.jpg 1298w\" sizes=\"auto, (max-width: 1534px) 100vw, 1534px\" \/>\n                      <div class=\"h-image__frame h-hide-lg h-hide-md h-hide-sm style-1726-frameImage style-local-5287-c13-frameImage\"><\/div>\n                    <\/div>\n                  <\/div>\n                <\/div>\n              <\/div>\n            <\/div>\n          <\/div>\n          <div class=\"h-column h-column-container d-flex h-col-lg-auto h-col-md-auto h-col-auto style-1725-outer style-local-5287-c14-outer\">\n            <div data-colibri-id=\"5287-c14\" class=\"d-flex h-flex-basis h-column__inner h-px-lg-2 h-px-md-2 h-px-2 v-inner-lg-2 v-inner-md-2 v-inner-2 style-1725 style-local-5287-c14 position-relative\">\n              <!---->\n              <!---->\n              <div class=\"w-100 h-y-container h-column__content h-column__v-align flex-basis-100 align-self-lg-start align-self-md-start align-self-start\">\n                <!---->\n                <div data-colibri-id=\"5287-c15\" class=\"d-block style-1727 style-local-5287-c15 position-relative h-element\">\n                  <!---->\n                  <div class=\"h-image__frame-container-outer\">\n                    <div class=\"h-image__frame-container\">\n                      <!---->\n                      <!---->\n                      <img loading=\"lazy\" decoding=\"async\" width=\"1724\" height=\"1536\" src=\"https:\/\/wp.schwertzugvogel.org\/wordpress\/wp-content\/uploads\/2025\/02\/cropped-IMG-20250207-WA0002.jpg\" class=\"wp-image-5420 style-1727-image style-local-5287-c15-image\" alt=\"\" srcset=\"https:\/\/wp.schwertzugvogel.org\/wordpress\/wp-content\/uploads\/2025\/02\/cropped-IMG-20250207-WA0002.jpg 1724w, https:\/\/wp.schwertzugvogel.org\/wordpress\/wp-content\/uploads\/2025\/02\/cropped-IMG-20250207-WA0002-300x267.jpg 300w, https:\/\/wp.schwertzugvogel.org\/wordpress\/wp-content\/uploads\/2025\/02\/cropped-IMG-20250207-WA0002-1024x912.jpg 1024w, https:\/\/wp.schwertzugvogel.org\/wordpress\/wp-content\/uploads\/2025\/02\/cropped-IMG-20250207-WA0002-768x684.jpg 768w, https:\/\/wp.schwertzugvogel.org\/wordpress\/wp-content\/uploads\/2025\/02\/cropped-IMG-20250207-WA0002-1536x1369.jpg 1536w\" sizes=\"auto, (max-width: 1724px) 100vw, 1724px\" \/>\n                      <div class=\"h-image__frame h-hide-lg h-hide-md h-hide-sm style-1727-frameImage style-local-5287-c15-frameImage\"><\/div>\n                    <\/div>\n                  <\/div>\n                <\/div>\n              <\/div>\n            <\/div>\n          <\/div>\n          <div class=\"h-column h-column-container d-flex h-col-lg-auto h-col-md-auto h-col-auto style-1871-outer style-local-5287-c17-outer\">\n            <div data-colibri-id=\"5287-c17\" class=\"d-flex h-flex-basis h-column__inner h-px-lg-2 h-px-md-2 h-px-2 v-inner-lg-2 v-inner-md-2 v-inner-2 style-1871 style-local-5287-c17 position-relative\">\n              <!---->\n              <!---->\n              <div class=\"w-100 h-y-container h-column__content h-column__v-align flex-basis-100 align-self-lg-start align-self-md-start align-self-start\">\n                <!---->\n                <div data-colibri-id=\"5287-c21\" class=\"d-block style-1726 style-local-5287-c21 position-relative h-element\">\n                  <!---->\n                  <div class=\"h-image__frame-container-outer\">\n                    <div class=\"h-image__frame-container\">\n                      <!---->\n                      <!---->\n                      <img loading=\"lazy\" decoding=\"async\" width=\"1836\" height=\"1499\" src=\"https:\/\/wp.schwertzugvogel.org\/wordpress\/wp-content\/uploads\/2025\/08\/cropped-Die-Sieger.jpg\" class=\"wp-image-6408 style-1726-image style-local-5287-c21-image\" alt=\"\" srcset=\"https:\/\/wp.schwertzugvogel.org\/wordpress\/wp-content\/uploads\/2025\/08\/cropped-Die-Sieger.jpg 1836w, https:\/\/wp.schwertzugvogel.org\/wordpress\/wp-content\/uploads\/2025\/08\/cropped-Die-Sieger-300x245.jpg 300w, https:\/\/wp.schwertzugvogel.org\/wordpress\/wp-content\/uploads\/2025\/08\/cropped-Die-Sieger-1024x836.jpg 1024w, https:\/\/wp.schwertzugvogel.org\/wordpress\/wp-content\/uploads\/2025\/08\/cropped-Die-Sieger-768x627.jpg 768w, https:\/\/wp.schwertzugvogel.org\/wordpress\/wp-content\/uploads\/2025\/08\/cropped-Die-Sieger-1536x1254.jpg 1536w\" sizes=\"auto, (max-width: 1836px) 100vw, 1836px\" \/>\n                      <div class=\"h-image__frame h-hide-lg h-hide-md h-hide-sm style-1726-frameImage style-local-5287-c21-frameImage\"><\/div>\n                    <\/div>\n                  <\/div>\n                <\/div>\n              <\/div>\n            <\/div>\n          <\/div>\n        <\/div>\n      <\/div>\n      <div data-colibri-id=\"5287-c22\" class=\"h-row-container gutters-row-lg-2 gutters-row-md-2 gutters-row-0 gutters-row-v-lg-2 gutters-row-v-md-2 gutters-row-v-2 style-1723 style-local-5287-c22 position-relative\">\n        <!---->\n        <div class=\"h-row justify-content-lg-center justify-content-md-center justify-content-center align-items-lg-stretch align-items-md-stretch align-items-stretch gutters-col-lg-2 gutters-col-md-2 gutters-col-0 gutters-col-v-lg-2 gutters-col-v-md-2 gutters-col-v-2\">\n          <!---->\n          <div class=\"h-column h-column-container d-flex h-col-lg-auto h-col-md-auto h-col-auto style-1724-outer style-local-5287-c23-outer\">\n            <div data-colibri-id=\"5287-c23\" class=\"d-flex h-flex-basis h-column__inner h-px-lg-2 h-px-md-2 h-px-2 v-inner-lg-2 v-inner-md-2 v-inner-2 style-1724 style-local-5287-c23 position-relative\">\n              <!---->\n              <!---->\n              <div class=\"w-100 h-y-container h-column__content h-column__v-align flex-basis-100 align-self-lg-start align-self-md-start align-self-start\">\n                <!---->\n                <div data-colibri-id=\"5287-c24\" class=\"d-block style-1726 style-local-5287-c24 position-relative h-element\">\n                  <!---->\n                  <div class=\"h-image__frame-container-outer\">\n                    <div class=\"h-image__frame-container\">\n                      <!---->\n                      <!---->\n                      <img loading=\"lazy\" decoding=\"async\" width=\"1186\" height=\"1272\" src=\"https:\/\/wp.schwertzugvogel.org\/wordpress\/wp-content\/uploads\/2025\/08\/cropped-Kreuz-1.jpg\" class=\"wp-image-6409 style-1726-image style-local-5287-c24-image\" alt=\"\" srcset=\"https:\/\/wp.schwertzugvogel.org\/wordpress\/wp-content\/uploads\/2025\/08\/cropped-Kreuz-1.jpg 1186w, https:\/\/wp.schwertzugvogel.org\/wordpress\/wp-content\/uploads\/2025\/08\/cropped-Kreuz-1-280x300.jpg 280w, https:\/\/wp.schwertzugvogel.org\/wordpress\/wp-content\/uploads\/2025\/08\/cropped-Kreuz-1-955x1024.jpg 955w, https:\/\/wp.schwertzugvogel.org\/wordpress\/wp-content\/uploads\/2025\/08\/cropped-Kreuz-1-768x824.jpg 768w\" sizes=\"auto, (max-width: 1186px) 100vw, 1186px\" \/>\n                      <div class=\"h-image__frame h-hide-lg h-hide-md h-hide-sm style-1726-frameImage style-local-5287-c24-frameImage\"><\/div>\n                    <\/div>\n                  <\/div>\n                <\/div>\n              <\/div>\n            <\/div>\n          <\/div>\n          <div class=\"h-column h-column-container d-flex h-col-lg-auto h-col-md-auto h-col-auto style-1725-outer style-local-5287-c25-outer\">\n            <div data-colibri-id=\"5287-c25\" class=\"d-flex h-flex-basis h-column__inner h-px-lg-2 h-px-md-2 h-px-2 v-inner-lg-2 v-inner-md-2 v-inner-2 style-1725 style-local-5287-c25 position-relative\">\n              <!---->\n              <!---->\n              <div class=\"w-100 h-y-container h-column__content h-column__v-align flex-basis-100 align-self-lg-start align-self-md-start align-self-start\">\n                <!---->\n                <div data-colibri-id=\"5287-c26\" class=\"d-block style-1727 style-local-5287-c26 position-relative h-element\">\n                  <!---->\n                  <div class=\"h-image__frame-container-outer\">\n                    <div class=\"h-image__frame-container\">\n                      <!---->\n                      <!---->\n                      <img loading=\"lazy\" decoding=\"async\" width=\"1161\" height=\"1024\" src=\"https:\/\/wp.schwertzugvogel.org\/wordpress\/wp-content\/uploads\/2025\/08\/cropped-PHOTO-2025-05-30-20-01-06.jpg\" class=\"wp-image-6410 style-1727-image style-local-5287-c26-image\" alt=\"\" srcset=\"https:\/\/wp.schwertzugvogel.org\/wordpress\/wp-content\/uploads\/2025\/08\/cropped-PHOTO-2025-05-30-20-01-06.jpg 1161w, https:\/\/wp.schwertzugvogel.org\/wordpress\/wp-content\/uploads\/2025\/08\/cropped-PHOTO-2025-05-30-20-01-06-300x265.jpg 300w, https:\/\/wp.schwertzugvogel.org\/wordpress\/wp-content\/uploads\/2025\/08\/cropped-PHOTO-2025-05-30-20-01-06-1024x903.jpg 1024w, https:\/\/wp.schwertzugvogel.org\/wordpress\/wp-content\/uploads\/2025\/08\/cropped-PHOTO-2025-05-30-20-01-06-768x677.jpg 768w\" sizes=\"auto, (max-width: 1161px) 100vw, 1161px\" \/>\n                      <div class=\"h-image__frame h-hide-lg h-hide-md h-hide-sm style-1727-frameImage style-local-5287-c26-frameImage\"><\/div>\n                    <\/div>\n                  <\/div>\n                <\/div>\n                <div data-colibri-id=\"5287-c27\" class=\"h-text h-text-component style-1730 style-local-5287-c27 position-relative h-element\">\n                  <!---->\n                  <!---->\n                  <div class=\"\">\n                    <p>Bilder: Armin Nietert<\/p>\n                  <\/div>\n                <\/div>\n              <\/div>\n            <\/div>\n          <\/div>\n          <div class=\"h-column h-column-container d-flex h-col-lg-auto h-col-md-auto h-col-auto style-1871-outer style-local-5287-c28-outer\">\n            <div data-colibri-id=\"5287-c28\" class=\"d-flex h-flex-basis h-column__inner h-px-lg-2 h-px-md-2 h-px-2 v-inner-lg-2 v-inner-md-2 v-inner-2 style-1871 style-local-5287-c28 position-relative\">\n              <!---->\n              <!---->\n              <div class=\"w-100 h-y-container h-column__content h-column__v-align flex-basis-100 align-self-lg-start align-self-md-start align-self-start\">\n                <!---->\n                <div data-colibri-id=\"5287-c29\" class=\"d-block style-1726 style-local-5287-c29 position-relative h-element\">\n                  <!---->\n                  <div class=\"h-image__frame-container-outer\">\n                    <div class=\"h-image__frame-container\">\n                      <!---->\n                      <!---->\n                      <img loading=\"lazy\" decoding=\"async\" width=\"1470\" height=\"1379\" src=\"https:\/\/wp.schwertzugvogel.org\/wordpress\/wp-content\/uploads\/2025\/08\/cropped-Kreuz-2.jpg\" class=\"wp-image-6411 style-1726-image style-local-5287-c29-image\" alt=\"\" srcset=\"https:\/\/wp.schwertzugvogel.org\/wordpress\/wp-content\/uploads\/2025\/08\/cropped-Kreuz-2.jpg 1470w, https:\/\/wp.schwertzugvogel.org\/wordpress\/wp-content\/uploads\/2025\/08\/cropped-Kreuz-2-300x281.jpg 300w, https:\/\/wp.schwertzugvogel.org\/wordpress\/wp-content\/uploads\/2025\/08\/cropped-Kreuz-2-1024x961.jpg 1024w, https:\/\/wp.schwertzugvogel.org\/wordpress\/wp-content\/uploads\/2025\/08\/cropped-Kreuz-2-768x720.jpg 768w\" sizes=\"auto, (max-width: 1470px) 100vw, 1470px\" \/>\n                      <div class=\"h-image__frame h-hide-lg h-hide-md h-hide-sm style-1726-frameImage style-local-5287-c29-frameImage\"><\/div>\n                    <\/div>\n                  <\/div>\n                <\/div>\n              <\/div>\n            <\/div>\n          <\/div>\n        <\/div>\n      <\/div>\n      <div data-colibri-id=\"5287-c19\" class=\"h-row-container gutters-row-lg-2 gutters-row-md-2 gutters-row-0 gutters-row-v-lg-2 gutters-row-v-md-2 gutters-row-v-2 style-1872 style-local-5287-c19 position-relative\">\n        <!---->\n        <div class=\"h-row justify-content-lg-center justify-content-md-center justify-content-center align-items-lg-stretch align-items-md-stretch align-items-stretch gutters-col-lg-2 gutters-col-md-2 gutters-col-0 gutters-col-v-lg-2 gutters-col-v-md-2 gutters-col-v-2\">\n          <!---->\n          <div class=\"h-column h-column-container d-flex h-col-lg-auto h-col-md-auto h-col-auto style-1873-outer style-local-5287-c20-outer\">\n            <div data-colibri-id=\"5287-c20\" class=\"d-flex h-flex-basis h-column__inner h-ui-empty-state-container h-px-lg-2 h-px-md-2 h-px-2 v-inner-lg-2 v-inner-md-2 v-inner-2 style-1873 style-local-5287-c20 position-relative\">\n              <!---->\n              <!---->\n              <div class=\"w-100 h-y-container h-column__content h-column__v-align flex-basis-100\">\n                <!---->\n              <\/div>\n            <\/div>\n          <\/div>\n        <\/div>\n      <\/div>\n    <\/div>\n  <\/div>\n<\/div>","protected":false},"excerpt":{"rendered":"<p>Silberner SZV (29.05. &#8211; 30.05.) German Open 2025 (30.05. &#8211; 01.06.) Steinhuder Meer Ergebnisse Am 29. Mai war unsere Schwertzugvogelflotte mit neunzehn teilnehmenden Crews wieder einmal bei Segelverein Gro\u00dfenheidorn am [&hellip;]<\/p>\n","protected":false},"author":1,"featured_media":0,"parent":0,"menu_order":0,"comment_status":"closed","ping_status":"closed","template":"page-templates\/full-width-page.php","meta":{"footnotes":""},"class_list":["post-5287","page","type-page","status-publish","hentry"],"_links":{"self":[{"href":"https:\/\/wp.schwertzugvogel.org\/wordpress\/index.php?rest_route=\/wp\/v2\/pages\/5287","targetHints":{"allow":["GET"]}}],"collection":[{"href":"https:\/\/wp.schwertzugvogel.org\/wordpress\/index.php?rest_route=\/wp\/v2\/pages"}],"about":[{"href":"https:\/\/wp.schwertzugvogel.org\/wordpress\/index.php?rest_route=\/wp\/v2\/types\/page"}],"author":[{"embeddable":true,"href":"https:\/\/wp.schwertzugvogel.org\/wordpress\/index.php?rest_route=\/wp\/v2\/users\/1"}],"replies":[{"embeddable":true,"href":"https:\/\/wp.schwertzugvogel.org\/wordpress\/index.php?rest_route=%2Fwp%2Fv2%2Fcomments&post=5287"}],"version-history":[{"count":20,"href":"https:\/\/wp.schwertzugvogel.org\/wordpress\/index.php?rest_route=\/wp\/v2\/pages\/5287\/revisions"}],"predecessor-version":[{"id":6420,"href":"https:\/\/wp.schwertzugvogel.org\/wordpress\/index.php?rest_route=\/wp\/v2\/pages\/5287\/revisions\/6420"}],"wp:attachment":[{"href":"https:\/\/wp.schwertzugvogel.org\/wordpress\/index.php?rest_route=%2Fwp%2Fv2%2Fmedia&parent=5287"}],"curies":[{"name":"wp","href":"https:\/\/api.w.org\/{rel}","templated":true}]}}