{"id":4439,"date":"2024-10-12T20:10:47","date_gmt":"2024-10-12T20:10:47","guid":{"rendered":"https:\/\/wp.schwertzugvogel.org\/wordpress\/?page_id=4439"},"modified":"2024-10-12T20:16:20","modified_gmt":"2024-10-12T20:16:20","slug":"fahrtenseglertreffen-2025-news","status":"publish","type":"page","link":"https:\/\/wp.schwertzugvogel.org\/wordpress\/?page_id=4439","title":{"rendered":"Fahrtenseglertreffen 2025 News"},"content":{"rendered":"<div data-colibri-id=\"4439-c1\" class=\"style-1591 style-local-4439-c1 position-relative\">\n  <!---->\n  <div data-colibri-component=\"section\" data-colibri-id=\"4439-c2\" id=\"custom\" class=\"h-section h-section-global-spacing d-flex align-items-lg-center align-items-md-center align-items-center style-1592 style-local-4439-c2 position-relative\">\n    <!---->\n    <!---->\n    <div class=\"h-section-grid-container h-section-boxed-container\">\n      <!---->\n      <div data-colibri-id=\"4439-c3\" class=\"h-row-container gutters-row-lg-2 gutters-row-md-2 gutters-row-0 gutters-row-v-lg-2 gutters-row-v-md-2 gutters-row-v-2 style-1593 style-local-4439-c3 position-relative\">\n        <!---->\n        <div class=\"h-row justify-content-lg-center justify-content-md-center justify-content-center align-items-lg-stretch align-items-md-stretch align-items-stretch gutters-col-lg-2 gutters-col-md-2 gutters-col-0 gutters-col-v-lg-2 gutters-col-v-md-2 gutters-col-v-2\">\n          <!---->\n          <div class=\"h-column h-column-container d-flex h-col-lg-auto h-col-md-auto h-col-auto style-1594-outer style-local-4439-c4-outer\">\n            <div data-colibri-id=\"4439-c4\" class=\"d-flex h-flex-basis h-column__inner h-px-lg-2 h-px-md-2 h-px-2 v-inner-lg-2 v-inner-md-2 v-inner-2 style-1594 style-local-4439-c4 position-relative\">\n              <!---->\n              <!---->\n              <div class=\"w-100 h-y-container h-column__content h-column__v-align flex-basis-100 align-self-lg-start align-self-md-start align-self-start\">\n                <!---->\n                <div data-colibri-id=\"4439-c5\" class=\"h-text h-text-component style-1595 style-local-4439-c5 position-relative h-element\">\n                  <!---->\n                  <!---->\n                  <div class=\"\">\n                    <p>Liebe Wanderzugvogelsegler,<\/p>\n                    <p>&nbsp;die Tage werden k\u00fcrze und somit steht die neue Saison fast vor der T\u00fcr. Die Saisonplanung f\u00fcr 2025 kann begonnen werden und hier starten wir mit unserem Event 2025:<\/p>\n                    <p><strong>Fahrtenseglertreffen Woudsend, <u>3. bis 7. Juli 2025<\/u><\/strong><\/p>\n                    <p>Hier geht es direkt zu den Infos und der Anmeldung:<\/p>\n                    <p>\n                      <a href=\"https:\/\/kieler.org\/wordpress?nltr=MTE4OzI1MjtodHRwczovL3dhbmRlcnp1Z3ZvZ2VsLmRlL2FubWVsZHVuZy87OzAwMTBiMjEyNDdjZTI5ZmYyMzQ0N2I5YzVkM2IxYjg2\" class=\"customize-unpreviewable\">\n                        <u>https:\/\/wanderzugvogel.de\/anmeldung\/<\/u>\n                      <\/a>\n                    <\/p>\n                    <p>&nbsp;Habt Ihr noch Berichte und Fotos von Euren Aktivit\u00e4ten 2024? Sendet uns diese gerne zu.<\/p>\n                    <p>&nbsp;Zus\u00e4tzliche Infos rund ums Zugvogel segeln findet Ihr auf den Webseiten der Klassenvereinigungen:<\/p>\n                    <p>Kielzugvogel-Klassenvereinigung e.V.\n                      <a href=\"https:\/\/kieler.org\/wordpress?nltr=MTE4OzI1MjtodHRwOi8vd3d3LmtpZWxlci5vcmcvOzs1NWI5MWM2OWM4YmFjMDE5MDQ0YmNmZDE4YWZlYmQ0ZA%3D%3D\" class=\"customize-unpreviewable\">www.kieler.org<\/a>\n                    <\/p>\n                    <p>Schwertzugvogel-Vereinigung e.V.\n                      <a href=\"https:\/\/kieler.org\/wordpress?nltr=MTE4OzI1MjtodHRwOi8vd3d3LnNjaHdlcnR6dWd2b2dlbC5vcmcvOzs4MjhmMzJjMjQ3N2U5ZjM4OGZhYzM0MzllZDgzNjlkZA%3D%3D\" class=\"customize-unpreviewable\">www.schwertzugvogel.org<\/a>\n                    <\/p>\n                    <p>&nbsp;Oliver<\/p>\n                    <p>&nbsp;<\/p>\n                    <p>\n                      <br>\n                    <\/p>\n                    <p>\n                      <br>\n                    <\/p>\n                    <p>\n                      <br>\n                    <\/p>\n                    <p>M\u00e4rz 2024 Fahrtensegeln <\/p>\n                    <p>\n                      <a href=\"https:\/\/kieler.org\/wordpress?nltr=MTE4OzI1MjtodHRwczovL2tpZWxlci5vcmcvd29yZHByZXNzLz9uYT12Jm5rPTI1Mi1mZThjOWY4ZDEzJmlkPTExODs7MTY1NWM0NmExYmUzNmY0ZjcxMzc1OTkxYmUwNGM2MTA%3D\" target=\"_blank\" class=\"customize-unpreviewable\" rel=\"noopener\">www.Kieler.org<\/a>\n                    <\/p>\n                    <p>\n                      <br>\n                    <\/p>\n                    <p>\n                      <a href=\"https:\/\/kieler.org\/wordpress?nltr=MTE4OzI1MjtodHRwczovL3dhbmRlcnp1Z3ZvZ2VsLmRlOztiMDNlYjBiMTJlMmY4NDRiMDQwYzJkOWFhNDY5ZmYwYg%3D%3D\" target=\"_blank\" class=\"customize-unpreviewable\" rel=\"noopener\"><strong>Zum Wanderzugvogel.de<\/strong><\/a>\n                    <\/p>\n                    <p>\n                      <br>\n                    <\/p>\n                    <p>\n                      <br>\n                    <\/p>\n                    <p>&nbsp;<\/p>\n                    <p>&nbsp;<\/p>\n                    <p>\n                      <br>\n                    <\/p>\n                    <p><strong>Kielzugvogel-Klassenvereinigung e.V.<\/strong>\n                      <br> Bochumer Str. 90c 45549 Sprockh\u00f6vel\n                      <br><em>Tel: +49 151 56029227 &#8211; <\/em>\n                      <a href=\"mailto:info@kieler.org\"><em>info@kieler.org<\/em><\/a><em> &#8211; <\/em>\n                      <a href=\"http:\/\/www.kieler.org\" class=\"customize-unpreviewable\"><em>www.kieler.org<\/em><\/a>\n                    <\/p>\n                    <p>\n                      <br>\n                    <\/p>\n                    <p>\n                      <a href=\"https:\/\/kieler.org\/wordpress?nltr=MTE4OzI1MjtodHRwczovL2tpZWxlci5vcmcvd29yZHByZXNzLz9uYT1wJm5rPTI1Mi1mZThjOWY4ZDEzJm5laz0xMTgtOztmOTljMDQzNDBjMDU5MWJiYTllZjJkMTI3MjA0NjJiYw%3D%3D\" target=\"_blank\" class=\"customize-unpreviewable\" rel=\"noopener\">Modify your subscription<\/a> &nbsp;&nbsp;&nbsp;|&nbsp;&nbsp;&nbsp; <\/p>\n                    <p> <\/p>\n                  <\/div>\n                <\/div>\n              <\/div>\n            <\/div>\n          <\/div>\n        <\/div>\n      <\/div>\n      <div data-colibri-id=\"4439-c6\" class=\"h-row-container gutters-row-lg-2 gutters-row-md-2 gutters-row-0 gutters-row-v-lg-2 gutters-row-v-md-2 gutters-row-v-2 style-1596 style-local-4439-c6 position-relative\">\n        <!---->\n        <div class=\"h-row justify-content-lg-center justify-content-md-center justify-content-center align-items-lg-stretch align-items-md-stretch align-items-stretch gutters-col-lg-2 gutters-col-md-2 gutters-col-0 gutters-col-v-lg-2 gutters-col-v-md-2 gutters-col-v-2\">\n          <!---->\n          <div class=\"h-column h-column-container d-flex h-col-lg-auto h-col-md-auto h-col-auto style-1597-outer style-local-4439-c7-outer\">\n            <div data-colibri-id=\"4439-c7\" class=\"d-flex h-flex-basis h-column__inner h-ui-empty-state-container h-px-lg-2 h-px-md-2 h-px-2 v-inner-lg-2 v-inner-md-2 v-inner-2 style-1597 style-local-4439-c7 position-relative\">\n              <!---->\n              <!---->\n              <div class=\"w-100 h-y-container h-column__content h-column__v-align flex-basis-100\">\n                <!---->\n              <\/div>\n            <\/div>\n          <\/div>\n        <\/div>\n      <\/div>\n    <\/div>\n  <\/div>\n<\/div>","protected":false},"excerpt":{"rendered":"<p>Liebe Wanderzugvogelsegler, &nbsp;die Tage werden k\u00fcrze und somit steht die neue Saison fast vor der T\u00fcr. Die Saisonplanung f\u00fcr 2025 kann begonnen werden und hier starten wir mit unserem Event [&hellip;]<\/p>\n","protected":false},"author":1,"featured_media":0,"parent":0,"menu_order":0,"comment_status":"closed","ping_status":"closed","template":"page-templates\/full-width-page.php","meta":{"footnotes":""},"class_list":["post-4439","page","type-page","status-publish","hentry"],"_links":{"self":[{"href":"https:\/\/wp.schwertzugvogel.org\/wordpress\/index.php?rest_route=\/wp\/v2\/pages\/4439","targetHints":{"allow":["GET"]}}],"collection":[{"href":"https:\/\/wp.schwertzugvogel.org\/wordpress\/index.php?rest_route=\/wp\/v2\/pages"}],"about":[{"href":"https:\/\/wp.schwertzugvogel.org\/wordpress\/index.php?rest_route=\/wp\/v2\/types\/page"}],"author":[{"embeddable":true,"href":"https:\/\/wp.schwertzugvogel.org\/wordpress\/index.php?rest_route=\/wp\/v2\/users\/1"}],"replies":[{"embeddable":true,"href":"https:\/\/wp.schwertzugvogel.org\/wordpress\/index.php?rest_route=%2Fwp%2Fv2%2Fcomments&post=4439"}],"version-history":[{"count":2,"href":"https:\/\/wp.schwertzugvogel.org\/wordpress\/index.php?rest_route=\/wp\/v2\/pages\/4439\/revisions"}],"predecessor-version":[{"id":4444,"href":"https:\/\/wp.schwertzugvogel.org\/wordpress\/index.php?rest_route=\/wp\/v2\/pages\/4439\/revisions\/4444"}],"wp:attachment":[{"href":"https:\/\/wp.schwertzugvogel.org\/wordpress\/index.php?rest_route=%2Fwp%2Fv2%2Fmedia&parent=4439"}],"curies":[{"name":"wp","href":"https:\/\/api.w.org\/{rel}","templated":true}]}}