{"id":3514,"date":"2024-06-18T19:34:03","date_gmt":"2024-06-18T19:34:03","guid":{"rendered":"https:\/\/wp.schwertzugvogel.org\/wordpress\/?page_id=3514"},"modified":"2024-10-03T08:21:33","modified_gmt":"2024-10-03T08:21:33","slug":"2024-landesmeisterschaft-nrw","status":"publish","type":"page","link":"https:\/\/wp.schwertzugvogel.org\/wordpress\/?page_id=3514","title":{"rendered":"2024 Landesmeisterschaft NRW"},"content":{"rendered":"<div data-colibri-id=\"3514-c1\" class=\"style-1424 style-local-3514-c1 position-relative\">\n  <!---->\n  <div data-colibri-component=\"section\" data-colibri-id=\"3514-c2\" id=\"custom\" class=\"h-section h-section-global-spacing d-flex align-items-lg-center align-items-md-center align-items-center style-1425 style-local-3514-c2 position-relative\">\n    <!---->\n    <!---->\n    <div class=\"h-section-grid-container h-section-boxed-container\">\n      <!---->\n      <div data-colibri-id=\"3514-c3\" class=\"h-row-container gutters-row-lg-2 gutters-row-md-2 gutters-row-0 gutters-row-v-lg-2 gutters-row-v-md-2 gutters-row-v-2 style-1426 style-local-3514-c3 position-relative\">\n        <!---->\n        <div class=\"h-row justify-content-lg-center justify-content-md-center justify-content-center align-items-lg-stretch align-items-md-stretch align-items-stretch gutters-col-lg-2 gutters-col-md-2 gutters-col-0 gutters-col-v-lg-2 gutters-col-v-md-2 gutters-col-v-2\">\n          <!---->\n          <div class=\"h-column h-column-container d-flex h-col-lg-auto h-col-md-auto h-col-auto style-1427-outer style-local-3514-c4-outer\">\n            <div data-colibri-id=\"3514-c4\" class=\"d-flex h-flex-basis h-column__inner h-px-lg-2 h-px-md-2 h-px-2 v-inner-lg-2 v-inner-md-2 v-inner-2 style-1427 style-local-3514-c4 position-relative\">\n              <!---->\n              <!---->\n              <div class=\"w-100 h-y-container h-column__content h-column__v-align flex-basis-100 align-self-lg-start align-self-md-start align-self-start\">\n                <!---->\n                <div data-colibri-id=\"3514-c5\" class=\"h-global-transition-all h-heading style-1428 style-local-3514-c5 position-relative h-element\">\n                  <!---->\n                  <div class=\"h-heading__outer style-1428 style-local-3514-c5\">\n                    <!---->\n                    <!---->\n                    <h1 class=\"\">15.\/16.06.2024, Landesmeisterschaft NRW, M\u00f6hnesee<\/h1>\n                  <\/div>\n                <\/div>\n                <div data-colibri-id=\"3514-c6\" class=\"h-x-container style-1429 style-local-3514-c6 position-relative h-element\">\n                  <!---->\n                  <div class=\"h-x-container-inner style-dynamic-3514-c6-group style-1429-spacing style-local-3514-c6-spacing\"><span class=\"h-button__outer style-1430-outer style-local-3514-c7-outer d-inline-flex h-element\"><a h-use-smooth-scroll=\"true\" href=\"https:\/\/wp.schwertzugvogel.org\/wordpress\/wp-content\/uploads\/2024\/06\/2024-Landesmeisterschaft-Moehne.pdf\" target=\"_blank\" data-colibri-id=\"3514-c7\" class=\"d-flex w-100 align-items-center h-button justify-content-lg-center justify-content-md-center justify-content-center style-1430 style-local-3514-c7 position-relative\" rel=\"noopener\"><!----><span  class=\"h-svg-icon h-button__icon style-1430-icon style-local-3514-c7-icon\"><!--Icon by Font Awesome (https:\/\/fontawesome.com)-->\n    <svg version=\"1.1\" xmlns=\"http:\/\/www.w3.org\/2000\/svg\" xmlns:xlink=\"http:\/\/www.w3.org\/1999\/xlink\" id=\"star-o\" viewBox=\"0 0 1664 1896.0833\">\n      <path d=\"M1137 1004l306-297-422-62-189-382-189 382-422 62 306 297-73 421 378-199 377 199zm527-357q0 22-26 48l-363 354 86 500q1 7 1 20 0 50-41 50-19 0-40-12l-449-236-449 236q-22 12-40 12-21 0-31.5-14.5T301 1569q0-6 2-20l86-500L25 695Q0 668 0 647q0-37 56-46l502-73L783 73q19-41 49-41t49 41l225 455 502 73q56 9 56 46z\"><\/path>\n    <\/svg><\/span> <span>Ergebnisse<\/span><\/a>\n                    <\/span>\n                  <\/div>\n                <\/div>\n              <\/div>\n            <\/div>\n          <\/div>\n        <\/div>\n      <\/div>\n      <div data-colibri-id=\"3514-c8\" class=\"h-row-container gutters-row-lg-2 gutters-row-md-2 gutters-row-0 gutters-row-v-lg-2 gutters-row-v-md-2 gutters-row-v-2 style-1431 style-local-3514-c8 position-relative\">\n        <!---->\n        <div class=\"h-row justify-content-lg-center justify-content-md-center justify-content-center align-items-lg-stretch align-items-md-stretch align-items-stretch gutters-col-lg-2 gutters-col-md-2 gutters-col-0 gutters-col-v-lg-2 gutters-col-v-md-2 gutters-col-v-2\">\n          <!---->\n          <div class=\"h-column h-column-container d-flex h-col-lg-auto h-col-md-auto h-col-auto style-1432-outer style-local-3514-c9-outer\">\n            <div data-colibri-id=\"3514-c9\" class=\"d-flex h-flex-basis h-column__inner h-px-lg-2 h-px-md-2 h-px-2 v-inner-lg-2 v-inner-md-2 v-inner-2 style-1432 style-local-3514-c9 position-relative\">\n              <!---->\n              <!---->\n              <div class=\"w-100 h-y-container h-column__content h-column__v-align flex-basis-100 align-self-lg-start align-self-md-start align-self-start\">\n                <!---->\n                <div data-colibri-id=\"3514-c10\" class=\"h-text h-text-component style-1433 style-local-3514-c10 position-relative h-element\">\n                  <!---->\n                  <!---->\n                  <div class=\"\">\n                    <p>Ein aufregendes Wochenende an der M\u00f6hne ist zu Ende gegangen. Nachdem der Start am Samstag eine ganze Zeit verschoben werden musste wurde die erste Wettfahrt schlie\u00dflich mit Verz\u00f6gerung schlie\u00dflich zusammen mit einem etwas gleichstarken\n                      Feld der Korsarklasse bei f\u00fcnfer Wind &#8211; in B\u00f6en sechs bis sieben -angeschossen.<\/p>\n                    <p>Wind und Welle verlangten den Seglern alles ab . Am Ende des Tages waren die Pl\u00e4tze vier bis sechs alle punktgleich, so dass es auch am Sonntag spannend blieb.<\/p>\n                    <p>Am Abend wurde gemeinsam der leckere Spie\u00dfbraten aus der K\u00fcche des Clubwirtes Martin verzehrt und das aktuelle Spiel der Fu\u00dfball EM angesehen .<\/p>\n                    <p>Auch der n\u00e4chste Tag hielt f\u00fcr Segler und Zuschauer bei Anfange immer noch sehr anspruchsvollem Wind eine Reihe \u00dcberraschungen bereit.<\/p>\n                    <p>Letztendlich siegte Manni Br\u00e4ndle mit Vorschoter Tobias Zboralski vor Benni Auerbach mit Uwe Horstmann . Dritte : Markus Kaschuba mit Martin Weber. Weiter Ergebnisse auf Manage to Sail.<\/p>\n                    <p>Bericht: Steffi Diegel (KSK)<\/p>\n                    <p>Fotos:&nbsp;Olaf Literski (YCWA)<\/p>\n                  <\/div>\n                <\/div>\n              <\/div>\n            <\/div>\n          <\/div>\n        <\/div>\n      <\/div>\n      <div data-colibri-id=\"3514-c11\" class=\"h-row-container gutters-row-lg-2 gutters-row-md-2 gutters-row-0 gutters-row-v-lg-2 gutters-row-v-md-2 gutters-row-v-2 style-1440 style-local-3514-c11 position-relative\">\n        <!---->\n        <div class=\"h-row justify-content-lg-center justify-content-md-center justify-content-center align-items-lg-stretch align-items-md-stretch align-items-stretch gutters-col-lg-2 gutters-col-md-2 gutters-col-0 gutters-col-v-lg-2 gutters-col-v-md-2 gutters-col-v-2\">\n          <!---->\n          <div class=\"h-column h-column-container d-flex h-col-lg-auto h-col-md-auto h-col-auto style-1441-outer style-local-3514-c12-outer\">\n            <div data-colibri-id=\"3514-c12\" class=\"d-flex h-flex-basis h-column__inner h-px-lg-2 h-px-md-2 h-px-2 v-inner-lg-2 v-inner-md-2 v-inner-2 style-1441 style-local-3514-c12 position-relative\">\n              <!---->\n              <!---->\n              <div class=\"w-100 h-y-container h-column__content h-column__v-align flex-basis-100 align-self-lg-start align-self-md-start align-self-start\">\n                <!---->\n                <div data-colibri-component=\"masonry\" data-colibri-id=\"3514-c13\" class=\"h-photo-gallery margin-none caption-none style-1442 style-local-3514-c13 position-relative h-element\">\n                  <!---->\n                  <div class=\"h-global-transition-all\"><div id='colibri-3514-c13' class='gallery-wrapper'>    <style type=\"text\/css\">\n\n        @media (min-width: 1023px) {        #colibri-3514-c13        dl {\n            float: left;\n            width: 50% !important;\n            max-width: 50% !important;\n            min-width: 50% !important;\n        }\n\n        #colibri-3514-c13        dl:nth-of-type(2n +1 ) {\n            clear: both;\n        }\n\n        }@media (min-width: 768px) and (max-width: 1023px) {        #colibri-3514-c13        dl {\n            float: left;\n            width: 50% !important;\n            max-width: 50% !important;\n            min-width: 50% !important;\n        }\n\n        #colibri-3514-c13        dl:nth-of-type(2n +1 ) {\n            clear: both;\n        }\n\n        }@media (max-width: 767px) {        #colibri-3514-c13        dl {\n            float: left;\n            width: 50% !important;\n            max-width: 50% !important;\n            min-width: 50% !important;\n        }\n\n        #colibri-3514-c13        dl:nth-of-type(2n +1 ) {\n            clear: both;\n        }\n\n        }\n        #colibri-3514-c13        .gallery-item {\n            position: relative;\n        }\n\n        \n    <\/style>\n    <div   class='colibri-3514-c13-dls-wrapper gallery-items-wrapper' ><dl class='gallery-item masonry-item'>\n\t\t\t<dt class='gallery-icon landscape'>\n\t\t\t\t<a data-fancybox=\"colibri-3514-c13-group\" href='https:\/\/wp.schwertzugvogel.org\/wordpress\/wp-content\/uploads\/2024\/07\/IMG_9004-scaled.jpg'><img loading=\"lazy\" decoding=\"async\"  width=\"300\" height=\"225\" src=\"https:\/\/wp.schwertzugvogel.org\/wordpress\/wp-content\/uploads\/2024\/07\/IMG_9004-300x225.jpg\"  class='colibri-3514-c13-image' alt=\"\" srcset=\"https:\/\/wp.schwertzugvogel.org\/wordpress\/wp-content\/uploads\/2024\/07\/IMG_9004-300x225.jpg 300w, https:\/\/wp.schwertzugvogel.org\/wordpress\/wp-content\/uploads\/2024\/07\/IMG_9004-1024x768.jpg 1024w, https:\/\/wp.schwertzugvogel.org\/wordpress\/wp-content\/uploads\/2024\/07\/IMG_9004-768x576.jpg 768w, https:\/\/wp.schwertzugvogel.org\/wordpress\/wp-content\/uploads\/2024\/07\/IMG_9004-1536x1152.jpg 1536w, https:\/\/wp.schwertzugvogel.org\/wordpress\/wp-content\/uploads\/2024\/07\/IMG_9004-2048x1536.jpg 2048w\" sizes=\"auto, (max-width: 300px) 100vw, 300px\" \/><\/a>\n\t\t\t<\/dt><\/dl><dl class='gallery-item masonry-item'>\n\t\t\t<dt class='gallery-icon landscape'>\n\t\t\t\t<a data-fancybox=\"colibri-3514-c13-group\" href='https:\/\/wp.schwertzugvogel.org\/wordpress\/wp-content\/uploads\/2024\/07\/IMG_9050-scaled.jpg'><img loading=\"lazy\" decoding=\"async\"  width=\"300\" height=\"169\" src=\"https:\/\/wp.schwertzugvogel.org\/wordpress\/wp-content\/uploads\/2024\/07\/IMG_9050-300x169.jpg\"  class='colibri-3514-c13-image' alt=\"\" srcset=\"https:\/\/wp.schwertzugvogel.org\/wordpress\/wp-content\/uploads\/2024\/07\/IMG_9050-300x169.jpg 300w, https:\/\/wp.schwertzugvogel.org\/wordpress\/wp-content\/uploads\/2024\/07\/IMG_9050-1024x576.jpg 1024w, https:\/\/wp.schwertzugvogel.org\/wordpress\/wp-content\/uploads\/2024\/07\/IMG_9050-768x432.jpg 768w, https:\/\/wp.schwertzugvogel.org\/wordpress\/wp-content\/uploads\/2024\/07\/IMG_9050-1536x864.jpg 1536w, https:\/\/wp.schwertzugvogel.org\/wordpress\/wp-content\/uploads\/2024\/07\/IMG_9050-2048x1152.jpg 2048w\" sizes=\"auto, (max-width: 300px) 100vw, 300px\" \/><\/a>\n\t\t\t<\/dt><\/dl><dl class='gallery-item masonry-item'>\n\t\t\t<dt class='gallery-icon landscape'>\n\t\t\t\t<a data-fancybox=\"colibri-3514-c13-group\" href='https:\/\/wp.schwertzugvogel.org\/wordpress\/wp-content\/uploads\/2024\/07\/IMG_9049-scaled.jpg'><img loading=\"lazy\" decoding=\"async\"  width=\"300\" height=\"169\" src=\"https:\/\/wp.schwertzugvogel.org\/wordpress\/wp-content\/uploads\/2024\/07\/IMG_9049-300x169.jpg\"  class='colibri-3514-c13-image' alt=\"\" srcset=\"https:\/\/wp.schwertzugvogel.org\/wordpress\/wp-content\/uploads\/2024\/07\/IMG_9049-300x169.jpg 300w, https:\/\/wp.schwertzugvogel.org\/wordpress\/wp-content\/uploads\/2024\/07\/IMG_9049-1024x576.jpg 1024w, https:\/\/wp.schwertzugvogel.org\/wordpress\/wp-content\/uploads\/2024\/07\/IMG_9049-768x432.jpg 768w, https:\/\/wp.schwertzugvogel.org\/wordpress\/wp-content\/uploads\/2024\/07\/IMG_9049-1536x864.jpg 1536w, https:\/\/wp.schwertzugvogel.org\/wordpress\/wp-content\/uploads\/2024\/07\/IMG_9049-2048x1152.jpg 2048w\" sizes=\"auto, (max-width: 300px) 100vw, 300px\" \/><\/a>\n\t\t\t<\/dt><\/dl><dl class='gallery-item masonry-item'>\n\t\t\t<dt class='gallery-icon landscape'>\n\t\t\t\t<a data-fancybox=\"colibri-3514-c13-group\" href='https:\/\/wp.schwertzugvogel.org\/wordpress\/wp-content\/uploads\/2024\/07\/IMG_9042-scaled.jpg'><img loading=\"lazy\" decoding=\"async\"  width=\"300\" height=\"169\" src=\"https:\/\/wp.schwertzugvogel.org\/wordpress\/wp-content\/uploads\/2024\/07\/IMG_9042-300x169.jpg\"  class='colibri-3514-c13-image' alt=\"\" srcset=\"https:\/\/wp.schwertzugvogel.org\/wordpress\/wp-content\/uploads\/2024\/07\/IMG_9042-300x169.jpg 300w, https:\/\/wp.schwertzugvogel.org\/wordpress\/wp-content\/uploads\/2024\/07\/IMG_9042-1024x576.jpg 1024w, https:\/\/wp.schwertzugvogel.org\/wordpress\/wp-content\/uploads\/2024\/07\/IMG_9042-768x432.jpg 768w, https:\/\/wp.schwertzugvogel.org\/wordpress\/wp-content\/uploads\/2024\/07\/IMG_9042-1536x864.jpg 1536w, https:\/\/wp.schwertzugvogel.org\/wordpress\/wp-content\/uploads\/2024\/07\/IMG_9042-2048x1152.jpg 2048w\" sizes=\"auto, (max-width: 300px) 100vw, 300px\" \/><\/a>\n\t\t\t<\/dt><\/dl><dl class='gallery-item masonry-item'>\n\t\t\t<dt class='gallery-icon landscape'>\n\t\t\t\t<a data-fancybox=\"colibri-3514-c13-group\" href='https:\/\/wp.schwertzugvogel.org\/wordpress\/wp-content\/uploads\/2024\/07\/IMG_9040-scaled.jpg'><img loading=\"lazy\" decoding=\"async\"  width=\"300\" height=\"225\" src=\"https:\/\/wp.schwertzugvogel.org\/wordpress\/wp-content\/uploads\/2024\/07\/IMG_9040-300x225.jpg\"  class='colibri-3514-c13-image' alt=\"\" srcset=\"https:\/\/wp.schwertzugvogel.org\/wordpress\/wp-content\/uploads\/2024\/07\/IMG_9040-300x225.jpg 300w, https:\/\/wp.schwertzugvogel.org\/wordpress\/wp-content\/uploads\/2024\/07\/IMG_9040-1024x768.jpg 1024w, https:\/\/wp.schwertzugvogel.org\/wordpress\/wp-content\/uploads\/2024\/07\/IMG_9040-768x576.jpg 768w, https:\/\/wp.schwertzugvogel.org\/wordpress\/wp-content\/uploads\/2024\/07\/IMG_9040-1536x1152.jpg 1536w, https:\/\/wp.schwertzugvogel.org\/wordpress\/wp-content\/uploads\/2024\/07\/IMG_9040-2048x1536.jpg 2048w\" sizes=\"auto, (max-width: 300px) 100vw, 300px\" \/><\/a>\n\t\t\t<\/dt><\/dl><dl class='gallery-item masonry-item'>\n\t\t\t<dt class='gallery-icon landscape'>\n\t\t\t\t<a data-fancybox=\"colibri-3514-c13-group\" href='https:\/\/wp.schwertzugvogel.org\/wordpress\/wp-content\/uploads\/2024\/07\/IMG_9039-scaled.jpg'><img loading=\"lazy\" decoding=\"async\"  width=\"300\" height=\"169\" src=\"https:\/\/wp.schwertzugvogel.org\/wordpress\/wp-content\/uploads\/2024\/07\/IMG_9039-300x169.jpg\"  class='colibri-3514-c13-image' alt=\"\" srcset=\"https:\/\/wp.schwertzugvogel.org\/wordpress\/wp-content\/uploads\/2024\/07\/IMG_9039-300x169.jpg 300w, https:\/\/wp.schwertzugvogel.org\/wordpress\/wp-content\/uploads\/2024\/07\/IMG_9039-1024x576.jpg 1024w, https:\/\/wp.schwertzugvogel.org\/wordpress\/wp-content\/uploads\/2024\/07\/IMG_9039-768x432.jpg 768w, https:\/\/wp.schwertzugvogel.org\/wordpress\/wp-content\/uploads\/2024\/07\/IMG_9039-1536x864.jpg 1536w, https:\/\/wp.schwertzugvogel.org\/wordpress\/wp-content\/uploads\/2024\/07\/IMG_9039-2048x1152.jpg 2048w\" sizes=\"auto, (max-width: 300px) 100vw, 300px\" \/><\/a>\n\t\t\t<\/dt><\/dl><dl class='gallery-item masonry-item'>\n\t\t\t<dt class='gallery-icon landscape'>\n\t\t\t\t<a data-fancybox=\"colibri-3514-c13-group\" href='https:\/\/wp.schwertzugvogel.org\/wordpress\/wp-content\/uploads\/2024\/07\/IMG_9006-scaled.jpg'><img loading=\"lazy\" decoding=\"async\"  width=\"300\" height=\"225\" src=\"https:\/\/wp.schwertzugvogel.org\/wordpress\/wp-content\/uploads\/2024\/07\/IMG_9006-300x225.jpg\"  class='colibri-3514-c13-image' alt=\"\" srcset=\"https:\/\/wp.schwertzugvogel.org\/wordpress\/wp-content\/uploads\/2024\/07\/IMG_9006-300x225.jpg 300w, https:\/\/wp.schwertzugvogel.org\/wordpress\/wp-content\/uploads\/2024\/07\/IMG_9006-1024x768.jpg 1024w, https:\/\/wp.schwertzugvogel.org\/wordpress\/wp-content\/uploads\/2024\/07\/IMG_9006-768x576.jpg 768w, https:\/\/wp.schwertzugvogel.org\/wordpress\/wp-content\/uploads\/2024\/07\/IMG_9006-1536x1152.jpg 1536w, https:\/\/wp.schwertzugvogel.org\/wordpress\/wp-content\/uploads\/2024\/07\/IMG_9006-2048x1536.jpg 2048w\" sizes=\"auto, (max-width: 300px) 100vw, 300px\" \/><\/a>\n\t\t\t<\/dt><\/dl>\n\t\t\t\n\t\t<\/div>\n<style>#colibri-3514-c13 .wp-caption-text.gallery-caption{display:none;}<\/style><\/div><\/div>\n                <\/div>\n              <\/div>\n            <\/div>\n          <\/div>\n        <\/div>\n      <\/div>\n    <\/div>\n  <\/div>\n<\/div>","protected":false},"excerpt":{"rendered":"<p>15.\/16.06.2024, Landesmeisterschaft NRW, M\u00f6hnesee Ergebnisse Ein aufregendes Wochenende an der M\u00f6hne ist zu Ende gegangen. Nachdem der Start am Samstag eine ganze Zeit verschoben werden musste wurde die erste Wettfahrt [&hellip;]<\/p>\n","protected":false},"author":1,"featured_media":0,"parent":0,"menu_order":0,"comment_status":"closed","ping_status":"closed","template":"page-templates\/full-width-page.php","meta":{"footnotes":""},"class_list":["post-3514","page","type-page","status-publish","hentry"],"_links":{"self":[{"href":"https:\/\/wp.schwertzugvogel.org\/wordpress\/index.php?rest_route=\/wp\/v2\/pages\/3514","targetHints":{"allow":["GET"]}}],"collection":[{"href":"https:\/\/wp.schwertzugvogel.org\/wordpress\/index.php?rest_route=\/wp\/v2\/pages"}],"about":[{"href":"https:\/\/wp.schwertzugvogel.org\/wordpress\/index.php?rest_route=\/wp\/v2\/types\/page"}],"author":[{"embeddable":true,"href":"https:\/\/wp.schwertzugvogel.org\/wordpress\/index.php?rest_route=\/wp\/v2\/users\/1"}],"replies":[{"embeddable":true,"href":"https:\/\/wp.schwertzugvogel.org\/wordpress\/index.php?rest_route=%2Fwp%2Fv2%2Fcomments&post=3514"}],"version-history":[{"count":7,"href":"https:\/\/wp.schwertzugvogel.org\/wordpress\/index.php?rest_route=\/wp\/v2\/pages\/3514\/revisions"}],"predecessor-version":[{"id":4304,"href":"https:\/\/wp.schwertzugvogel.org\/wordpress\/index.php?rest_route=\/wp\/v2\/pages\/3514\/revisions\/4304"}],"wp:attachment":[{"href":"https:\/\/wp.schwertzugvogel.org\/wordpress\/index.php?rest_route=%2Fwp%2Fv2%2Fmedia&parent=3514"}],"curies":[{"name":"wp","href":"https:\/\/api.w.org\/{rel}","templated":true}]}}