{"id":3201,"date":"2024-05-17T19:38:13","date_gmt":"2024-05-17T19:38:13","guid":{"rendered":"https:\/\/wp.schwertzugvogel.org\/wordpress\/?page_id=3201"},"modified":"2024-05-18T20:18:44","modified_gmt":"2024-05-18T20:18:44","slug":"2024-zugspitzpokal-regattta","status":"publish","type":"page","link":"https:\/\/wp.schwertzugvogel.org\/wordpress\/?page_id=3201","title":{"rendered":"2024 Zugspitzpokal Regattta"},"content":{"rendered":"<div data-colibri-id=\"3201-c1\" class=\"style-1325 style-local-3201-c1 position-relative\">\n  <!---->\n  <div data-colibri-component=\"section\" data-colibri-id=\"3201-c2\" id=\"custom\" class=\"h-section h-section-global-spacing d-flex align-items-lg-center align-items-md-center align-items-center style-1326 style-local-3201-c2 position-relative\">\n    <!---->\n    <!---->\n    <div class=\"h-section-grid-container h-section-boxed-container\">\n      <!---->\n      <div data-colibri-id=\"3201-c3\" class=\"h-row-container gutters-row-lg-2 gutters-row-md-2 gutters-row-0 gutters-row-v-lg-2 gutters-row-v-md-2 gutters-row-v-2 style-1327 style-local-3201-c3 position-relative\">\n        <!---->\n        <div class=\"h-row justify-content-lg-center justify-content-md-center justify-content-center align-items-lg-stretch align-items-md-stretch align-items-stretch gutters-col-lg-2 gutters-col-md-2 gutters-col-0 gutters-col-v-lg-2 gutters-col-v-md-2 gutters-col-v-2\">\n          <!---->\n          <div class=\"h-column h-column-container d-flex h-col-lg-auto h-col-md-auto h-col-auto style-1328-outer style-local-3201-c4-outer\">\n            <div data-colibri-id=\"3201-c4\" class=\"d-flex h-flex-basis h-column__inner h-px-lg-2 h-px-md-2 h-px-2 v-inner-lg-2 v-inner-md-2 v-inner-2 style-1328 style-local-3201-c4 position-relative\">\n              <!---->\n              <!---->\n              <div class=\"w-100 h-y-container h-column__content h-column__v-align flex-basis-100 align-self-lg-start align-self-md-start align-self-start\">\n                <!---->\n                <div data-colibri-id=\"3201-c5\" class=\"h-global-transition-all h-heading style-1329 style-local-3201-c5 position-relative h-element\">\n                  <!---->\n                  <div class=\"h-heading__outer style-1329 style-local-3201-c5\">\n                    <!---->\n                    <!---->\n                    <h1 class=\"\">09.-11. Mai, Zugspitzpokal Staffelsee, SCSTS<\/h1>\n                  <\/div>\n                <\/div>\n                <div data-colibri-id=\"3201-c6\" class=\"h-x-container style-1346 style-local-3201-c6 position-relative h-element\">\n                  <!---->\n                  <div class=\"h-x-container-inner style-dynamic-3201-c6-group style-1346-spacing style-local-3201-c6-spacing\"><span class=\"h-button__outer style-1336-outer style-local-3201-c7-outer d-inline-flex h-element\"><a h-use-smooth-scroll=\"true\" href=\"https:\/\/wp.schwertzugvogel.org\/wordpress\/wp-content\/uploads\/2024\/05\/schwertzugvogel__overall_results__102.pdf\" target=\"_blank\" data-colibri-id=\"3201-c7\" class=\"d-flex w-100 align-items-center h-button justify-content-lg-center justify-content-md-center justify-content-center style-1336 style-local-3201-c7 position-relative\" rel=\"noopener\"><!----><span  class=\"h-svg-icon h-button__icon style-1336-icon style-local-3201-c7-icon\"><!--Icon by Font Awesome (https:\/\/fontawesome.com)-->\n    <svg version=\"1.1\" xmlns=\"http:\/\/www.w3.org\/2000\/svg\" xmlns:xlink=\"http:\/\/www.w3.org\/1999\/xlink\" id=\"star-o\" viewBox=\"0 0 1664 1896.0833\">\n      <path d=\"M1137 1004l306-297-422-62-189-382-189 382-422 62 306 297-73 421 378-199 377 199zm527-357q0 22-26 48l-363 354 86 500q1 7 1 20 0 50-41 50-19 0-40-12l-449-236-449 236q-22 12-40 12-21 0-31.5-14.5T301 1569q0-6 2-20l86-500L25 695Q0 668 0 647q0-37 56-46l502-73L783 73q19-41 49-41t49 41l225 455 502 73q56 9 56 46z\"><\/path>\n    <\/svg><\/span> <span>Ergebnisse<\/span><\/a>\n                    <\/span>\n                  <\/div>\n                <\/div>\n              <\/div>\n            <\/div>\n          <\/div>\n        <\/div>\n      <\/div>\n      <div data-colibri-id=\"3201-c8\" class=\"h-row-container gutters-row-lg-2 gutters-row-md-2 gutters-row-0 gutters-row-v-lg-2 gutters-row-v-md-2 gutters-row-v-2 style-1343 style-local-3201-c8 position-relative\">\n        <!---->\n        <div class=\"h-row justify-content-lg-center justify-content-md-center justify-content-center align-items-lg-stretch align-items-md-stretch align-items-stretch gutters-col-lg-2 gutters-col-md-2 gutters-col-0 gutters-col-v-lg-2 gutters-col-v-md-2 gutters-col-v-2\">\n          <!---->\n          <div class=\"h-column h-column-container d-flex h-col-lg-auto h-col-md-auto h-col-auto style-1345-outer style-local-3201-c9-outer\">\n            <div data-colibri-id=\"3201-c9\" class=\"d-flex h-flex-basis h-column__inner h-px-lg-2 h-px-md-2 h-px-2 v-inner-lg-2 v-inner-md-2 v-inner-2 style-1345 style-local-3201-c9 position-relative\">\n              <!---->\n              <!---->\n              <div class=\"w-100 h-y-container h-column__content h-column__v-align flex-basis-100 align-self-lg-start align-self-md-start align-self-start\">\n                <!---->\n                <div data-colibri-id=\"3201-c10\" class=\"h-text h-text-component style-1342 style-local-3201-c10 position-relative h-element\">\n                  <!---->\n                  <!---->\n                  <div class=\"\">\n                    <p>Bericht zum Zugspitzpokal der Schwertzugv\u00f6gel auf dem Staffelsee vom 09.05 bis 11.05.2024.<\/p>\n                    <p>Gemeldet waren 16 Boote von denen 11 Boote starteten, 5 Boote fehlten krankheitsbedingt.&nbsp;Die Steuermannsbesprechung um 12 Uhr,<\/p>\n                    <p>Am Donnerstagsvormittag, nach der Steuerleutebesprechung um 12 Uhr, zeigte sich der Wind hoffnungsvoll aber unstetig so dass die erste Wettfahrt erst ca. 14 Uhr beginnen konnte. Der Regattakurs an allen Tagen war \u201eup and down\u201c auf\n                      dem Untersee.<\/p>\n                    <p>Der Wind am Nachmittag aus NO bis Ost mit&nbsp;5 &#8211; 8 Knoten Wind. Temperaturen um 16 Grad. Der&nbsp;Himmel bedeckt. Bestes Segelwetter. 3 Wettfahrten bis 17.00 Uhr. 1 Wettfahrt kurz nach dem Start abgebrochen&nbsp;wegen Zwischenflaute.<\/p>\n                    <p>Abends Grillbuffet mit Freibier aus dem Fass.\n                      <br> Am Freitagnachmittag um 14 Uhr raus auf den See um den richtigen Wind zu suchen.<\/p>\n                    <p>Dann Abbruch und neuer Versuch um 15.30 Uhr. Der Wind aus NO bis Ost mit&nbsp;5-9 Knoten. Temperatur bis 21 Grad. Strahlender bayerischer Himmel wie aus dem Bilderbuch.&nbsp;3 Wettfahrten bis 18.35 Uhr. Die Regatta konnte nach 2 Segeltagen\n                      und 6 WF unter der bew\u00e4hrten Leitung von Wolfgang Schwill mit seinem Team beendet werden &#8211;&nbsp;was wohl f\u00fcr den Staffelsee so nicht oft vorkommt.<\/p>\n                    <p>Besonders wurde die Regatta durch die Hilfe der Optikid`s des Vereins: So segelte Anton K\u00f6lbl mit seinem&nbsp;11 j\u00e4hrigen Enkels Johannes . Das zweigenerationen Boot musste sich nur in den B\u00f6en geschlagen geben weil einfach 60 Kilo\n                      auf der Kante fehlten\u2026\u2026..<\/p>\n                    <p>Weil am zweiten Tag ein Schotte durch einen Infekt ausfiel und der Vortag mit dem Generationenboot so gut geklappt hatte, stieg der Cousin von Johannes in GER 3760 ein. Jakob Vowinckel hatte durch den fehlenden Schotten schon an der\n                      4. WF nicht starten k\u00f6nnen und nahm mit Felix die Regatta wieder auf.<\/p>\n                    <p>Siegerehrung 19.00 Uhr.\n                      <br> Am Abend gem\u00fctliches Abendessen im \u201eAlpenblick\u201c.<\/p>\n                    <p>Fazit: Wer entspanntes Regattasegeln mit Alpenpanorama zum hingreifen mag, kommt am Segel Club Staffelsee nicht vorbei. Gastfreundlichkeit, Hilfsbereitschaft, (Kranen ist Teamarbeit, eine helfende Hand beim Anlegen am Steg wird gern\n                      gereicht) sind selbstverst\u00e4ndlich.<\/p>\n                    <p>Eine pers\u00f6nliche Beobachtung&nbsp;zum Ende des Berichtes&nbsp;\u2013 1. Platz und 3. Platz waren Frauenboote,&nbsp;6. Platz war eine gemischte Mannschaft mit Steuerfrau.&nbsp;<\/p>\n                    <p>GER 24 \u2013 wir kommen gerne wieder.<\/p>\n                  <\/div>\n                <\/div>\n              <\/div>\n            <\/div>\n          <\/div>\n        <\/div>\n      <\/div>\n      <div data-colibri-id=\"3201-c11\" class=\"h-row-container gutters-row-lg-2 gutters-row-md-2 gutters-row-0 gutters-row-v-lg-2 gutters-row-v-md-2 gutters-row-v-2 style-1339 style-local-3201-c11 position-relative\">\n        <!---->\n        <div class=\"h-row justify-content-lg-center justify-content-md-center justify-content-center align-items-lg-stretch align-items-md-stretch align-items-stretch gutters-col-lg-2 gutters-col-md-2 gutters-col-0 gutters-col-v-lg-2 gutters-col-v-md-2 gutters-col-v-2\">\n          <!---->\n          <div class=\"h-column h-column-container d-flex h-col-lg-auto h-col-md-auto h-col-auto style-1340-outer style-local-3201-c12-outer\">\n            <div data-colibri-id=\"3201-c12\" class=\"d-flex h-flex-basis h-column__inner h-px-lg-2 h-px-md-2 h-px-2 v-inner-lg-2 v-inner-md-2 v-inner-2 style-1340 style-local-3201-c12 position-relative\">\n              <!---->\n              <!---->\n              <div class=\"w-100 h-y-container h-column__content h-column__v-align flex-basis-100 align-self-lg-start align-self-md-start align-self-start\">\n                <!---->\n                <div data-colibri-component=\"masonry\" data-colibri-id=\"3201-c13\" class=\"h-photo-gallery margin-none caption-none style-1341 style-local-3201-c13 position-relative h-element\">\n                  <!---->\n                  <div class=\"h-global-transition-all\"><div id='colibri-3201-c13' class='gallery-wrapper'>    <style type=\"text\/css\">\n\n        @media (min-width: 1023px) {        #colibri-3201-c13        dl {\n            float: left;\n            width: 33.333333333333% !important;\n            max-width: 33.333333333333% !important;\n            min-width: 33.333333333333% !important;\n        }\n\n        #colibri-3201-c13        dl:nth-of-type(3n +1 ) {\n            clear: both;\n        }\n\n        }@media (min-width: 768px) and (max-width: 1023px) {        #colibri-3201-c13        dl {\n            float: left;\n            width: 33.333333333333% !important;\n            max-width: 33.333333333333% !important;\n            min-width: 33.333333333333% !important;\n        }\n\n        #colibri-3201-c13        dl:nth-of-type(3n +1 ) {\n            clear: both;\n        }\n\n        }@media (max-width: 767px) {        #colibri-3201-c13        dl {\n            float: left;\n            width: 33.333333333333% !important;\n            max-width: 33.333333333333% !important;\n            min-width: 33.333333333333% !important;\n        }\n\n        #colibri-3201-c13        dl:nth-of-type(3n +1 ) {\n            clear: both;\n        }\n\n        }\n        #colibri-3201-c13        .gallery-item {\n            position: relative;\n        }\n\n        \n    <\/style>\n    <div   class='colibri-3201-c13-dls-wrapper gallery-items-wrapper' ><dl class='gallery-item masonry-item'>\n\t\t\t<dt class='gallery-icon landscape'>\n\t\t\t\t<a data-fancybox=\"colibri-3201-c13-group\" href='https:\/\/wp.schwertzugvogel.org\/wordpress\/wp-content\/uploads\/2024\/05\/1-Zugspitz-Pokal-2024-1-scaled.jpg'><img loading=\"lazy\" decoding=\"async\"  width=\"300\" height=\"140\" src=\"https:\/\/wp.schwertzugvogel.org\/wordpress\/wp-content\/uploads\/2024\/05\/1-Zugspitz-Pokal-2024-1-300x140.jpg\"  class='colibri-3201-c13-image' alt=\"\" srcset=\"https:\/\/wp.schwertzugvogel.org\/wordpress\/wp-content\/uploads\/2024\/05\/1-Zugspitz-Pokal-2024-1-300x140.jpg 300w, https:\/\/wp.schwertzugvogel.org\/wordpress\/wp-content\/uploads\/2024\/05\/1-Zugspitz-Pokal-2024-1-1024x478.jpg 1024w, https:\/\/wp.schwertzugvogel.org\/wordpress\/wp-content\/uploads\/2024\/05\/1-Zugspitz-Pokal-2024-1-768x359.jpg 768w, https:\/\/wp.schwertzugvogel.org\/wordpress\/wp-content\/uploads\/2024\/05\/1-Zugspitz-Pokal-2024-1-1536x717.jpg 1536w, https:\/\/wp.schwertzugvogel.org\/wordpress\/wp-content\/uploads\/2024\/05\/1-Zugspitz-Pokal-2024-1-2048x956.jpg 2048w\" sizes=\"auto, (max-width: 300px) 100vw, 300px\" \/><\/a>\n\t\t\t<\/dt><\/dl><dl class='gallery-item masonry-item'>\n\t\t\t<dt class='gallery-icon landscape'>\n\t\t\t\t<a data-fancybox=\"colibri-3201-c13-group\" href='https:\/\/wp.schwertzugvogel.org\/wordpress\/wp-content\/uploads\/2024\/05\/2-Zugspitz-Pokal-2024-1-scaled.jpg'><img loading=\"lazy\" decoding=\"async\"  width=\"300\" height=\"140\" src=\"https:\/\/wp.schwertzugvogel.org\/wordpress\/wp-content\/uploads\/2024\/05\/2-Zugspitz-Pokal-2024-1-300x140.jpg\"  class='colibri-3201-c13-image' alt=\"\" srcset=\"https:\/\/wp.schwertzugvogel.org\/wordpress\/wp-content\/uploads\/2024\/05\/2-Zugspitz-Pokal-2024-1-300x140.jpg 300w, https:\/\/wp.schwertzugvogel.org\/wordpress\/wp-content\/uploads\/2024\/05\/2-Zugspitz-Pokal-2024-1-1024x478.jpg 1024w, https:\/\/wp.schwertzugvogel.org\/wordpress\/wp-content\/uploads\/2024\/05\/2-Zugspitz-Pokal-2024-1-768x359.jpg 768w, https:\/\/wp.schwertzugvogel.org\/wordpress\/wp-content\/uploads\/2024\/05\/2-Zugspitz-Pokal-2024-1-1536x717.jpg 1536w, https:\/\/wp.schwertzugvogel.org\/wordpress\/wp-content\/uploads\/2024\/05\/2-Zugspitz-Pokal-2024-1-2048x956.jpg 2048w\" sizes=\"auto, (max-width: 300px) 100vw, 300px\" \/><\/a>\n\t\t\t<\/dt><\/dl><dl class='gallery-item masonry-item'>\n\t\t\t<dt class='gallery-icon landscape'>\n\t\t\t\t<a data-fancybox=\"colibri-3201-c13-group\" href='https:\/\/wp.schwertzugvogel.org\/wordpress\/wp-content\/uploads\/2024\/05\/3-Zugspitz-Pokal-2024-1-scaled.jpg'><img loading=\"lazy\" decoding=\"async\"  width=\"300\" height=\"140\" src=\"https:\/\/wp.schwertzugvogel.org\/wordpress\/wp-content\/uploads\/2024\/05\/3-Zugspitz-Pokal-2024-1-300x140.jpg\"  class='colibri-3201-c13-image' alt=\"\" srcset=\"https:\/\/wp.schwertzugvogel.org\/wordpress\/wp-content\/uploads\/2024\/05\/3-Zugspitz-Pokal-2024-1-300x140.jpg 300w, https:\/\/wp.schwertzugvogel.org\/wordpress\/wp-content\/uploads\/2024\/05\/3-Zugspitz-Pokal-2024-1-1024x478.jpg 1024w, https:\/\/wp.schwertzugvogel.org\/wordpress\/wp-content\/uploads\/2024\/05\/3-Zugspitz-Pokal-2024-1-768x359.jpg 768w, https:\/\/wp.schwertzugvogel.org\/wordpress\/wp-content\/uploads\/2024\/05\/3-Zugspitz-Pokal-2024-1-1536x717.jpg 1536w, https:\/\/wp.schwertzugvogel.org\/wordpress\/wp-content\/uploads\/2024\/05\/3-Zugspitz-Pokal-2024-1-2048x956.jpg 2048w\" sizes=\"auto, (max-width: 300px) 100vw, 300px\" \/><\/a>\n\t\t\t<\/dt><\/dl><dl class='gallery-item masonry-item'>\n\t\t\t<dt class='gallery-icon landscape'>\n\t\t\t\t<a data-fancybox=\"colibri-3201-c13-group\" href='https:\/\/wp.schwertzugvogel.org\/wordpress\/wp-content\/uploads\/2024\/05\/5-Zugspitz-Pokal-2024-1-scaled.jpg'><img loading=\"lazy\" decoding=\"async\"  width=\"300\" height=\"140\" src=\"https:\/\/wp.schwertzugvogel.org\/wordpress\/wp-content\/uploads\/2024\/05\/5-Zugspitz-Pokal-2024-1-300x140.jpg\"  class='colibri-3201-c13-image' alt=\"\" srcset=\"https:\/\/wp.schwertzugvogel.org\/wordpress\/wp-content\/uploads\/2024\/05\/5-Zugspitz-Pokal-2024-1-300x140.jpg 300w, https:\/\/wp.schwertzugvogel.org\/wordpress\/wp-content\/uploads\/2024\/05\/5-Zugspitz-Pokal-2024-1-1024x478.jpg 1024w, https:\/\/wp.schwertzugvogel.org\/wordpress\/wp-content\/uploads\/2024\/05\/5-Zugspitz-Pokal-2024-1-768x359.jpg 768w, https:\/\/wp.schwertzugvogel.org\/wordpress\/wp-content\/uploads\/2024\/05\/5-Zugspitz-Pokal-2024-1-1536x717.jpg 1536w, https:\/\/wp.schwertzugvogel.org\/wordpress\/wp-content\/uploads\/2024\/05\/5-Zugspitz-Pokal-2024-1-2048x956.jpg 2048w\" sizes=\"auto, (max-width: 300px) 100vw, 300px\" \/><\/a>\n\t\t\t<\/dt><\/dl><dl class='gallery-item masonry-item'>\n\t\t\t<dt class='gallery-icon landscape'>\n\t\t\t\t<a data-fancybox=\"colibri-3201-c13-group\" href='https:\/\/wp.schwertzugvogel.org\/wordpress\/wp-content\/uploads\/2024\/05\/6-Zugspitz-Pokal-2024-1.jpg'><img loading=\"lazy\" decoding=\"async\"  width=\"300\" height=\"225\" src=\"https:\/\/wp.schwertzugvogel.org\/wordpress\/wp-content\/uploads\/2024\/05\/6-Zugspitz-Pokal-2024-1-300x225.jpg\"  class='colibri-3201-c13-image' alt=\"\" srcset=\"https:\/\/wp.schwertzugvogel.org\/wordpress\/wp-content\/uploads\/2024\/05\/6-Zugspitz-Pokal-2024-1-300x225.jpg 300w, https:\/\/wp.schwertzugvogel.org\/wordpress\/wp-content\/uploads\/2024\/05\/6-Zugspitz-Pokal-2024-1-1024x768.jpg 1024w, https:\/\/wp.schwertzugvogel.org\/wordpress\/wp-content\/uploads\/2024\/05\/6-Zugspitz-Pokal-2024-1-768x576.jpg 768w, https:\/\/wp.schwertzugvogel.org\/wordpress\/wp-content\/uploads\/2024\/05\/6-Zugspitz-Pokal-2024-1-1536x1152.jpg 1536w, https:\/\/wp.schwertzugvogel.org\/wordpress\/wp-content\/uploads\/2024\/05\/6-Zugspitz-Pokal-2024-1.jpg 1600w\" sizes=\"auto, (max-width: 300px) 100vw, 300px\" \/><\/a>\n\t\t\t<\/dt><\/dl><dl class='gallery-item masonry-item'>\n\t\t\t<dt class='gallery-icon landscape'>\n\t\t\t\t<a data-fancybox=\"colibri-3201-c13-group\" href='https:\/\/wp.schwertzugvogel.org\/wordpress\/wp-content\/uploads\/2024\/05\/7-Zugspitz-Pokal-2024-1.jpg'><img loading=\"lazy\" decoding=\"async\"  width=\"300\" height=\"142\" src=\"https:\/\/wp.schwertzugvogel.org\/wordpress\/wp-content\/uploads\/2024\/05\/7-Zugspitz-Pokal-2024-1-300x142.jpg\"  class='colibri-3201-c13-image' alt=\"\" srcset=\"https:\/\/wp.schwertzugvogel.org\/wordpress\/wp-content\/uploads\/2024\/05\/7-Zugspitz-Pokal-2024-1-300x142.jpg 300w, https:\/\/wp.schwertzugvogel.org\/wordpress\/wp-content\/uploads\/2024\/05\/7-Zugspitz-Pokal-2024-1-1024x484.jpg 1024w, https:\/\/wp.schwertzugvogel.org\/wordpress\/wp-content\/uploads\/2024\/05\/7-Zugspitz-Pokal-2024-1-768x363.jpg 768w, https:\/\/wp.schwertzugvogel.org\/wordpress\/wp-content\/uploads\/2024\/05\/7-Zugspitz-Pokal-2024-1-1536x727.jpg 1536w, https:\/\/wp.schwertzugvogel.org\/wordpress\/wp-content\/uploads\/2024\/05\/7-Zugspitz-Pokal-2024-1.jpg 1600w\" sizes=\"auto, (max-width: 300px) 100vw, 300px\" \/><\/a>\n\t\t\t<\/dt><\/dl>\n\t\t\t\n\t\t<\/div>\n<style>#colibri-3201-c13 .wp-caption-text.gallery-caption{display:none;}<\/style><\/div><\/div>\n                <\/div>\n              <\/div>\n            <\/div>\n          <\/div>\n        <\/div>\n      <\/div>\n    <\/div>\n  <\/div>\n<\/div>","protected":false},"excerpt":{"rendered":"<p>09.-11. Mai, Zugspitzpokal Staffelsee, SCSTS Ergebnisse Bericht zum Zugspitzpokal der Schwertzugv\u00f6gel auf dem Staffelsee vom 09.05 bis 11.05.2024. Gemeldet waren 16 Boote von denen 11 Boote starteten, 5 Boote fehlten [&hellip;]<\/p>\n","protected":false},"author":1,"featured_media":0,"parent":0,"menu_order":0,"comment_status":"closed","ping_status":"closed","template":"page-templates\/full-width-page.php","meta":{"footnotes":""},"class_list":["post-3201","page","type-page","status-publish","hentry"],"_links":{"self":[{"href":"https:\/\/wp.schwertzugvogel.org\/wordpress\/index.php?rest_route=\/wp\/v2\/pages\/3201","targetHints":{"allow":["GET"]}}],"collection":[{"href":"https:\/\/wp.schwertzugvogel.org\/wordpress\/index.php?rest_route=\/wp\/v2\/pages"}],"about":[{"href":"https:\/\/wp.schwertzugvogel.org\/wordpress\/index.php?rest_route=\/wp\/v2\/types\/page"}],"author":[{"embeddable":true,"href":"https:\/\/wp.schwertzugvogel.org\/wordpress\/index.php?rest_route=\/wp\/v2\/users\/1"}],"replies":[{"embeddable":true,"href":"https:\/\/wp.schwertzugvogel.org\/wordpress\/index.php?rest_route=%2Fwp%2Fv2%2Fcomments&post=3201"}],"version-history":[{"count":6,"href":"https:\/\/wp.schwertzugvogel.org\/wordpress\/index.php?rest_route=\/wp\/v2\/pages\/3201\/revisions"}],"predecessor-version":[{"id":3250,"href":"https:\/\/wp.schwertzugvogel.org\/wordpress\/index.php?rest_route=\/wp\/v2\/pages\/3201\/revisions\/3250"}],"wp:attachment":[{"href":"https:\/\/wp.schwertzugvogel.org\/wordpress\/index.php?rest_route=%2Fwp%2Fv2%2Fmedia&parent=3201"}],"curies":[{"name":"wp","href":"https:\/\/api.w.org\/{rel}","templated":true}]}}