{"id":1977,"date":"2024-04-12T19:35:29","date_gmt":"2024-04-12T19:35:29","guid":{"rendered":"https:\/\/wp.schwertzugvogel.org\/wordpress\/?page_id=1977"},"modified":"2026-02-01T11:02:01","modified_gmt":"2026-02-01T11:02:01","slug":"verkauf-id-3","status":"publish","type":"page","link":"https:\/\/wp.schwertzugvogel.org\/wordpress\/?page_id=1977","title":{"rendered":"Verkauf ID 3"},"content":{"rendered":"<div data-colibri-id=\"1977-c1\" class=\"style-1234 style-local-1977-c1 position-relative\">\n  <!---->\n  <div data-colibri-component=\"section\" data-colibri-id=\"1977-c2\" id=\"custom\" class=\"h-section h-section-global-spacing d-flex align-items-lg-center align-items-md-center align-items-center style-1235 style-local-1977-c2 position-relative\">\n    <!---->\n    <!---->\n    <div class=\"h-section-grid-container h-section-boxed-container\">\n      <!---->\n      <div data-colibri-id=\"1977-c3\" class=\"h-row-container gutters-row-lg-2 gutters-row-md-2 gutters-row-0 gutters-row-v-lg-2 gutters-row-v-md-2 gutters-row-v-2 style-1236 style-local-1977-c3 position-relative\">\n        <!---->\n        <div class=\"h-row justify-content-lg-center justify-content-md-center justify-content-center align-items-lg-stretch align-items-md-stretch align-items-stretch gutters-col-lg-2 gutters-col-md-2 gutters-col-0 gutters-col-v-lg-2 gutters-col-v-md-2 gutters-col-v-2\">\n          <!---->\n          <div class=\"h-column h-column-container d-flex h-col-lg-auto h-col-md-auto h-col-auto style-1237-outer style-local-1977-c4-outer\">\n            <div data-colibri-id=\"1977-c4\" class=\"d-flex h-flex-basis h-column__inner h-px-lg-2 h-px-md-2 h-px-2 v-inner-lg-2 v-inner-md-2 v-inner-2 style-1237 style-local-1977-c4 position-relative\">\n              <!---->\n              <!---->\n              <div class=\"w-100 h-y-container h-column__content h-column__v-align flex-basis-100 align-self-lg-start align-self-md-start align-self-start\">\n                <!---->\n                <div data-colibri-id=\"1977-c5\" class=\"h-text h-text-component style-1238 style-local-1977-c5 position-relative h-element\">\n                  <!---->\n                  <!---->\n                  <div class=\"\">\n                    <p>\n                      <br>\n                    <\/p>\n                    <p>Wundersch\u00f6ner Zebbities Mahagoni Schwertzugvogel GER 3678 zu verkaufen, Deck und Cockpit natur lackiert, Rumpf au\u00dfen mit Epoxidharz und Glasgewebe von Bootsbauer \u00fcberzogen und deshalb pflegeleicht; das Boot ist absolut dicht, Edelstahl\n                      Schwert, Holz Ruderblatt aufholbar, neue Zeltpersenning, auf Wunsch fester Kiel zus\u00e4tzlich ohne Mehrpreis.<\/p>\n                    <p>Das Boot befindet sich aktuell s\u00fcdlich von Karlsruhe auf einem Trailer, der nicht verkauft wird. Lieferung w\u00e4re je nach Abstand m\u00f6glich.<\/p>\n                    <p>4.500 Euro<\/p>\n                    <p>Michael Kauffeld<\/p>\n                    <p>michael.kauffeld@gmx.de<\/p>\n                    <p>\n                      <br>\n                    <\/p>\n                  <\/div>\n                <\/div>\n              <\/div>\n            <\/div>\n          <\/div>\n        <\/div>\n      <\/div>\n      <div data-colibri-id=\"1977-c6\" class=\"h-row-container gutters-row-lg-2 gutters-row-md-2 gutters-row-0 gutters-row-v-lg-2 gutters-row-v-md-2 gutters-row-v-2 style-1894 style-local-1977-c6 position-relative\">\n        <!---->\n        <div class=\"h-row justify-content-lg-center justify-content-md-center justify-content-center align-items-lg-stretch align-items-md-stretch align-items-stretch gutters-col-lg-2 gutters-col-md-2 gutters-col-0 gutters-col-v-lg-2 gutters-col-v-md-2 gutters-col-v-2\">\n          <!---->\n          <div class=\"h-column h-column-container d-flex h-col-lg-auto h-col-md-auto h-col-auto style-1895-outer style-local-1977-c7-outer\">\n            <div data-colibri-id=\"1977-c7\" class=\"d-flex h-flex-basis h-column__inner h-px-lg-2 h-px-md-2 h-px-2 v-inner-lg-2 v-inner-md-2 v-inner-2 style-1895 style-local-1977-c7 position-relative\">\n              <!---->\n              <!---->\n              <div class=\"w-100 h-y-container h-column__content h-column__v-align flex-basis-100 align-self-lg-start align-self-md-start align-self-start\">\n                <!---->\n                <div data-colibri-component=\"masonry\" data-colibri-id=\"1977-c8\" class=\"h-photo-gallery margin-none caption-none style-1896 style-local-1977-c8 position-relative h-element\">\n                  <!---->\n                  <div class=\"h-global-transition-all\"><div id='colibri-1977-c8' class='gallery-wrapper'>    <style type=\"text\/css\">\n\n        @media (min-width: 1023px) {        #colibri-1977-c8        dl {\n            float: left;\n            width: 25% !important;\n            max-width: 25% !important;\n            min-width: 25% !important;\n        }\n\n        #colibri-1977-c8        dl:nth-of-type(4n +1 ) {\n            clear: both;\n        }\n\n        }@media (min-width: 768px) and (max-width: 1023px) {        #colibri-1977-c8        dl {\n            float: left;\n            width: 25% !important;\n            max-width: 25% !important;\n            min-width: 25% !important;\n        }\n\n        #colibri-1977-c8        dl:nth-of-type(4n +1 ) {\n            clear: both;\n        }\n\n        }@media (max-width: 767px) {        #colibri-1977-c8        dl {\n            float: left;\n            width: 25% !important;\n            max-width: 25% !important;\n            min-width: 25% !important;\n        }\n\n        #colibri-1977-c8        dl:nth-of-type(4n +1 ) {\n            clear: both;\n        }\n\n        }\n        #colibri-1977-c8        .gallery-item {\n            position: relative;\n        }\n\n        \n    <\/style>\n    <div   class='colibri-1977-c8-dls-wrapper gallery-items-wrapper' ><dl class='gallery-item masonry-item'>\n\t\t\t<dt class='gallery-icon landscape'>\n\t\t\t\t<img loading=\"lazy\" decoding=\"async\"  width=\"300\" height=\"270\" src=\"https:\/\/wp.schwertzugvogel.org\/wordpress\/wp-content\/uploads\/2025\/09\/cropped-IMG_8042oN-300x270.jpg\"  class='colibri-1977-c8-image' alt=\"\" srcset=\"https:\/\/wp.schwertzugvogel.org\/wordpress\/wp-content\/uploads\/2025\/09\/cropped-IMG_8042oN-300x270.jpg 300w, https:\/\/wp.schwertzugvogel.org\/wordpress\/wp-content\/uploads\/2025\/09\/cropped-IMG_8042oN-1024x922.jpg 1024w, https:\/\/wp.schwertzugvogel.org\/wordpress\/wp-content\/uploads\/2025\/09\/cropped-IMG_8042oN-768x692.jpg 768w, https:\/\/wp.schwertzugvogel.org\/wordpress\/wp-content\/uploads\/2025\/09\/cropped-IMG_8042oN-1536x1383.jpg 1536w, https:\/\/wp.schwertzugvogel.org\/wordpress\/wp-content\/uploads\/2025\/09\/cropped-IMG_8042oN.jpg 1679w\" sizes=\"auto, (max-width: 300px) 100vw, 300px\" \/>\n\t\t\t<\/dt><\/dl><dl class='gallery-item masonry-item'>\n\t\t\t<dt class='gallery-icon landscape'>\n\t\t\t\t<img loading=\"lazy\" decoding=\"async\"  width=\"300\" height=\"288\" src=\"https:\/\/wp.schwertzugvogel.org\/wordpress\/wp-content\/uploads\/2025\/09\/Rappi-Kopie-300x288.jpg\"  class='colibri-1977-c8-image' alt=\"\" srcset=\"https:\/\/wp.schwertzugvogel.org\/wordpress\/wp-content\/uploads\/2025\/09\/Rappi-Kopie-300x288.jpg 300w, https:\/\/wp.schwertzugvogel.org\/wordpress\/wp-content\/uploads\/2025\/09\/Rappi-Kopie-1024x982.jpg 1024w, https:\/\/wp.schwertzugvogel.org\/wordpress\/wp-content\/uploads\/2025\/09\/Rappi-Kopie-768x737.jpg 768w, https:\/\/wp.schwertzugvogel.org\/wordpress\/wp-content\/uploads\/2025\/09\/Rappi-Kopie-1536x1473.jpg 1536w, https:\/\/wp.schwertzugvogel.org\/wordpress\/wp-content\/uploads\/2025\/09\/Rappi-Kopie-2048x1964.jpg 2048w\" sizes=\"auto, (max-width: 300px) 100vw, 300px\" \/>\n\t\t\t<\/dt><\/dl><dl class='gallery-item masonry-item'>\n\t\t\t<dt class='gallery-icon portrait'>\n\t\t\t\t<img loading=\"lazy\" decoding=\"async\"  width=\"225\" height=\"300\" src=\"https:\/\/wp.schwertzugvogel.org\/wordpress\/wp-content\/uploads\/2025\/09\/IMG_8019-225x300.jpg\"  class='colibri-1977-c8-image' alt=\"\" srcset=\"https:\/\/wp.schwertzugvogel.org\/wordpress\/wp-content\/uploads\/2025\/09\/IMG_8019-225x300.jpg 225w, https:\/\/wp.schwertzugvogel.org\/wordpress\/wp-content\/uploads\/2025\/09\/IMG_8019-768x1024.jpg 768w, https:\/\/wp.schwertzugvogel.org\/wordpress\/wp-content\/uploads\/2025\/09\/IMG_8019-1152x1536.jpg 1152w, https:\/\/wp.schwertzugvogel.org\/wordpress\/wp-content\/uploads\/2025\/09\/IMG_8019-rotated.jpg 1512w\" sizes=\"auto, (max-width: 225px) 100vw, 225px\" \/>\n\t\t\t<\/dt><\/dl><dl class='gallery-item masonry-item'>\n\t\t\t<dt class='gallery-icon portrait'>\n\t\t\t\t<img loading=\"lazy\" decoding=\"async\"  width=\"225\" height=\"300\" src=\"https:\/\/wp.schwertzugvogel.org\/wordpress\/wp-content\/uploads\/2025\/09\/IMG_8004-225x300.jpg\"  class='colibri-1977-c8-image' alt=\"\" srcset=\"https:\/\/wp.schwertzugvogel.org\/wordpress\/wp-content\/uploads\/2025\/09\/IMG_8004-225x300.jpg 225w, https:\/\/wp.schwertzugvogel.org\/wordpress\/wp-content\/uploads\/2025\/09\/IMG_8004-768x1024.jpg 768w, https:\/\/wp.schwertzugvogel.org\/wordpress\/wp-content\/uploads\/2025\/09\/IMG_8004-1152x1536.jpg 1152w, https:\/\/wp.schwertzugvogel.org\/wordpress\/wp-content\/uploads\/2025\/09\/IMG_8004-rotated.jpg 1512w\" sizes=\"auto, (max-width: 225px) 100vw, 225px\" \/>\n\t\t\t<\/dt><\/dl>\n\t\t<\/div>\n<style>#colibri-1977-c8 .wp-caption-text.gallery-caption{display:none;}<\/style><\/div><\/div>\n                <\/div>\n              <\/div>\n            <\/div>\n          <\/div>\n        <\/div>\n      <\/div>\n    <\/div>\n  <\/div>\n<\/div>","protected":false},"excerpt":{"rendered":"<p>Wundersch\u00f6ner Zebbities Mahagoni Schwertzugvogel GER 3678 zu verkaufen, Deck und Cockpit natur lackiert, Rumpf au\u00dfen mit Epoxidharz und Glasgewebe von Bootsbauer \u00fcberzogen und deshalb pflegeleicht; das Boot ist absolut dicht, [&hellip;]<\/p>\n","protected":false},"author":1,"featured_media":0,"parent":0,"menu_order":0,"comment_status":"closed","ping_status":"closed","template":"page-templates\/full-width-page.php","meta":{"footnotes":""},"class_list":["post-1977","page","type-page","status-publish","hentry"],"_links":{"self":[{"href":"https:\/\/wp.schwertzugvogel.org\/wordpress\/index.php?rest_route=\/wp\/v2\/pages\/1977","targetHints":{"allow":["GET"]}}],"collection":[{"href":"https:\/\/wp.schwertzugvogel.org\/wordpress\/index.php?rest_route=\/wp\/v2\/pages"}],"about":[{"href":"https:\/\/wp.schwertzugvogel.org\/wordpress\/index.php?rest_route=\/wp\/v2\/types\/page"}],"author":[{"embeddable":true,"href":"https:\/\/wp.schwertzugvogel.org\/wordpress\/index.php?rest_route=\/wp\/v2\/users\/1"}],"replies":[{"embeddable":true,"href":"https:\/\/wp.schwertzugvogel.org\/wordpress\/index.php?rest_route=%2Fwp%2Fv2%2Fcomments&post=1977"}],"version-history":[{"count":4,"href":"https:\/\/wp.schwertzugvogel.org\/wordpress\/index.php?rest_route=\/wp\/v2\/pages\/1977\/revisions"}],"predecessor-version":[{"id":7502,"href":"https:\/\/wp.schwertzugvogel.org\/wordpress\/index.php?rest_route=\/wp\/v2\/pages\/1977\/revisions\/7502"}],"wp:attachment":[{"href":"https:\/\/wp.schwertzugvogel.org\/wordpress\/index.php?rest_route=%2Fwp%2Fv2%2Fmedia&parent=1977"}],"curies":[{"name":"wp","href":"https:\/\/api.w.org\/{rel}","templated":true}]}}