{"id":1056,"date":"2024-03-31T19:48:19","date_gmt":"2024-03-31T19:48:19","guid":{"rendered":"https:\/\/wp.schwertzugvogel.org\/wordpress\/?page_id=1056"},"modified":"2024-04-19T18:59:09","modified_gmt":"2024-04-19T18:59:09","slug":"portrait","status":"publish","type":"page","link":"https:\/\/wp.schwertzugvogel.org\/wordpress\/?page_id=1056","title":{"rendered":"Portrait"},"content":{"rendered":"<div data-colibri-id=\"1056-c1\" class=\"style-1127 style-local-1056-c1 position-relative\">\n  <!---->\n  <div data-colibri-component=\"section\" data-colibri-id=\"1056-c2\" id=\"custom\" class=\"h-section h-section-global-spacing d-flex align-items-lg-center align-items-md-center align-items-center style-1128 style-local-1056-c2 position-relative\">\n    <!---->\n    <!---->\n    <div class=\"h-section-grid-container h-section-boxed-container\">\n      <!---->\n      <div data-colibri-id=\"1056-c14\" class=\"h-row-container gutters-row-lg-2 gutters-row-md-2 gutters-row-0 gutters-row-v-lg-2 gutters-row-v-md-2 gutters-row-v-2 style-1139 style-local-1056-c14 position-relative\">\n        <!---->\n        <div class=\"h-row justify-content-lg-center justify-content-md-center justify-content-center align-items-lg-stretch align-items-md-stretch align-items-stretch gutters-col-lg-2 gutters-col-md-2 gutters-col-0 gutters-col-v-lg-2 gutters-col-v-md-2 gutters-col-v-2\">\n          <!---->\n          <div class=\"h-column h-column-container d-flex h-col-lg-auto h-col-md-auto h-col-auto style-1140-outer style-local-1056-c15-outer\">\n            <div data-colibri-id=\"1056-c15\" class=\"d-flex h-flex-basis h-column__inner h-px-lg-2 h-px-md-2 h-px-2 v-inner-lg-2 v-inner-md-2 v-inner-2 style-1140 style-local-1056-c15 position-relative\">\n              <!---->\n              <!---->\n              <div class=\"w-100 h-y-container h-column__content h-column__v-align flex-basis-100 align-self-lg-start align-self-md-start align-self-start\">\n                <!---->\n                <div data-colibri-id=\"1056-c36\" class=\"h-text h-text-component style-1160 style-local-1056-c36 position-relative h-element\">\n                  <!---->\n                  <!---->\n                  <div class=\"\">\n                    <p><span style=\"font-weight: 700;\">Entstehungsgeschichte<\/span><\/p>\n                  <\/div>\n                <\/div>\n                <div data-colibri-id=\"1056-c16\" class=\"h-text h-text-component style-1141 style-local-1056-c16 position-relative h-element\">\n                  <!---->\n                  <!---->\n                  <div class=\"\">\n                    <p>Auf Initiative der Segel-Zeitschrift&nbsp;<em>Die Yacht<\/em>&nbsp;konstruierte&nbsp;Ernst Lehfeld&nbsp;1960 eine&nbsp;Wanderjolle, die auch in Eigenarbeit her- gestellt werden konnte und einem breiten Publikum den Zugang zu einem kosteng\u00fcnstigen\n                      Segelboot erm\u00f6glichen sollte. Das Boot sollte gutm\u00fctig und stabil sein, so dass es auch von Anf\u00e4ngern oder \u00e4lteren Seglern genutzt werden konnte. Um jungen Leuten und Familien eine g\u00fcnstige M\u00f6glichkeit f\u00fcr Wanderfahrten zu bieten,\n                      war in der urspr\u00fcnglichen Version auch eine Zeltkaj\u00fcte vorgesehen.&nbsp; Neben der Jollenversion mit&nbsp;Schwert&nbsp;sollte es auch eine Version mit&nbsp;Ballastkiel&nbsp;geben, um den Zugvogel auch in K\u00fcstengew\u00e4ssern einsetzen\n                      zu k\u00f6nnen sowie \u00e4lteren Seglern und Familien eine noch kentersichere M\u00f6glichkeit zu bieten.<\/p>\n                    <p>Obwohl der Zugvogel explizit nicht f\u00fcr den Rennsegelsport konstruiert, wurde, entwickelte sich rasch eine Regattaszene. Dementsprechend wurde auch die Einf\u00fchrung von Spinnaker&nbsp;und&nbsp;Trapez&nbsp;in den 60er Jahren diskutiert,\n                      jedoch abgelehnt.&nbsp;W\u00e4hrend der Schwertzugvogel rasch zu einer beliebten Klasse wurde, dauerte es beim Kielzugvogel etwas l\u00e4nger.<\/p>\n                  <\/div>\n                <\/div>\n              <\/div>\n            <\/div>\n          <\/div>\n          <div class=\"h-column h-column-container d-flex h-col-lg-auto h-col-md-auto h-col-auto style-1142-outer style-local-1056-c17-outer\">\n            <div data-colibri-id=\"1056-c17\" class=\"d-flex h-flex-basis h-column__inner h-px-lg-2 h-px-md-2 h-px-2 v-inner-lg-2 v-inner-md-2 v-inner-2 style-1142 style-local-1056-c17 position-relative\">\n              <!---->\n              <!---->\n              <div class=\"w-100 h-y-container h-column__content h-column__v-align flex-basis-100 align-self-lg-start align-self-md-start align-self-start\">\n                <!---->\n                <div data-colibri-id=\"1056-c35\" class=\"h-text h-text-component style-1160 style-local-1056-c35 position-relative h-element\">\n                  <!---->\n                  <!---->\n                  <div class=\"\">\n                    <p><strong style=\"font-weight: 700;\">Konstruktion und Weiterentwicklung<\/strong><\/p>\n                  <\/div>\n                <\/div>\n                <div data-colibri-id=\"1056-c43\" class=\"h-text h-text-component style-1141 style-local-1056-c43 position-relative h-element\">\n                  <!---->\n                  <!---->\n                  <div class=\"\">\n                    <p>Um den Bau des Schiffes nicht unn\u00f6tig zu erschweren, wurde als Bauweise der&nbsp;Knickspant&nbsp;in&nbsp;Sperrholz&nbsp;gew\u00e4hlt. Inzwischen hat aber auch hier die&nbsp;GFK-Sandwichbauweise&nbsp;den Holzbau abgel\u00f6st.<\/p>\n                    <p>Zahlreiche Weiterentwicklungen lie\u00dfen den Charakter einer Wanderjolle mehr in den Hintergrund treten. Beispiele daf\u00fcr sind die Einf\u00fchrung des&nbsp;Travellers&nbsp;oder der Wegfall der Staum\u00f6glichkeiten im&nbsp;Bug&nbsp;zugunsten von\n                      Auftriebsk\u00f6rpern. Die neueste Regel\u00e4nderung sind mittels Streckzug verstellbare Oberwanten, so dass diese nun w\u00e4hrend des Segelns verstellt werden k\u00f6nnen. Nach wie vor wird ohne&nbsp;Spinnaker&nbsp;und ohne&nbsp;Trapez&nbsp;gesegelt.\n                      Auf Vorwindkursen wird stattdessen das Vorsegel (Genua) mit einem&nbsp;Spinnakerbaum&nbsp;\u201eausgebaumt\u201c, und es gibt&nbsp;Ausreitgurte&nbsp;f\u00fcr Steuermann und Vorschoter. Bei Wettfahrten besteht die Besatzung aus zwei Personen.<\/p>\n                    <p>1978 wurde das Rigg unter anderem durch die Einf\u00fchrung von Unterwanten ge\u00e4ndert. Entscheidender war die Verlegung der Ansatzpunkte der Oberwanten auf dem Deck weiter nach innen, so dass das Vorsegel dichter geholt werden kann und damit\n                      die Eigenschaften auf Amwindkursen&nbsp;verbessert werden. Somit sind alte Zugv\u00f6gel von den Segelleistungen nicht mit neueren ab 1978 vergleichbar, was sich auch in der \u00c4nderung der Yardstickzahl niederschl\u00e4gt.<\/p>\n                  <\/div>\n                <\/div>\n              <\/div>\n            <\/div>\n          <\/div>\n        <\/div>\n      <\/div>\n      <div data-colibri-id=\"1056-c47\" class=\"h-row-container gutters-row-lg-2 gutters-row-md-2 gutters-row-0 gutters-row-v-lg-2 gutters-row-v-md-2 gutters-row-v-2 style-1167 style-local-1056-c47 position-relative\">\n        <!---->\n        <div class=\"h-row justify-content-lg-center justify-content-md-center justify-content-center align-items-lg-stretch align-items-md-stretch align-items-stretch gutters-col-lg-2 gutters-col-md-2 gutters-col-0 gutters-col-v-lg-2 gutters-col-v-md-2 gutters-col-v-2\">\n          <!---->\n          <div class=\"h-column h-column-container d-flex h-col-lg-auto h-col-md-auto h-col-auto style-1168-outer style-local-1056-c48-outer\">\n            <div data-colibri-id=\"1056-c48\" class=\"d-flex h-flex-basis h-column__inner h-px-lg-2 h-px-md-2 h-px-2 v-inner-lg-2 v-inner-md-2 v-inner-2 style-1168 style-local-1056-c48 position-relative\">\n              <!---->\n              <!---->\n              <div class=\"w-100 h-y-container h-column__content h-column__v-align flex-basis-100 align-self-lg-start align-self-md-start align-self-start\">\n                <!---->\n                <div data-colibri-id=\"1056-c62\" class=\"h-text h-text-component style-1160 style-local-1056-c62 position-relative h-element\">\n                  <!---->\n                  <!---->\n                  <div class=\"\">\n                    <p>Segeleigenschaften<\/p>\n                  <\/div>\n                <\/div>\n                <div data-colibri-id=\"1056-c49\" class=\"h-text h-text-component style-1141 style-local-1056-c49 position-relative h-element\">\n                  <!---->\n                  <!---->\n                  <div class=\"\">\n                    <p>Der Zugvogel gilt als komplex zu segelndes, aber gutm\u00fctiges Boot, das auch f\u00fcr eine leichtere Mannschaft bei st\u00e4rkerem Wind durch entsprechende&nbsp;Trimmm\u00f6glichkeiten&nbsp;beherrschbar bleibt. Nach wie vor gilt er als gut geeignete\n                      Wanderjolle. <\/p>\n                    <p>Bei ausreichend Wind kommen sowohl Schwert- wie auch Kielzugvogel auf&nbsp;Raum- und Vorwindkursen&nbsp;ins Gleiten<\/p>\n                  <\/div>\n                <\/div>\n              <\/div>\n            <\/div>\n          <\/div>\n        <\/div>\n      <\/div>\n      <div data-colibri-id=\"1056-c44\" class=\"h-row-container gutters-row-lg-2 gutters-row-md-2 gutters-row-0 gutters-row-v-lg-2 gutters-row-v-md-2 gutters-row-v-2 style-1165 style-local-1056-c44 position-relative\">\n        <!---->\n        <div class=\"h-row justify-content-lg-center justify-content-md-center justify-content-center align-items-lg-stretch align-items-md-stretch align-items-stretch gutters-col-lg-2 gutters-col-md-2 gutters-col-0 gutters-col-v-lg-2 gutters-col-v-md-2 gutters-col-v-2\">\n          <!---->\n          <div class=\"h-column h-column-container d-flex h-col-lg-auto h-col-md-auto h-col-auto style-1166-outer style-local-1056-c45-outer\">\n            <div data-colibri-id=\"1056-c45\" class=\"d-flex h-flex-basis h-column__inner h-px-lg-2 h-px-md-2 h-px-2 v-inner-lg-2 v-inner-md-2 v-inner-2 style-1166 style-local-1056-c45 position-relative\">\n              <!---->\n              <!---->\n              <div class=\"w-100 h-y-container h-column__content h-column__v-align flex-basis-100 align-self-lg-start align-self-md-start align-self-start\">\n                <!---->\n                <div data-colibri-id=\"1056-c46\" class=\"h-text h-text-component style-1147 style-local-1056-c46 position-relative h-element\">\n                  <!---->\n                  <!---->\n                  <div class=\"\">\n                    <p><span style=\"font-weight: 400; font-size: 14px; font-family: sans-serif; color: rgb(32, 33, 34);\">Seite \u201eSchwertzugvogel\u201c. In: Wikipedia&nbsp;\u2013 Die freie Enzyklop\u00e4die. Bearbeitungsstand: 14. M\u00e4rz 2023, 20:41 UTC. URL:&nbsp;<\/span>\n                      <a\n                        href=\"https:\/\/de.wikipedia.org\/w\/index.php?title=Schwertzugvogel&amp;oldid=231826476\" style=\"font-weight: 400; font-size: 14px; font-family: sans-serif; color: rgb(6, 69, 173);\" class=\"customize-unpreviewable\">https:\/\/de.wikipedia.org\/w\/index.php?title=Schwertzugvogel&amp;oldid=231826476<\/a><span style=\"font-weight: 400; font-size: 14px; font-family: sans-serif; color: rgb(32, 33, 34);\">&nbsp;(Abgerufen: 19. April 2024, 18:17 UTC)<\/span><\/p>\n                  <\/div>\n                <\/div>\n              <\/div>\n            <\/div>\n          <\/div>\n        <\/div>\n      <\/div>\n    <\/div>\n  <\/div>\n<\/div>","protected":false},"excerpt":{"rendered":"<p>Entstehungsgeschichte Auf Initiative der Segel-Zeitschrift&nbsp;Die Yacht&nbsp;konstruierte&nbsp;Ernst Lehfeld&nbsp;1960 eine&nbsp;Wanderjolle, die auch in Eigenarbeit her- gestellt werden konnte und einem breiten Publikum den Zugang zu einem kosteng\u00fcnstigen Segelboot erm\u00f6glichen sollte. Das Boot [&hellip;]<\/p>\n","protected":false},"author":1,"featured_media":0,"parent":0,"menu_order":0,"comment_status":"closed","ping_status":"closed","template":"page-templates\/full-width-page.php","meta":{"footnotes":""},"class_list":["post-1056","page","type-page","status-publish","hentry"],"_links":{"self":[{"href":"https:\/\/wp.schwertzugvogel.org\/wordpress\/index.php?rest_route=\/wp\/v2\/pages\/1056","targetHints":{"allow":["GET"]}}],"collection":[{"href":"https:\/\/wp.schwertzugvogel.org\/wordpress\/index.php?rest_route=\/wp\/v2\/pages"}],"about":[{"href":"https:\/\/wp.schwertzugvogel.org\/wordpress\/index.php?rest_route=\/wp\/v2\/types\/page"}],"author":[{"embeddable":true,"href":"https:\/\/wp.schwertzugvogel.org\/wordpress\/index.php?rest_route=\/wp\/v2\/users\/1"}],"replies":[{"embeddable":true,"href":"https:\/\/wp.schwertzugvogel.org\/wordpress\/index.php?rest_route=%2Fwp%2Fv2%2Fcomments&post=1056"}],"version-history":[{"count":4,"href":"https:\/\/wp.schwertzugvogel.org\/wordpress\/index.php?rest_route=\/wp\/v2\/pages\/1056\/revisions"}],"predecessor-version":[{"id":2363,"href":"https:\/\/wp.schwertzugvogel.org\/wordpress\/index.php?rest_route=\/wp\/v2\/pages\/1056\/revisions\/2363"}],"wp:attachment":[{"href":"https:\/\/wp.schwertzugvogel.org\/wordpress\/index.php?rest_route=%2Fwp%2Fv2%2Fmedia&parent=1056"}],"curies":[{"name":"wp","href":"https:\/\/api.w.org\/{rel}","templated":true}]}}