{"id":1039,"date":"2024-03-31T19:41:03","date_gmt":"2024-03-31T19:41:03","guid":{"rendered":"https:\/\/wp.schwertzugvogel.org\/wordpress\/?page_id=1039"},"modified":"2025-04-07T19:50:06","modified_gmt":"2025-04-07T19:50:06","slug":"technik","status":"publish","type":"page","link":"https:\/\/wp.schwertzugvogel.org\/wordpress\/?page_id=1039","title":{"rendered":"Technik"},"content":{"rendered":"<div data-colibri-id=\"1039-c1\" class=\"style-1013 style-local-1039-c1 position-relative\">\n  <!---->\n  <div data-colibri-component=\"section\" data-colibri-id=\"1039-c2\" id=\"initial-content\" class=\"h-section h-section-global-spacing d-flex align-items-lg-center align-items-md-center align-items-center style-1014 style-local-1039-c2 position-relative\">\n    <!---->\n    <!---->\n    <div class=\"h-section-grid-container h-section-boxed-container\">\n      <!---->\n      <div data-colibri-id=\"1039-c3\" class=\"h-row-container gutters-row-lg-2 gutters-row-md-2 gutters-row-0 gutters-row-v-lg-2 gutters-row-v-md-2 gutters-row-v-2 style-1018 style-local-1039-c3 position-relative\">\n        <!---->\n        <div class=\"h-row justify-content-lg-center justify-content-md-center justify-content-center align-items-lg-stretch align-items-md-stretch align-items-stretch gutters-col-lg-2 gutters-col-md-2 gutters-col-0 gutters-col-v-lg-2 gutters-col-v-md-2 gutters-col-v-2\">\n          <!---->\n          <div class=\"h-column h-column-container d-flex h-col-lg-auto h-col-md-auto h-col-auto style-1019-outer style-local-1039-c4-outer\">\n            <div data-colibri-id=\"1039-c4\" class=\"d-flex h-flex-basis h-column__inner h-px-lg-2 h-px-md-2 h-px-2 v-inner-lg-2 v-inner-md-2 v-inner-2 style-1019 style-local-1039-c4 position-relative\">\n              <!---->\n              <!---->\n              <div class=\"w-100 h-y-container h-column__content h-column__v-align flex-basis-100 align-self-lg-start align-self-md-start align-self-start\">\n                <!---->\n                <div data-colibri-id=\"1039-c5\" class=\"h-global-transition-all h-heading style-1021 style-local-1039-c5 position-relative h-element\">\n                  <!---->\n                  <div class=\"h-heading__outer style-1021 style-local-1039-c5\">\n                    <!---->\n                    <!---->\n                    <h1 class=\"\">Technische Daten Schwertzugvogel<\/h1>\n                  <\/div>\n                <\/div>\n              <\/div>\n            <\/div>\n          <\/div>\n        <\/div>\n      <\/div>\n      <div data-colibri-id=\"1039-c6\" class=\"h-row-container gutters-row-lg-2 gutters-row-md-2 gutters-row-0 gutters-row-v-lg-2 gutters-row-v-md-2 gutters-row-v-2 style-1059 style-local-1039-c6 position-relative\">\n        <!---->\n        <div class=\"h-row justify-content-lg-center justify-content-md-center justify-content-center align-items-lg-stretch align-items-md-stretch align-items-stretch gutters-col-lg-2 gutters-col-md-2 gutters-col-0 gutters-col-v-lg-2 gutters-col-v-md-2 gutters-col-v-2\">\n          <!---->\n          <div class=\"h-column h-column-container d-flex h-col-lg-auto h-col-md-auto h-col-auto style-1060-outer style-local-1039-c7-outer\">\n            <div data-colibri-id=\"1039-c7\" class=\"d-flex h-flex-basis h-column__inner h-px-lg-2 h-px-md-2 h-px-2 v-inner-lg-2 v-inner-md-2 v-inner-2 style-1060 style-local-1039-c7 position-relative\">\n              <!---->\n              <!---->\n              <div class=\"w-100 h-y-container h-column__content h-column__v-align flex-basis-100 align-self-lg-start align-self-md-start align-self-start\">\n                <!---->\n                <div data-colibri-id=\"1039-c8\" class=\"h-text h-text-component style-1061 style-local-1039-c8 position-relative h-element\">\n                  <!---->\n                  <!---->\n                  <div class=\"\">\n                    <p>L\u00e4nge \u00fcber Alles&nbsp;&nbsp;&nbsp;<\/p>\n                    <p>Breite \u00fcber Alles<\/p>\n                    <p>Tiefgang<\/p>\n                    <p>Verdr\u00e4ngung<\/p>\n                    <p>Segelfl\u00e4che (Touren)<\/p>\n                    <p>Segelfl\u00e4che (Regatta)<\/p>\n                  <\/div>\n                <\/div>\n              <\/div>\n            <\/div>\n          <\/div>\n          <div class=\"h-column h-column-container d-flex h-col-lg-auto h-col-md-auto h-col-auto style-1062-outer style-local-1039-c9-outer\">\n            <div data-colibri-id=\"1039-c9\" class=\"d-flex h-flex-basis h-column__inner h-px-lg-2 h-px-md-2 h-px-2 v-inner-lg-2 v-inner-md-2 v-inner-2 style-1062 style-local-1039-c9 position-relative\">\n              <!---->\n              <!---->\n              <div class=\"w-100 h-y-container h-column__content h-column__v-align flex-basis-100 align-self-lg-start align-self-md-start align-self-start\">\n                <!---->\n                <div data-colibri-id=\"1039-c10\" class=\"h-text h-text-component style-1061 style-local-1039-c10 position-relative h-element\">\n                  <!---->\n                  <!---->\n                  <div class=\"\">\n                    <p>5,80 m<\/p>\n                    <p>1,88 m<\/p>\n                    <p>0,25 m \/ 1,10 m<\/p>\n                    <p>min. 230 kg (segelfertig)<\/p>\n                    <p>15 qm<\/p>\n                    <p>18 qm<\/p>\n                  <\/div>\n                <\/div>\n              <\/div>\n            <\/div>\n          <\/div>\n        <\/div>\n      <\/div>\n      <div data-colibri-id=\"1039-c11\" class=\"h-row-container gutters-row-lg-2 gutters-row-md-2 gutters-row-0 gutters-row-v-lg-2 gutters-row-v-md-2 gutters-row-v-2 style-1064 style-local-1039-c11 position-relative\">\n        <!---->\n        <div class=\"h-row justify-content-lg-center justify-content-md-center justify-content-center align-items-lg-stretch align-items-md-stretch align-items-stretch gutters-col-lg-2 gutters-col-md-2 gutters-col-0 gutters-col-v-lg-2 gutters-col-v-md-2 gutters-col-v-2\">\n          <!---->\n          <div class=\"h-column h-column-container d-flex h-col-lg-auto h-col-md-auto h-col-auto style-1065-outer style-local-1039-c12-outer\">\n            <div data-colibri-id=\"1039-c12\" class=\"d-flex h-flex-basis h-column__inner h-px-lg-2 h-px-md-2 h-px-2 v-inner-lg-2 v-inner-md-2 v-inner-2 style-1065 style-local-1039-c12 position-relative\">\n              <!---->\n              <!---->\n              <div class=\"w-100 h-y-container h-column__content h-column__v-align flex-basis-100 align-self-lg-start align-self-md-start align-self-start\">\n                <!---->\n                <div data-colibri-id=\"1039-c13\" class=\"h-x-container style-1067 style-local-1039-c13 position-relative h-element\">\n                  <!---->\n                  <div class=\"h-x-container-inner style-dynamic-1039-c13-group style-1067-spacing style-local-1039-c13-spacing\"><span class=\"h-button__outer style-1068-outer style-local-1039-c14-outer d-inline-flex h-element\"><a h-use-smooth-scroll=\"true\" href=\"https:\/\/wp.schwertzugvogel.org\/wordpress\/wp-content\/uploads\/2025\/04\/Klassenvorschrift-ab-2025-04-01.pdf\" target=\"_blank\"  data-colibri-id=\"1039-c14\" class=\"d-flex w-100 align-items-center h-button justify-content-lg-center justify-content-md-center justify-content-center style-1068 style-local-1039-c14 position-relative\"><!----><span  class=\"h-svg-icon h-button__icon style-1068-icon style-local-1039-c14-icon\"><!--Icon by Font Awesome (https:\/\/fontawesome.com)-->\n    <svg version=\"1.1\" xmlns=\"http:\/\/www.w3.org\/2000\/svg\" xmlns:xlink=\"http:\/\/www.w3.org\/1999\/xlink\" id=\"file-o\" viewBox=\"0 0 1611.2499 1896.0833\">\n      <path d=\"M1468 380q28 28 48 76t20 88v1152q0 40-28 68t-68 28H96q-40 0-68-28t-28-68V96q0-40 28-68T96 0h896q40 0 88 20t76 48zm-444-244v376h376q-10-29-22-41l-313-313q-12-12-41-22zm384 1528V640H992q-40 0-68-28t-28-68V128H128v1536h1280z\"><\/path>\n    <\/svg><\/span> <span>Klassenvorschriften<\/span><\/a>\n                    <\/span>\n                  <\/div>\n                <\/div>\n                <div data-colibri-id=\"1039-c23\" class=\"h-text h-text-component style-1768 style-local-1039-c23 position-relative h-element\">\n                  <!---->\n                  <!---->\n                  <div class=\"\">\n                    <p><span style=\"font-weight: 600;\">G\u00fcltig ab: 01.04.2025<\/span><\/p>\n                  <\/div>\n                <\/div>\n              <\/div>\n            <\/div>\n          <\/div>\n        <\/div>\n      <\/div>\n    <\/div>\n  <\/div>\n<\/div>","protected":false},"excerpt":{"rendered":"<p>Technische Daten Schwertzugvogel L\u00e4nge \u00fcber Alles&nbsp;&nbsp;&nbsp; Breite \u00fcber Alles Tiefgang Verdr\u00e4ngung Segelfl\u00e4che (Touren) Segelfl\u00e4che (Regatta) 5,80 m 1,88 m 0,25 m \/ 1,10 m min. 230 kg (segelfertig) 15 qm [&hellip;]<\/p>\n","protected":false},"author":1,"featured_media":0,"parent":0,"menu_order":0,"comment_status":"closed","ping_status":"closed","template":"page-templates\/full-width-page.php","meta":{"footnotes":""},"class_list":["post-1039","page","type-page","status-publish","hentry"],"_links":{"self":[{"href":"https:\/\/wp.schwertzugvogel.org\/wordpress\/index.php?rest_route=\/wp\/v2\/pages\/1039","targetHints":{"allow":["GET"]}}],"collection":[{"href":"https:\/\/wp.schwertzugvogel.org\/wordpress\/index.php?rest_route=\/wp\/v2\/pages"}],"about":[{"href":"https:\/\/wp.schwertzugvogel.org\/wordpress\/index.php?rest_route=\/wp\/v2\/types\/page"}],"author":[{"embeddable":true,"href":"https:\/\/wp.schwertzugvogel.org\/wordpress\/index.php?rest_route=\/wp\/v2\/users\/1"}],"replies":[{"embeddable":true,"href":"https:\/\/wp.schwertzugvogel.org\/wordpress\/index.php?rest_route=%2Fwp%2Fv2%2Fcomments&post=1039"}],"version-history":[{"count":14,"href":"https:\/\/wp.schwertzugvogel.org\/wordpress\/index.php?rest_route=\/wp\/v2\/pages\/1039\/revisions"}],"predecessor-version":[{"id":5787,"href":"https:\/\/wp.schwertzugvogel.org\/wordpress\/index.php?rest_route=\/wp\/v2\/pages\/1039\/revisions\/5787"}],"wp:attachment":[{"href":"https:\/\/wp.schwertzugvogel.org\/wordpress\/index.php?rest_route=%2Fwp%2Fv2%2Fmedia&parent=1039"}],"curies":[{"name":"wp","href":"https:\/\/api.w.org\/{rel}","templated":true}]}}